{"id":9178,"date":"2023-07-27T17:55:16","date_gmt":"2023-07-27T14:55:16","guid":{"rendered":"https:\/\/www.imapcrystal.com\/?page_id=9178"},"modified":"2023-09-05T16:15:33","modified_gmt":"2023-09-05T13:15:33","slug":"diger-muhafazalar","status":"publish","type":"page","link":"http:\/\/www.imapcrystal.com\/es\/otros-casos\/","title":{"rendered":"Otros recintos"},"content":{"rendered":"<div data-elementor-type=\"wp-page\" data-elementor-id=\"9178\" class=\"elementor elementor-9178\">\n\t\t\t\t<div class=\"elementor-element elementor-element-262c074 e-flex e-con-boxed e-con e-parent\" data-id=\"262c074\" data-element_type=\"container\" data-settings=\"{&quot;background_background&quot;:&quot;classic&quot;}\">\n\t\t\t\t\t<div class=\"e-con-inner\">\n\t\t<div class=\"elementor-element elementor-element-74170eb e-con-full e-flex e-con e-child\" data-id=\"74170eb\" data-element_type=\"container\" data-settings=\"{&quot;background_background&quot;:&quot;classic&quot;}\">\n\t\t\t\t<div class=\"elementor-element elementor-element-59f5421 elementor-widget elementor-widget-hub_fancy_heading\" data-id=\"59f5421\" data-element_type=\"widget\" data-widget_type=\"hub_fancy_heading.default\">\n\t\t\t\t<div class=\"elementor-widget-container\">\n\t\t\t\t\t\n\t\t<div id=\"ld-fancy-heading-69f87abfd41dc\" class=\"ld-fancy-heading pos-rel\">\n\t\t\t\t\t<\/div>\n\n\t\t\t\t\t\t<\/div>\n\t\t\t\t<\/div>\n\t\t\t\t<div class=\"elementor-element elementor-element-b73fe53 elementor-widget elementor-widget-ld_breadcrumb\" data-id=\"b73fe53\" data-element_type=\"widget\" data-widget_type=\"ld_breadcrumb.default\">\n\t\t\t\t<div class=\"elementor-widget-container\">\n\t\t\t\t\t<div class=\"lqd-breadcrumb-wrapper\"><nav role=\"navigation\" aria-label=\"Breadcrumbs\" class=\"breadcrumbs\"><ol class=\"breadcrumb reset-ul inline-nav inline-ul comma-sep-li\"><li class=\"breadcrumb-item active\"><a href=\"http:\/\/www.imapcrystal.com\/es\" rel=\"home\"><span>Home<\/span><\/a><\/li><\/ol><\/nav><\/div>\t\t\t\t<\/div>\n\t\t\t\t<\/div>\n\t\t\t\t<\/div>\n\t\t\t\t\t<\/div>\n\t\t\t\t<\/div>\n\t\t<div data-custom-animations=\"true\" data-ca-options=\"{&quot;addChildTimelines&quot;:false,&quot;animationTarget&quot;:&quot;:scope .e-con-inner &gt; .elementor-element:not(.lqd-exclude-parent-ca) &gt; .elementor-widget-container, :scope .e-con-inner &gt; .elementor-widget-hub_fancy_heading .lqd-split-lines .lqd-lines .split-inner, :scope .e-con-inner &gt; .elementor-widget-hub_fancy_heading .lqd-split-words .lqd-words .split-inner, :scope .e-con-inner &gt; .elementor-widget-hub_fancy_heading .lqd-split-chars .lqd-chars .split-inner, :scope .e-con-inner &gt; .elementor-widget-hub_fancy_heading .lqd-adv-txt-fig, :scope .e-con-inner &gt; .elementor-widget-ld_custom_menu .lqd-fancy-menu &gt; ul &gt; li, :scope .e-con:not([data-parallax]) .e-con-inner &gt; .elementor-element &gt; .elementor-widget-container, :scope .e-con:not([data-parallax]) .e-con-inner &gt; .elementor-widget-hub_fancy_heading .lqd-split-lines .lqd-lines .split-inner, :scope .e-con:not([data-parallax]) .e-con-inner &gt; .elementor-widget-hub_fancy_heading .lqd-split-words .lqd-words .split-inner, :scope .e-con:not([data-parallax]) .e-con-inner &gt; .elementor-widget-hub_fancy_heading .lqd-split-chars .lqd-chars .split-inner, :scope .e-con:not([data-parallax]) .e-con-inner &gt; .elementor-widget-ld_custom_menu .lqd-fancy-menu &gt; ul &gt; li&quot;,&quot;ease&quot;:[&quot;power4.out&quot;],&quot;initValues&quot;:{&quot;y&quot;:&quot;45px&quot;,&quot;scaleX&quot;:1.2,&quot;scaleY&quot;:1.2,&quot;opacity&quot;:0},&quot;animations&quot;:{&quot;y&quot;:&quot;0px&quot;,&quot;scaleX&quot;:1,&quot;scaleY&quot;:1,&quot;opacity&quot;:1}}\" class=\"elementor-element elementor-element-c635fef e-flex e-con-boxed e-con e-parent\" data-id=\"c635fef\" data-element_type=\"container\" data-settings=\"{&quot;background_background&quot;:&quot;classic&quot;}\">\n\t\t\t\t\t<div class=\"e-con-inner\">\n\t\t<div class=\"elementor-element elementor-element-93faf93 e-con-full e-flex e-con e-child\" data-id=\"93faf93\" data-element_type=\"container\">\n\t\t<div class=\"elementor-element elementor-element-cc1c8f3 e-flex e-con-boxed e-con e-child\" data-id=\"cc1c8f3\" data-element_type=\"container\">\n\t\t\t\t\t<div class=\"e-con-inner\">\n\t\t<div class=\"elementor-element elementor-element-097f80a e-flex e-con-boxed e-con e-child\" data-id=\"097f80a\" data-element_type=\"container\">\n\t\t\t\t\t<div class=\"e-con-inner\">\n\t\t\t\t<div class=\"elementor-element elementor-element-5b65ad3 elementor-widget elementor-widget-hub_fancy_heading\" data-id=\"5b65ad3\" data-element_type=\"widget\" data-widget_type=\"hub_fancy_heading.default\">\n\t\t\t\t<div class=\"elementor-widget-container\">\n\t\t\t\t\t\n\t\t<div id=\"ld-fancy-heading-69f87abfd6cb3\" class=\"ld-fancy-heading pos-rel\">\n\t\t\t<p class=\"ld-fh-element d-inline-block pos-rel  lqd-highlight-classic lqd-highlight-grow-left p\"  > - Imap Cristal<\/p>\t\t<\/div>\n\n\t\t\t\t\t\t<\/div>\n\t\t\t\t<\/div>\n\t\t\t\t<div class=\"elementor-element elementor-element-2392cae elementor-widget elementor-widget-hub_fancy_heading\" data-id=\"2392cae\" data-element_type=\"widget\" data-widget_type=\"hub_fancy_heading.default\">\n\t\t\t\t<div class=\"elementor-widget-container\">\n\t\t\t\t\t\n\t\t<div id=\"ld-fancy-heading-69f87abfd7555\" class=\"ld-fancy-heading pos-rel\">\n\t\t\t<h3 class=\"ld-fh-element d-inline-block pos-rel  elementor-heading-title ld-gradient-heading lqd-highlight-classic lqd-highlight-grow-left h3\"  > Otros recintos\n<\/h3>\t\t<\/div>\n\n\t\t\t\t\t\t<\/div>\n\t\t\t\t<\/div>\n\t\t\t\t<div class=\"elementor-element elementor-element-b601a79 elementor-widget elementor-widget-text-editor\" data-id=\"b601a79\" data-element_type=\"widget\" data-widget_type=\"text-editor.default\">\n\t\t\t\t<div class=\"elementor-widget-container\">\n\t\t\t\t\t\t\t\t\t<p>Almacenamiento de fresas durante 2 semanas en la bolsa de IMAP Crystal<\/p><p>2 Semanas de Conservaci\u00f3n de Berenjena en Bolsa de IMAP Crystal<\/p><p>2 semanas de almacenamiento de tomates en la bolsa de IMAP Crystal<\/p><p>Conservaci\u00f3n del eneldo durante 3 semanas en una bolsa de IMAP Crystal<\/p>\t\t\t\t\t\t\t\t<\/div>\n\t\t\t\t<\/div>\n\t\t\t\t\t<\/div>\n\t\t\t\t<\/div>\n\t\t<div class=\"lqd-css-sticky elementor-element elementor-element-50e4078 e-flex e-con-boxed e-con e-child\" style=\"top: auto; top: 120px;\" data-id=\"50e4078\" data-element_type=\"container\">\n\t\t\t\t\t<div class=\"e-con-inner\">\n\t\t\t\t<div class=\"elementor-element elementor-element-0c1e13d elementor-widget__width-initial elementor-widget elementor-widget-ld_fancy_image\" data-id=\"0c1e13d\" data-element_type=\"widget\" data-widget_type=\"ld_fancy_image.default\">\n\t\t\t\t<div class=\"elementor-widget-container\">\n\t\t\t\t\t\n\t\t<div class=\"lqd-imggrp-single d-block pos-rel perspective\" data-hover3d=\"true\">\n\t\t\t<div class=\"lqd-imggrp-img-container d-inline-flex pos-rel align-items-center justify-content-center transform-style-3d\">\n\t\t\t\t\t\t\t\t<figure class=\"w-100 pos-rel\" data-stacking-factor=\"1\">\n\t\t\t\t\t<img fetchpriority=\"high\" decoding=\"async\" width=\"1024\" height=\"1024\" src=\"http:\/\/www.imapcrystal.com\/wp-content\/uploads\/2023\/07\/eqbco65q02okswg0cg-1-1024x1024-1.png\" class=\"attachment-full size-full wp-image-8872\" alt=\"\" srcset=\"http:\/\/www.imapcrystal.com\/wp-content\/uploads\/2023\/07\/eqbco65q02okswg0cg-1-1024x1024-1.png 1024w, http:\/\/www.imapcrystal.com\/wp-content\/uploads\/2023\/07\/eqbco65q02okswg0cg-1-1024x1024-1-300x300.png 300w, http:\/\/www.imapcrystal.com\/wp-content\/uploads\/2023\/07\/eqbco65q02okswg0cg-1-1024x1024-1-150x150.png 150w, http:\/\/www.imapcrystal.com\/wp-content\/uploads\/2023\/07\/eqbco65q02okswg0cg-1-1024x1024-1-320x320.png 320w, http:\/\/www.imapcrystal.com\/wp-content\/uploads\/2023\/07\/eqbco65q02okswg0cg-1-1024x1024-1-760x760.png 760w, http:\/\/www.imapcrystal.com\/wp-content\/uploads\/2023\/07\/eqbco65q02okswg0cg-1-1024x1024-1-12x12.png 12w\" sizes=\"(max-width: 1024px) 100vw, 1024px\" itemprop=\"image\" \/>\t\t\t\t\t\t\t\t\t\t\t\t\t\t\t\t\t\t\t\t\t\t\t\t\t\t\t\t\t<\/figure>\n\t\t\t<\/div>\n\t\t<\/div>\n\n\t\t\t\t\t<\/div>\n\t\t\t\t<\/div>\n\t\t\t\t\t<\/div>\n\t\t\t\t<\/div>\n\t\t\t\t\t<\/div>\n\t\t\t\t<\/div>\n\t\t\t\t<\/div>\n\t\t\t\t\t<\/div>\n\t\t\t\t<\/div>\n\t\t\t\t<\/div>","protected":false},"excerpt":{"rendered":"<p>Anasayfa &#8211; Imap Crystal Di\u011fer Muhafazalar IMAP Crystal\u00a0Torba\u2019da 2 Hafta \u00c7ilek Muhafaza IMAP Crystal Torba\u2019da 2 Hafta Patl\u0131can Muhafaza IMAP Crystal\u00a0Torba\u2019da 2 Hafta Domates Muhafaza IMAP Crystal Torba\u2019da 3 Hafta Dere Otu Muhafaza<\/p>","protected":false},"author":1,"featured_media":0,"parent":0,"menu_order":0,"comment_status":"closed","ping_status":"closed","template":"","meta":{"footnotes":""},"class_list":["post-9178","page","type-page","status-publish","hentry"],"yoast_head":"<!-- This site is optimized with the Yoast SEO plugin v24.5 - https:\/\/yoast.com\/wordpress\/plugins\/seo\/ -->\n<title>Di\u011fer Muhafazalar - IMAP Crystal<\/title>\n<meta name=\"robots\" content=\"index, follow, max-snippet:-1, max-image-preview:large, max-video-preview:-1\" \/>\n<link rel=\"canonical\" href=\"http:\/\/www.imapcrystal.com\/es\/other-cases\/\" \/>\n<meta property=\"og:locale\" content=\"es_MX\" \/>\n<meta property=\"og:type\" content=\"article\" \/>\n<meta property=\"og:title\" content=\"Di\u011fer Muhafazalar - IMAP Crystal\" \/>\n<meta property=\"og:description\" content=\"Anasayfa &#8211; Imap Crystal Di\u011fer Muhafazalar IMAP Crystal\u00a0Torba\u2019da 2 Hafta \u00c7ilek Muhafaza IMAP Crystal Torba\u2019da 2 Hafta Patl\u0131can Muhafaza IMAP Crystal\u00a0Torba\u2019da 2 Hafta Domates Muhafaza IMAP Crystal Torba\u2019da 3 Hafta Dere Otu Muhafaza\" \/>\n<meta property=\"og:url\" content=\"http:\/\/www.imapcrystal.com\/es\/other-cases\/\" \/>\n<meta property=\"og:site_name\" content=\"IMAP Crystal\" \/>\n<meta property=\"article:modified_time\" content=\"2023-09-05T13:15:33+00:00\" \/>\n<meta property=\"og:image\" content=\"http:\/\/www.imapcrystal.com\/wp-content\/uploads\/2023\/07\/eqbco65q02okswg0cg-1-1024x1024-1.png\" \/>\n<meta name=\"twitter:card\" content=\"summary_large_image\" \/>\n<meta name=\"twitter:label1\" content=\"Tiempo de lectura\" \/>\n\t<meta name=\"twitter:data1\" content=\"1 minuto\" \/>\n<script type=\"application\/ld+json\" class=\"yoast-schema-graph\">{\"@context\":\"https:\/\/schema.org\",\"@graph\":[{\"@type\":\"WebPage\",\"@id\":\"http:\/\/www.imapcrystal.com\/en\/other-cases\/\",\"url\":\"http:\/\/www.imapcrystal.com\/en\/other-cases\/\",\"name\":\"Di\u011fer Muhafazalar - IMAP Crystal\",\"isPartOf\":{\"@id\":\"https:\/\/www.imapcrystal.com\/en\/#website\"},\"primaryImageOfPage\":{\"@id\":\"http:\/\/www.imapcrystal.com\/en\/other-cases\/#primaryimage\"},\"image\":{\"@id\":\"http:\/\/www.imapcrystal.com\/en\/other-cases\/#primaryimage\"},\"thumbnailUrl\":\"http:\/\/www.imapcrystal.com\/wp-content\/uploads\/2023\/07\/eqbco65q02okswg0cg-1-1024x1024-1.png\",\"datePublished\":\"2023-07-27T14:55:16+00:00\",\"dateModified\":\"2023-09-05T13:15:33+00:00\",\"breadcrumb\":{\"@id\":\"http:\/\/www.imapcrystal.com\/en\/other-cases\/#breadcrumb\"},\"inLanguage\":\"es\",\"potentialAction\":[{\"@type\":\"ReadAction\",\"target\":[\"http:\/\/www.imapcrystal.com\/en\/other-cases\/\"]}]},{\"@type\":\"ImageObject\",\"inLanguage\":\"es\",\"@id\":\"http:\/\/www.imapcrystal.com\/en\/other-cases\/#primaryimage\",\"url\":\"http:\/\/www.imapcrystal.com\/wp-content\/uploads\/2023\/07\/eqbco65q02okswg0cg-1-1024x1024-1.png\",\"contentUrl\":\"http:\/\/www.imapcrystal.com\/wp-content\/uploads\/2023\/07\/eqbco65q02okswg0cg-1-1024x1024-1.png\"},{\"@type\":\"BreadcrumbList\",\"@id\":\"http:\/\/www.imapcrystal.com\/en\/other-cases\/#breadcrumb\",\"itemListElement\":[{\"@type\":\"ListItem\",\"position\":1,\"name\":\"Anasayfa\",\"item\":\"https:\/\/www.imapcrystal.com\/en\/\"},{\"@type\":\"ListItem\",\"position\":2,\"name\":\"Di\u011fer Muhafazalar\"}]},{\"@type\":\"WebSite\",\"@id\":\"https:\/\/www.imapcrystal.com\/en\/#website\",\"url\":\"https:\/\/www.imapcrystal.com\/en\/\",\"name\":\"IMAP Crystal\",\"description\":\"D\u00fcnyan\u0131n En \u015eeffaf ve Parlak Modifiye Atmosfer Paketi (MAP)\",\"publisher\":{\"@id\":\"https:\/\/www.imapcrystal.com\/en\/#organization\"},\"alternateName\":\"Modifiye Atmosfer Torba\",\"potentialAction\":[{\"@type\":\"SearchAction\",\"target\":{\"@type\":\"EntryPoint\",\"urlTemplate\":\"https:\/\/www.imapcrystal.com\/en\/?s={search_term_string}\"},\"query-input\":{\"@type\":\"PropertyValueSpecification\",\"valueRequired\":true,\"valueName\":\"search_term_string\"}}],\"inLanguage\":\"es\"},{\"@type\":\"Organization\",\"@id\":\"https:\/\/www.imapcrystal.com\/en\/#organization\",\"name\":\"IMAP Crystal\",\"url\":\"https:\/\/www.imapcrystal.com\/en\/\",\"logo\":{\"@type\":\"ImageObject\",\"inLanguage\":\"es\",\"@id\":\"https:\/\/www.imapcrystal.com\/en\/#\/schema\/logo\/image\/\",\"url\":\"https:\/\/www.imapcrystal.com\/wp-content\/uploads\/2023\/08\/logo.svg\",\"contentUrl\":\"https:\/\/www.imapcrystal.com\/wp-content\/uploads\/2023\/08\/logo.svg\",\"width\":235,\"height\":68,\"caption\":\"IMAP Crystal\"},\"image\":{\"@id\":\"https:\/\/www.imapcrystal.com\/en\/#\/schema\/logo\/image\/\"},\"sameAs\":[\"https:\/\/www.instagram.com\/imapcrystal\"]}]}<\/script>\n<!-- \/ Yoast SEO plugin. -->","yoast_head_json":{"title":"Di\u011fer Muhafazalar - IMAP Crystal","robots":{"index":"index","follow":"follow","max-snippet":"max-snippet:-1","max-image-preview":"max-image-preview:large","max-video-preview":"max-video-preview:-1"},"canonical":"http:\/\/www.imapcrystal.com\/es\/other-cases\/","og_locale":"es_MX","og_type":"article","og_title":"Di\u011fer Muhafazalar - IMAP Crystal","og_description":"Anasayfa &#8211; Imap Crystal Di\u011fer Muhafazalar IMAP Crystal\u00a0Torba\u2019da 2 Hafta \u00c7ilek Muhafaza IMAP Crystal Torba\u2019da 2 Hafta Patl\u0131can Muhafaza IMAP Crystal\u00a0Torba\u2019da 2 Hafta Domates Muhafaza IMAP Crystal Torba\u2019da 3 Hafta Dere Otu Muhafaza","og_url":"http:\/\/www.imapcrystal.com\/es\/other-cases\/","og_site_name":"IMAP Crystal","article_modified_time":"2023-09-05T13:15:33+00:00","og_image":[{"url":"http:\/\/www.imapcrystal.com\/wp-content\/uploads\/2023\/07\/eqbco65q02okswg0cg-1-1024x1024-1.png","type":"","width":"","height":""}],"twitter_card":"summary_large_image","twitter_misc":{"Tiempo de lectura":"1 minuto"},"schema":{"@context":"https:\/\/schema.org","@graph":[{"@type":"WebPage","@id":"http:\/\/www.imapcrystal.com\/en\/other-cases\/","url":"http:\/\/www.imapcrystal.com\/en\/other-cases\/","name":"Di\u011fer Muhafazalar - IMAP Crystal","isPartOf":{"@id":"https:\/\/www.imapcrystal.com\/en\/#website"},"primaryImageOfPage":{"@id":"http:\/\/www.imapcrystal.com\/en\/other-cases\/#primaryimage"},"image":{"@id":"http:\/\/www.imapcrystal.com\/en\/other-cases\/#primaryimage"},"thumbnailUrl":"http:\/\/www.imapcrystal.com\/wp-content\/uploads\/2023\/07\/eqbco65q02okswg0cg-1-1024x1024-1.png","datePublished":"2023-07-27T14:55:16+00:00","dateModified":"2023-09-05T13:15:33+00:00","breadcrumb":{"@id":"http:\/\/www.imapcrystal.com\/en\/other-cases\/#breadcrumb"},"inLanguage":"es","potentialAction":[{"@type":"ReadAction","target":["http:\/\/www.imapcrystal.com\/en\/other-cases\/"]}]},{"@type":"ImageObject","inLanguage":"es","@id":"http:\/\/www.imapcrystal.com\/en\/other-cases\/#primaryimage","url":"http:\/\/www.imapcrystal.com\/wp-content\/uploads\/2023\/07\/eqbco65q02okswg0cg-1-1024x1024-1.png","contentUrl":"http:\/\/www.imapcrystal.com\/wp-content\/uploads\/2023\/07\/eqbco65q02okswg0cg-1-1024x1024-1.png"},{"@type":"BreadcrumbList","@id":"http:\/\/www.imapcrystal.com\/en\/other-cases\/#breadcrumb","itemListElement":[{"@type":"ListItem","position":1,"name":"Anasayfa","item":"https:\/\/www.imapcrystal.com\/en\/"},{"@type":"ListItem","position":2,"name":"Di\u011fer Muhafazalar"}]},{"@type":"WebSite","@id":"https:\/\/www.imapcrystal.com\/en\/#website","url":"https:\/\/www.imapcrystal.com\/en\/","name":"IMAP Crystal","description":"D\u00fcnyan\u0131n En \u015eeffaf ve Parlak Modifiye Atmosfer Paketi (MAP)","publisher":{"@id":"https:\/\/www.imapcrystal.com\/en\/#organization"},"alternateName":"Modifiye Atmosfer Torba","potentialAction":[{"@type":"SearchAction","target":{"@type":"EntryPoint","urlTemplate":"https:\/\/www.imapcrystal.com\/en\/?s={search_term_string}"},"query-input":{"@type":"PropertyValueSpecification","valueRequired":true,"valueName":"search_term_string"}}],"inLanguage":"es"},{"@type":"Organization","@id":"https:\/\/www.imapcrystal.com\/en\/#organization","name":"IMAP Crystal","url":"https:\/\/www.imapcrystal.com\/en\/","logo":{"@type":"ImageObject","inLanguage":"es","@id":"https:\/\/www.imapcrystal.com\/en\/#\/schema\/logo\/image\/","url":"https:\/\/www.imapcrystal.com\/wp-content\/uploads\/2023\/08\/logo.svg","contentUrl":"https:\/\/www.imapcrystal.com\/wp-content\/uploads\/2023\/08\/logo.svg","width":235,"height":68,"caption":"IMAP Crystal"},"image":{"@id":"https:\/\/www.imapcrystal.com\/en\/#\/schema\/logo\/image\/"},"sameAs":["https:\/\/www.instagram.com\/imapcrystal"]}]}},"_links":{"self":[{"href":"http:\/\/www.imapcrystal.com\/es\/wp-json\/wp\/v2\/pages\/9178","targetHints":{"allow":["GET"]}}],"collection":[{"href":"http:\/\/www.imapcrystal.com\/es\/wp-json\/wp\/v2\/pages"}],"about":[{"href":"http:\/\/www.imapcrystal.com\/es\/wp-json\/wp\/v2\/types\/page"}],"author":[{"embeddable":true,"href":"http:\/\/www.imapcrystal.com\/es\/wp-json\/wp\/v2\/users\/1"}],"replies":[{"embeddable":true,"href":"http:\/\/www.imapcrystal.com\/es\/wp-json\/wp\/v2\/comments?post=9178"}],"version-history":[{"count":3,"href":"http:\/\/www.imapcrystal.com\/es\/wp-json\/wp\/v2\/pages\/9178\/revisions"}],"predecessor-version":[{"id":9398,"href":"http:\/\/www.imapcrystal.com\/es\/wp-json\/wp\/v2\/pages\/9178\/revisions\/9398"}],"wp:attachment":[{"href":"http:\/\/www.imapcrystal.com\/es\/wp-json\/wp\/v2\/media?parent=9178"}],"curies":[{"name":"wp","href":"https:\/\/api.w.org\/{rel}","templated":true}]}}