{"id":9173,"date":"2023-07-27T17:52:44","date_gmt":"2023-07-27T14:52:44","guid":{"rendered":"https:\/\/www.imapcrystal.com\/?page_id=9173"},"modified":"2023-07-27T17:54:49","modified_gmt":"2023-07-27T14:54:49","slug":"kiraz-muhafazasi","status":"publish","type":"page","link":"http:\/\/www.imapcrystal.com\/es\/conservacion-de-cerezas\/","title":{"rendered":"Conservaci\u00f3n de la cereza"},"content":{"rendered":"<div data-elementor-type=\"wp-page\" data-elementor-id=\"9173\" class=\"elementor elementor-9173\">\n\t\t\t\t<div class=\"elementor-element elementor-element-262c074 e-flex e-con-boxed e-con e-parent\" data-id=\"262c074\" data-element_type=\"container\" data-settings=\"{&quot;background_background&quot;:&quot;classic&quot;}\">\n\t\t\t\t\t<div class=\"e-con-inner\">\n\t\t<div class=\"elementor-element elementor-element-74170eb e-con-full e-flex e-con e-child\" data-id=\"74170eb\" data-element_type=\"container\" data-settings=\"{&quot;background_background&quot;:&quot;classic&quot;}\">\n\t\t\t\t<div class=\"elementor-element elementor-element-59f5421 elementor-widget elementor-widget-hub_fancy_heading\" data-id=\"59f5421\" data-element_type=\"widget\" data-widget_type=\"hub_fancy_heading.default\">\n\t\t\t\t<div class=\"elementor-widget-container\">\n\t\t\t\t\t\n\t\t<div id=\"ld-fancy-heading-69f391540dc3c\" class=\"ld-fancy-heading pos-rel\">\n\t\t\t\t\t<\/div>\n\n\t\t\t\t\t\t<\/div>\n\t\t\t\t<\/div>\n\t\t\t\t<div class=\"elementor-element elementor-element-b73fe53 elementor-widget elementor-widget-ld_breadcrumb\" data-id=\"b73fe53\" data-element_type=\"widget\" data-widget_type=\"ld_breadcrumb.default\">\n\t\t\t\t<div class=\"elementor-widget-container\">\n\t\t\t\t\t<div class=\"lqd-breadcrumb-wrapper\"><nav role=\"navigation\" aria-label=\"Breadcrumbs\" class=\"breadcrumbs\"><ol class=\"breadcrumb reset-ul inline-nav inline-ul comma-sep-li\"><li class=\"breadcrumb-item active\"><a href=\"http:\/\/www.imapcrystal.com\/es\" rel=\"home\"><span>Home<\/span><\/a><\/li><\/ol><\/nav><\/div>\t\t\t\t<\/div>\n\t\t\t\t<\/div>\n\t\t\t\t<\/div>\n\t\t\t\t\t<\/div>\n\t\t\t\t<\/div>\n\t\t<div data-custom-animations=\"true\" data-ca-options=\"{&quot;addChildTimelines&quot;:false,&quot;animationTarget&quot;:&quot;:scope .e-con-inner &gt; .elementor-element:not(.lqd-exclude-parent-ca) &gt; .elementor-widget-container, :scope .e-con-inner &gt; .elementor-widget-hub_fancy_heading .lqd-split-lines .lqd-lines .split-inner, :scope .e-con-inner &gt; .elementor-widget-hub_fancy_heading .lqd-split-words .lqd-words .split-inner, :scope .e-con-inner &gt; .elementor-widget-hub_fancy_heading .lqd-split-chars .lqd-chars .split-inner, :scope .e-con-inner &gt; .elementor-widget-hub_fancy_heading .lqd-adv-txt-fig, :scope .e-con-inner &gt; .elementor-widget-ld_custom_menu .lqd-fancy-menu &gt; ul &gt; li, :scope .e-con:not([data-parallax]) .e-con-inner &gt; .elementor-element &gt; .elementor-widget-container, :scope .e-con:not([data-parallax]) .e-con-inner &gt; .elementor-widget-hub_fancy_heading .lqd-split-lines .lqd-lines .split-inner, :scope .e-con:not([data-parallax]) .e-con-inner &gt; .elementor-widget-hub_fancy_heading .lqd-split-words .lqd-words .split-inner, :scope .e-con:not([data-parallax]) .e-con-inner &gt; .elementor-widget-hub_fancy_heading .lqd-split-chars .lqd-chars .split-inner, :scope .e-con:not([data-parallax]) .e-con-inner &gt; .elementor-widget-ld_custom_menu .lqd-fancy-menu &gt; ul &gt; li&quot;,&quot;ease&quot;:[&quot;power4.out&quot;],&quot;initValues&quot;:{&quot;y&quot;:&quot;45px&quot;,&quot;scaleX&quot;:1.2,&quot;scaleY&quot;:1.2,&quot;opacity&quot;:0},&quot;animations&quot;:{&quot;y&quot;:&quot;0px&quot;,&quot;scaleX&quot;:1,&quot;scaleY&quot;:1,&quot;opacity&quot;:1}}\" class=\"elementor-element elementor-element-c635fef e-flex e-con-boxed e-con e-parent\" data-id=\"c635fef\" data-element_type=\"container\" data-settings=\"{&quot;background_background&quot;:&quot;classic&quot;}\">\n\t\t\t\t\t<div class=\"e-con-inner\">\n\t\t<div class=\"elementor-element elementor-element-93faf93 e-con-full e-flex e-con e-child\" data-id=\"93faf93\" data-element_type=\"container\">\n\t\t<div class=\"elementor-element elementor-element-cc1c8f3 e-flex e-con-boxed e-con e-child\" data-id=\"cc1c8f3\" data-element_type=\"container\">\n\t\t\t\t\t<div class=\"e-con-inner\">\n\t\t<div class=\"elementor-element elementor-element-097f80a e-flex e-con-boxed e-con e-child\" data-id=\"097f80a\" data-element_type=\"container\">\n\t\t\t\t\t<div class=\"e-con-inner\">\n\t\t\t\t<div class=\"elementor-element elementor-element-5b65ad3 elementor-widget elementor-widget-hub_fancy_heading\" data-id=\"5b65ad3\" data-element_type=\"widget\" data-widget_type=\"hub_fancy_heading.default\">\n\t\t\t\t<div class=\"elementor-widget-container\">\n\t\t\t\t\t\n\t\t<div id=\"ld-fancy-heading-69f39154108aa\" class=\"ld-fancy-heading pos-rel\">\n\t\t\t<p class=\"ld-fh-element d-inline-block pos-rel  lqd-highlight-classic lqd-highlight-grow-left p\"  > - Imap Cristal<\/p>\t\t<\/div>\n\n\t\t\t\t\t\t<\/div>\n\t\t\t\t<\/div>\n\t\t\t\t<div class=\"elementor-element elementor-element-2392cae elementor-widget elementor-widget-hub_fancy_heading\" data-id=\"2392cae\" data-element_type=\"widget\" data-widget_type=\"hub_fancy_heading.default\">\n\t\t\t\t<div class=\"elementor-widget-container\">\n\t\t\t\t\t\n\t\t<div id=\"ld-fancy-heading-69f3915411203\" class=\"ld-fancy-heading pos-rel\">\n\t\t\t<h3 class=\"ld-fh-element d-inline-block pos-rel  elementor-heading-title ld-gradient-heading lqd-highlight-classic lqd-highlight-grow-left h3\"  > Conservaci\u00f3n de la cereza\n<\/h3>\t\t<\/div>\n\n\t\t\t\t\t\t<\/div>\n\t\t\t\t<\/div>\n\t\t\t\t<div class=\"elementor-element elementor-element-b601a79 elementor-widget elementor-widget-text-editor\" data-id=\"b601a79\" data-element_type=\"widget\" data-widget_type=\"text-editor.default\">\n\t\t\t\t<div class=\"elementor-widget-container\">\n\t\t\t\t\t\t\t\t\t<h5 class=\"wp-block-heading\">IMAP Crystal<sup>\u00ae<\/sup>\u00a0Ventajas de los envases atmosf\u00e9ricos para la conservaci\u00f3n de cerezas<\/h5><ul><li>IMAP Crystal<sup>\u00ae<\/sup>\u00a0Los envases atmosf\u00e9ricos crean los valores \u00f3ptimos de di\u00f3xido de carbono y ox\u00edgeno para las cerezas, reduciendo la tasa de respiraci\u00f3n de la fruta y ralentizando el proceso de maduraci\u00f3n.<\/li><li>IMAP Crystal<sup>\u00ae<\/sup>\u00a0atmosfer paketleri %90-95 d\u00fczeyinde bir oransal nem de\u011feri yaratarak a\u011f\u0131rl\u0131k kayb\u0131n\u0131 ve meyvenin b\u00fcz\u00fc\u015fmesini engeller.<\/li><li>IMAP Crystal<sup>\u00ae<\/sup>\u00a0Los envases atmosf\u00e9ricos garantizan que el tallo permanezca verde y la fruta conserve su firmeza, cumpliendo as\u00ed los dos criterios m\u00e1s importantes exigidos por los mercados internacionales.<\/li><li>IMAP Crystal<sup>\u00ae<\/sup>\u00a0Los envases atmosf\u00e9ricos evitan la podredumbre causada por los importantes pat\u00f3genos poscosecha botrytiscinerea (moho gris) y monilina fructicola (podredumbre parda).<\/li><li>IMAP Crystal<sup>\u00ae<\/sup>\u00a0Los envases atmosf\u00e9ricos evitan el trastorno fisiol\u00f3gico llamado picadura, que se observa especialmente al final del almacenamiento a largo plazo.<\/li><li>IMAP Crystal<sup>\u00ae<\/sup>\u00a0Los envases atmosf\u00e9ricos conservan el color natural del producto.<\/li><\/ul>\t\t\t\t\t\t\t\t<\/div>\n\t\t\t\t<\/div>\n\t\t\t\t\t<\/div>\n\t\t\t\t<\/div>\n\t\t<div class=\"lqd-css-sticky elementor-element elementor-element-50e4078 e-flex e-con-boxed e-con e-child\" style=\"top: auto; top: 120px;\" data-id=\"50e4078\" data-element_type=\"container\">\n\t\t\t\t\t<div class=\"e-con-inner\">\n\t\t\t\t<div class=\"elementor-element elementor-element-0c1e13d elementor-widget__width-initial elementor-widget elementor-widget-ld_fancy_image\" data-id=\"0c1e13d\" data-element_type=\"widget\" data-widget_type=\"ld_fancy_image.default\">\n\t\t\t\t<div class=\"elementor-widget-container\">\n\t\t\t\t\t\n\t\t<div class=\"lqd-imggrp-single d-block pos-rel perspective\" data-hover3d=\"true\">\n\t\t\t<div class=\"lqd-imggrp-img-container d-inline-flex pos-rel align-items-center justify-content-center transform-style-3d\">\n\t\t\t\t\t\t\t\t<figure class=\"w-100 pos-rel\" data-stacking-factor=\"1\">\n\t\t\t\t\t<img fetchpriority=\"high\" decoding=\"async\" width=\"1024\" height=\"1024\" src=\"http:\/\/www.imapcrystal.com\/wp-content\/uploads\/2023\/07\/64qm92wq6skk0ggkks-1-1024x1024-1.png\" class=\"attachment-full size-full wp-image-8876\" alt=\"\" srcset=\"http:\/\/www.imapcrystal.com\/wp-content\/uploads\/2023\/07\/64qm92wq6skk0ggkks-1-1024x1024-1.png 1024w, http:\/\/www.imapcrystal.com\/wp-content\/uploads\/2023\/07\/64qm92wq6skk0ggkks-1-1024x1024-1-300x300.png 300w, http:\/\/www.imapcrystal.com\/wp-content\/uploads\/2023\/07\/64qm92wq6skk0ggkks-1-1024x1024-1-150x150.png 150w, http:\/\/www.imapcrystal.com\/wp-content\/uploads\/2023\/07\/64qm92wq6skk0ggkks-1-1024x1024-1-320x320.png 320w, http:\/\/www.imapcrystal.com\/wp-content\/uploads\/2023\/07\/64qm92wq6skk0ggkks-1-1024x1024-1-760x760.png 760w, http:\/\/www.imapcrystal.com\/wp-content\/uploads\/2023\/07\/64qm92wq6skk0ggkks-1-1024x1024-1-12x12.png 12w\" sizes=\"(max-width: 1024px) 100vw, 1024px\" itemprop=\"image\" \/>\t\t\t\t\t\t\t\t\t\t\t\t\t\t\t\t\t\t\t\t\t\t\t\t\t\t\t\t\t<\/figure>\n\t\t\t<\/div>\n\t\t<\/div>\n\n\t\t\t\t\t<\/div>\n\t\t\t\t<\/div>\n\t\t\t\t\t<\/div>\n\t\t\t\t<\/div>\n\t\t\t\t\t<\/div>\n\t\t\t\t<\/div>\n\t\t<div class=\"elementor-element elementor-element-a02c699 e-flex e-con-boxed e-con e-child\" data-id=\"a02c699\" data-element_type=\"container\">\n\t\t\t\t\t<div class=\"e-con-inner\">\n\t\t<div class=\"elementor-element elementor-element-f92584d e-flex e-con-boxed e-con e-child\" data-id=\"f92584d\" data-element_type=\"container\">\n\t\t\t\t\t<div class=\"e-con-inner\">\n\t\t\t\t<div class=\"elementor-element elementor-element-c0b9d7c elementor-widget elementor-widget-text-editor\" data-id=\"c0b9d7c\" data-element_type=\"widget\" data-widget_type=\"text-editor.default\">\n\t\t\t\t<div class=\"elementor-widget-container\">\n\t\t\t\t\t\t\t\t\t<h5 class=\"wp-block-heading\">IMAP Crystal<sup>\u00ae<\/sup>\u00a0Ventajas sobre la competencia<\/h5><ul><li>IMAP Crystal<sup>\u00ae<\/sup>\u00a0Los envases atmosf\u00e9ricos se fabrican con las \u00faltimas tecnolog\u00edas del mundo del pl\u00e1stico.<\/li><li>IMAP Crystal<sup>\u00ae<\/sup>\u00a0Los envases atmosf\u00e9ricos contienen un alto nivel de humedad. Sin embargo, el contenido de humedad nunca supera un determinado nivel y no crea una atm\u00f3sfera saturada de humedad. En las bolsas de la competencia, sobre todo en las primeras semanas de almacenamiento, se produce la llamada \"transpiraci\u00f3n\" de las bolsas, que indica que la atm\u00f3sfera est\u00e1 saturada de humedad. Esta transpiraci\u00f3n puede causar muchos problemas, especialmente podredumbre, sobre todo en productos cosechados despu\u00e9s de la lluvia o sensibles por otras razones.<\/li><li>IMAP Crystal<sup>\u00ae<\/sup>\u00a0Los envases atmosf\u00e9ricos est\u00e1n hechos de una pel\u00edcula selectivamente permeable. Toda la superficie es transpirable gracias a microporos (invisibles) distribuidos uniformemente por la superficie de la pel\u00edcula. Las bolsas de la competencia utilizan macroperforaciones (visibles) para garantizar el equilibrio correcto de di\u00f3xido de carbono y ox\u00edgeno. Estas macroperforaciones son visibles a simple vista y, si se cierran por cualquier fruto, se produce un gran riesgo. Este problema es muy com\u00fan en las bolsas de la competencia y las condiciones anaer\u00f3bicas (sin ox\u00edgeno) pueden provocar el deterioro del producto.<\/li><li>IMAP Crystal<sup>\u00ae<\/sup>\u00a0Los envases atmosf\u00e9ricos mantienen el tallo de la fruta tan fresco y verde como el primer d\u00eda. Las bolsas de la competencia pueden provocar la desecaci\u00f3n del tallo debido a una permeabilidad incorrecta a la humedad.<\/li><li>IMAP Crystal<sup>\u00ae<\/sup>\u00a0Los envases atmosf\u00e9ricos se fabrican para tolerar las fluctuaciones de temperatura que puedan producirse en la cadena de fr\u00edo y proteger el producto de posibles da\u00f1os. Esta caracter\u00edstica la proporciona la posibilidad de cambiar el di\u00e1metro de los microporos distribuidos en la superficie de la l\u00e1mina. Las fluctuaciones de temperatura no son deseadas por ning\u00fan exportador y deben evitarse. Sin embargo, es un problema que se da con frecuencia, sobre todo durante la temporada r\u00e1pida. Las bolsas de la competencia no toleran estas fluctuaciones de temperatura y pueden provocar p\u00e9rdidas de producto.<\/li><\/ul><p>Macroagujeros en la bolsa del competidor Sudoraci\u00f3n excesiva en la bolsa del competidor IMAP Control eficaz de la humedad<\/p><h5 class=\"wp-block-heading\"><br \/>IMAP Crystal<sup>\u00ae<\/sup>\u00a0Procedimientos a tener en cuenta para obtener el mejor rendimiento de los paquetes Atmosphere<\/h5><ul><li>Las cerezas deben recolectarse a primera hora del d\u00eda. La recolecci\u00f3n debe hacerse con sumo cuidado y no debe da\u00f1arse la fruta. La fruta recolectada debe transportarse r\u00e1pidamente a los centros de compra de las regiones. Recuerde que las cerezas son frutas perecederas y delicadas, y que tienen una vida de almacenamiento corta.<\/li><li>Las cerezas compradas deben transportarse r\u00e1pidamente al centro de transformaci\u00f3n, donde se dispone de refrigeradores m\u00f3viles (haydar, hidroenfriador).<\/li><li>El agua refrigerada utilizada en los refrigeradores m\u00f3viles debe clorarse. La concentraci\u00f3n de cloro debe comprobarse a intervalos regulares durante el proceso. P\u00f3ngase en contacto con los expertos de la organizaci\u00f3n IMAP Crystal\u00ae para la dosificaci\u00f3n y el control correctos.<\/li><li>Las cerezas transportadas al centro de envasado deben conservarse en c\u00e1maras frigor\u00edficas hasta su transformaci\u00f3n.<\/li><li>Las cerezas deben clasificarse en agua enfriada en l\u00edneas autom\u00e1ticas. El agua refrigerada utilizada en esta fase debe estar clorada. Cadena de fr\u00edo de la fruta IMAP Crystal<sup>\u00ae<\/sup>\u00a0debe durar hasta que entre en el paquete.<\/li><li>IMAP Crystal para una conservaci\u00f3n \u00f3ptima de la fruta hasta que llega al mercado de destino<sup>\u00ae<\/sup>\u00a0paquetes.<\/li><li>Tenga en cuenta que muchos factores, como las condiciones del jard\u00edn, el momento de la cosecha, la refrigeraci\u00f3n r\u00e1pida y correcta y el envasado, influyen considerablemente en la vida \u00fatil del producto y en la satisfacci\u00f3n del cliente. P\u00f3ngase en contacto con IMAP Crystal para obtener informaci\u00f3n m\u00e1s detallada sobre estas condiciones.<sup>\u00ae<\/sup>consultar con el personal t\u00e9cnico de la organizaci\u00f3n.<\/li><\/ul><h5 class=\"wp-block-heading\"><br \/>Procesado y preparaci\u00f3n de cerezas en funci\u00f3n de la demanda exterior<\/h5><ol><li><strong>Hidroenfriador 2- Cami\u00f3n Frigo de 20 toneladas 3-Env\u00edo desde Central de Compras<\/strong><ol><li>Enfriar con agua (20 \u00b0C) en la central de compras.<\/li><li>Transporte en cami\u00f3n frigor\u00edfico a la central de envasado (3-5 horas).<\/li><li>La cadena de fr\u00edo debe empezar aqu\u00ed y continuar hasta el estante del mercado.<\/li><\/ol><\/li><li><strong>Principio de funcionamiento de las enfriadoras m\u00f3viles en la central de compras de cerezas<\/strong><ol><li>Enfriamiento con agua a 2 \u00b0C durante 8 minutos<\/li><\/ol><\/li><\/ol><h3 class=\"wp-block-heading\"><img decoding=\"async\" src=\"https:\/\/imapcrystal.com\/uploads\/kiraz5.png\" alt=\"\" \/>Procesado y preparaci\u00f3n de cerezas en funci\u00f3n de la demanda exterior<\/h3><p><img decoding=\"async\" src=\"https:\/\/imapcrystal.com\/uploads\/kiraz6.png\" alt=\"\" \/><br \/><em>Las cerezas enfriadas con agua se transportan al almac\u00e9n de envasado (Temperatura antes del envasado 3 \u00b0C)<\/em><br \/>Procesado y envasado de cerezas<\/p>\t\t\t\t\t\t\t\t<\/div>\n\t\t\t\t<\/div>\n\t\t\t\t\t<\/div>\n\t\t\t\t<\/div>\n\t\t\t\t\t<\/div>\n\t\t\t\t<\/div>\n\t\t\t\t<\/div>\n\t\t\t\t\t<\/div>\n\t\t\t\t<\/div>\n\t\t\t\t<\/div>","protected":false},"excerpt":{"rendered":"<p>Anasayfa &#8211; Imap Crystal Kiraz Muhafazas\u0131 IMAP Crystal\u00ae\u00a0Atmosfer Paketlerinin Kiraz Muhafazas\u0131nda Sa\u011flad\u0131\u011f\u0131 Faydalar IMAP Crystal\u00ae\u00a0atmosfer paketleri kiraz i\u00e7in en uygun olan karbondioksit ve oksijen de\u011ferlerini olu\u015fturarak meyvenin solunum h\u0131z\u0131n\u0131 d\u00fc\u015f\u00fcr\u00fcr ve olgunla\u015fma s\u00fcrecini yava\u015flat\u0131r. IMAP Crystal\u00ae\u00a0atmosfer paketleri %90-95 d\u00fczeyinde bir oransal nem de\u011feri yaratarak a\u011f\u0131rl\u0131k kayb\u0131n\u0131 ve meyvenin b\u00fcz\u00fc\u015fmesini engeller. IMAP Crystal\u00ae\u00a0atmosfer paketleri sap\u0131n ye\u015fil [&hellip;]<\/p>","protected":false},"author":1,"featured_media":0,"parent":0,"menu_order":0,"comment_status":"closed","ping_status":"closed","template":"","meta":{"footnotes":""},"class_list":["post-9173","page","type-page","status-publish","hentry"],"yoast_head":"<!-- This site is optimized with the Yoast SEO plugin v24.5 - https:\/\/yoast.com\/wordpress\/plugins\/seo\/ -->\n<title>Kiraz Muhafazas\u0131 - IMAP Crystal<\/title>\n<meta name=\"robots\" content=\"index, follow, max-snippet:-1, max-image-preview:large, max-video-preview:-1\" \/>\n<link rel=\"canonical\" href=\"http:\/\/www.imapcrystal.com\/es\/conservacion-de-cerezas\/\" \/>\n<meta property=\"og:locale\" content=\"es_MX\" \/>\n<meta property=\"og:type\" content=\"article\" \/>\n<meta property=\"og:title\" content=\"Kiraz Muhafazas\u0131 - IMAP Crystal\" \/>\n<meta property=\"og:description\" content=\"Anasayfa &#8211; Imap Crystal Kiraz Muhafazas\u0131 IMAP Crystal\u00ae\u00a0Atmosfer Paketlerinin Kiraz Muhafazas\u0131nda Sa\u011flad\u0131\u011f\u0131 Faydalar IMAP Crystal\u00ae\u00a0atmosfer paketleri kiraz i\u00e7in en uygun olan karbondioksit ve oksijen de\u011ferlerini olu\u015fturarak meyvenin solunum h\u0131z\u0131n\u0131 d\u00fc\u015f\u00fcr\u00fcr ve olgunla\u015fma s\u00fcrecini yava\u015flat\u0131r. IMAP Crystal\u00ae\u00a0atmosfer paketleri %90-95 d\u00fczeyinde bir oransal nem de\u011feri yaratarak a\u011f\u0131rl\u0131k kayb\u0131n\u0131 ve meyvenin b\u00fcz\u00fc\u015fmesini engeller. IMAP Crystal\u00ae\u00a0atmosfer paketleri sap\u0131n ye\u015fil [&hellip;]\" \/>\n<meta property=\"og:url\" content=\"http:\/\/www.imapcrystal.com\/es\/conservacion-de-cerezas\/\" \/>\n<meta property=\"og:site_name\" content=\"IMAP Crystal\" \/>\n<meta property=\"article:modified_time\" content=\"2023-07-27T14:54:49+00:00\" \/>\n<meta property=\"og:image\" content=\"http:\/\/www.imapcrystal.com\/wp-content\/uploads\/2023\/07\/64qm92wq6skk0ggkks-1-1024x1024-1.png\" \/>\n<meta name=\"twitter:card\" content=\"summary_large_image\" \/>\n<meta name=\"twitter:label1\" content=\"Tiempo de lectura\" \/>\n\t<meta name=\"twitter:data1\" content=\"4 minutos\" \/>\n<script type=\"application\/ld+json\" class=\"yoast-schema-graph\">{\"@context\":\"https:\/\/schema.org\",\"@graph\":[{\"@type\":\"WebPage\",\"@id\":\"https:\/\/www.imapcrystal.com\/kiraz-muhafazasi\/\",\"url\":\"https:\/\/www.imapcrystal.com\/kiraz-muhafazasi\/\",\"name\":\"Kiraz Muhafazas\u0131 - IMAP Crystal\",\"isPartOf\":{\"@id\":\"https:\/\/www.imapcrystal.com\/#website\"},\"primaryImageOfPage\":{\"@id\":\"https:\/\/www.imapcrystal.com\/kiraz-muhafazasi\/#primaryimage\"},\"image\":{\"@id\":\"https:\/\/www.imapcrystal.com\/kiraz-muhafazasi\/#primaryimage\"},\"thumbnailUrl\":\"http:\/\/www.imapcrystal.com\/wp-content\/uploads\/2023\/07\/64qm92wq6skk0ggkks-1-1024x1024-1.png\",\"datePublished\":\"2023-07-27T14:52:44+00:00\",\"dateModified\":\"2023-07-27T14:54:49+00:00\",\"breadcrumb\":{\"@id\":\"https:\/\/www.imapcrystal.com\/kiraz-muhafazasi\/#breadcrumb\"},\"inLanguage\":\"es\",\"potentialAction\":[{\"@type\":\"ReadAction\",\"target\":[\"https:\/\/www.imapcrystal.com\/kiraz-muhafazasi\/\"]}]},{\"@type\":\"ImageObject\",\"inLanguage\":\"es\",\"@id\":\"https:\/\/www.imapcrystal.com\/kiraz-muhafazasi\/#primaryimage\",\"url\":\"http:\/\/www.imapcrystal.com\/wp-content\/uploads\/2023\/07\/64qm92wq6skk0ggkks-1-1024x1024-1.png\",\"contentUrl\":\"http:\/\/www.imapcrystal.com\/wp-content\/uploads\/2023\/07\/64qm92wq6skk0ggkks-1-1024x1024-1.png\"},{\"@type\":\"BreadcrumbList\",\"@id\":\"https:\/\/www.imapcrystal.com\/kiraz-muhafazasi\/#breadcrumb\",\"itemListElement\":[{\"@type\":\"ListItem\",\"position\":1,\"name\":\"Anasayfa\",\"item\":\"https:\/\/www.imapcrystal.com\/\"},{\"@type\":\"ListItem\",\"position\":2,\"name\":\"Kiraz Muhafazas\u0131\"}]},{\"@type\":\"WebSite\",\"@id\":\"https:\/\/www.imapcrystal.com\/#website\",\"url\":\"https:\/\/www.imapcrystal.com\/\",\"name\":\"IMAP Crystal\",\"description\":\"D\u00fcnyan\u0131n En \u015eeffaf ve Parlak Modifiye Atmosfer Paketi (MAP)\",\"publisher\":{\"@id\":\"https:\/\/www.imapcrystal.com\/#organization\"},\"alternateName\":\"Modifiye Atmosfer Torba\",\"potentialAction\":[{\"@type\":\"SearchAction\",\"target\":{\"@type\":\"EntryPoint\",\"urlTemplate\":\"https:\/\/www.imapcrystal.com\/?s={search_term_string}\"},\"query-input\":{\"@type\":\"PropertyValueSpecification\",\"valueRequired\":true,\"valueName\":\"search_term_string\"}}],\"inLanguage\":\"es\"},{\"@type\":\"Organization\",\"@id\":\"https:\/\/www.imapcrystal.com\/#organization\",\"name\":\"IMAP Crystal\",\"url\":\"https:\/\/www.imapcrystal.com\/\",\"logo\":{\"@type\":\"ImageObject\",\"inLanguage\":\"es\",\"@id\":\"https:\/\/www.imapcrystal.com\/#\/schema\/logo\/image\/\",\"url\":\"https:\/\/www.imapcrystal.com\/wp-content\/uploads\/2023\/08\/logo.svg\",\"contentUrl\":\"https:\/\/www.imapcrystal.com\/wp-content\/uploads\/2023\/08\/logo.svg\",\"width\":235,\"height\":68,\"caption\":\"IMAP Crystal\"},\"image\":{\"@id\":\"https:\/\/www.imapcrystal.com\/#\/schema\/logo\/image\/\"},\"sameAs\":[\"https:\/\/www.instagram.com\/imapcrystal\"]}]}<\/script>\n<!-- \/ Yoast SEO plugin. -->","yoast_head_json":{"title":"Kiraz Muhafazas\u0131 - IMAP Crystal","robots":{"index":"index","follow":"follow","max-snippet":"max-snippet:-1","max-image-preview":"max-image-preview:large","max-video-preview":"max-video-preview:-1"},"canonical":"http:\/\/www.imapcrystal.com\/es\/conservacion-de-cerezas\/","og_locale":"es_MX","og_type":"article","og_title":"Kiraz Muhafazas\u0131 - IMAP Crystal","og_description":"Anasayfa &#8211; Imap Crystal Kiraz Muhafazas\u0131 IMAP Crystal\u00ae\u00a0Atmosfer Paketlerinin Kiraz Muhafazas\u0131nda Sa\u011flad\u0131\u011f\u0131 Faydalar IMAP Crystal\u00ae\u00a0atmosfer paketleri kiraz i\u00e7in en uygun olan karbondioksit ve oksijen de\u011ferlerini olu\u015fturarak meyvenin solunum h\u0131z\u0131n\u0131 d\u00fc\u015f\u00fcr\u00fcr ve olgunla\u015fma s\u00fcrecini yava\u015flat\u0131r. IMAP Crystal\u00ae\u00a0atmosfer paketleri %90-95 d\u00fczeyinde bir oransal nem de\u011feri yaratarak a\u011f\u0131rl\u0131k kayb\u0131n\u0131 ve meyvenin b\u00fcz\u00fc\u015fmesini engeller. IMAP Crystal\u00ae\u00a0atmosfer paketleri sap\u0131n ye\u015fil [&hellip;]","og_url":"http:\/\/www.imapcrystal.com\/es\/conservacion-de-cerezas\/","og_site_name":"IMAP Crystal","article_modified_time":"2023-07-27T14:54:49+00:00","og_image":[{"url":"http:\/\/www.imapcrystal.com\/wp-content\/uploads\/2023\/07\/64qm92wq6skk0ggkks-1-1024x1024-1.png","type":"","width":"","height":""}],"twitter_card":"summary_large_image","twitter_misc":{"Tiempo de lectura":"4 minutos"},"schema":{"@context":"https:\/\/schema.org","@graph":[{"@type":"WebPage","@id":"https:\/\/www.imapcrystal.com\/kiraz-muhafazasi\/","url":"https:\/\/www.imapcrystal.com\/kiraz-muhafazasi\/","name":"Kiraz Muhafazas\u0131 - IMAP Crystal","isPartOf":{"@id":"https:\/\/www.imapcrystal.com\/#website"},"primaryImageOfPage":{"@id":"https:\/\/www.imapcrystal.com\/kiraz-muhafazasi\/#primaryimage"},"image":{"@id":"https:\/\/www.imapcrystal.com\/kiraz-muhafazasi\/#primaryimage"},"thumbnailUrl":"http:\/\/www.imapcrystal.com\/wp-content\/uploads\/2023\/07\/64qm92wq6skk0ggkks-1-1024x1024-1.png","datePublished":"2023-07-27T14:52:44+00:00","dateModified":"2023-07-27T14:54:49+00:00","breadcrumb":{"@id":"https:\/\/www.imapcrystal.com\/kiraz-muhafazasi\/#breadcrumb"},"inLanguage":"es","potentialAction":[{"@type":"ReadAction","target":["https:\/\/www.imapcrystal.com\/kiraz-muhafazasi\/"]}]},{"@type":"ImageObject","inLanguage":"es","@id":"https:\/\/www.imapcrystal.com\/kiraz-muhafazasi\/#primaryimage","url":"http:\/\/www.imapcrystal.com\/wp-content\/uploads\/2023\/07\/64qm92wq6skk0ggkks-1-1024x1024-1.png","contentUrl":"http:\/\/www.imapcrystal.com\/wp-content\/uploads\/2023\/07\/64qm92wq6skk0ggkks-1-1024x1024-1.png"},{"@type":"BreadcrumbList","@id":"https:\/\/www.imapcrystal.com\/kiraz-muhafazasi\/#breadcrumb","itemListElement":[{"@type":"ListItem","position":1,"name":"Anasayfa","item":"https:\/\/www.imapcrystal.com\/"},{"@type":"ListItem","position":2,"name":"Kiraz Muhafazas\u0131"}]},{"@type":"WebSite","@id":"https:\/\/www.imapcrystal.com\/#website","url":"https:\/\/www.imapcrystal.com\/","name":"IMAP Crystal","description":"D\u00fcnyan\u0131n En \u015eeffaf ve Parlak Modifiye Atmosfer Paketi (MAP)","publisher":{"@id":"https:\/\/www.imapcrystal.com\/#organization"},"alternateName":"Modifiye Atmosfer Torba","potentialAction":[{"@type":"SearchAction","target":{"@type":"EntryPoint","urlTemplate":"https:\/\/www.imapcrystal.com\/?s={search_term_string}"},"query-input":{"@type":"PropertyValueSpecification","valueRequired":true,"valueName":"search_term_string"}}],"inLanguage":"es"},{"@type":"Organization","@id":"https:\/\/www.imapcrystal.com\/#organization","name":"IMAP Crystal","url":"https:\/\/www.imapcrystal.com\/","logo":{"@type":"ImageObject","inLanguage":"es","@id":"https:\/\/www.imapcrystal.com\/#\/schema\/logo\/image\/","url":"https:\/\/www.imapcrystal.com\/wp-content\/uploads\/2023\/08\/logo.svg","contentUrl":"https:\/\/www.imapcrystal.com\/wp-content\/uploads\/2023\/08\/logo.svg","width":235,"height":68,"caption":"IMAP Crystal"},"image":{"@id":"https:\/\/www.imapcrystal.com\/#\/schema\/logo\/image\/"},"sameAs":["https:\/\/www.instagram.com\/imapcrystal"]}]}},"_links":{"self":[{"href":"http:\/\/www.imapcrystal.com\/es\/wp-json\/wp\/v2\/pages\/9173","targetHints":{"allow":["GET"]}}],"collection":[{"href":"http:\/\/www.imapcrystal.com\/es\/wp-json\/wp\/v2\/pages"}],"about":[{"href":"http:\/\/www.imapcrystal.com\/es\/wp-json\/wp\/v2\/types\/page"}],"author":[{"embeddable":true,"href":"http:\/\/www.imapcrystal.com\/es\/wp-json\/wp\/v2\/users\/1"}],"replies":[{"embeddable":true,"href":"http:\/\/www.imapcrystal.com\/es\/wp-json\/wp\/v2\/comments?post=9173"}],"version-history":[{"count":0,"href":"http:\/\/www.imapcrystal.com\/es\/wp-json\/wp\/v2\/pages\/9173\/revisions"}],"wp:attachment":[{"href":"http:\/\/www.imapcrystal.com\/es\/wp-json\/wp\/v2\/media?parent=9173"}],"curies":[{"name":"wp","href":"https:\/\/api.w.org\/{rel}","templated":true}]}}