{"id":9167,"date":"2023-07-27T17:50:53","date_gmt":"2023-07-27T14:50:53","guid":{"rendered":"https:\/\/www.imapcrystal.com\/?page_id=9167"},"modified":"2023-09-05T16:11:53","modified_gmt":"2023-09-05T13:11:53","slug":"sebze-ve-yesillik-muhafazalari","status":"publish","type":"page","link":"http:\/\/www.imapcrystal.com\/es\/conservas-de-verduras-y-hortalizas\/","title":{"rendered":"Conservaci\u00f3n de verduras y hortalizas"},"content":{"rendered":"<div data-elementor-type=\"wp-page\" data-elementor-id=\"9167\" class=\"elementor elementor-9167\">\n\t\t\t\t<div class=\"elementor-element elementor-element-262c074 e-flex e-con-boxed e-con e-parent\" data-id=\"262c074\" data-element_type=\"container\" data-settings=\"{&quot;background_background&quot;:&quot;classic&quot;}\">\n\t\t\t\t\t<div class=\"e-con-inner\">\n\t\t<div class=\"elementor-element elementor-element-74170eb e-con-full e-flex e-con e-child\" data-id=\"74170eb\" data-element_type=\"container\" data-settings=\"{&quot;background_background&quot;:&quot;classic&quot;}\">\n\t\t\t\t<div class=\"elementor-element elementor-element-59f5421 elementor-widget elementor-widget-hub_fancy_heading\" data-id=\"59f5421\" data-element_type=\"widget\" data-widget_type=\"hub_fancy_heading.default\">\n\t\t\t\t<div class=\"elementor-widget-container\">\n\t\t\t\t\t\n\t\t<div id=\"ld-fancy-heading-69e12b15e6686\" class=\"ld-fancy-heading pos-rel\">\n\t\t\t\t\t<\/div>\n\n\t\t\t\t\t\t<\/div>\n\t\t\t\t<\/div>\n\t\t\t\t<div class=\"elementor-element elementor-element-b73fe53 elementor-widget elementor-widget-ld_breadcrumb\" data-id=\"b73fe53\" data-element_type=\"widget\" data-widget_type=\"ld_breadcrumb.default\">\n\t\t\t\t<div class=\"elementor-widget-container\">\n\t\t\t\t\t<div class=\"lqd-breadcrumb-wrapper\"><nav role=\"navigation\" aria-label=\"Breadcrumbs\" class=\"breadcrumbs\"><ol class=\"breadcrumb reset-ul inline-nav inline-ul comma-sep-li\"><li class=\"breadcrumb-item active\"><a href=\"http:\/\/www.imapcrystal.com\/es\" rel=\"home\"><span>Home<\/span><\/a><\/li><\/ol><\/nav><\/div>\t\t\t\t<\/div>\n\t\t\t\t<\/div>\n\t\t\t\t<\/div>\n\t\t\t\t\t<\/div>\n\t\t\t\t<\/div>\n\t\t<div data-custom-animations=\"true\" data-ca-options=\"{&quot;addChildTimelines&quot;:false,&quot;animationTarget&quot;:&quot;:scope .e-con-inner &gt; .elementor-element:not(.lqd-exclude-parent-ca) &gt; .elementor-widget-container, :scope .e-con-inner &gt; .elementor-widget-hub_fancy_heading .lqd-split-lines .lqd-lines .split-inner, :scope .e-con-inner &gt; .elementor-widget-hub_fancy_heading .lqd-split-words .lqd-words .split-inner, :scope .e-con-inner &gt; .elementor-widget-hub_fancy_heading .lqd-split-chars .lqd-chars .split-inner, :scope .e-con-inner &gt; .elementor-widget-hub_fancy_heading .lqd-adv-txt-fig, :scope .e-con-inner &gt; .elementor-widget-ld_custom_menu .lqd-fancy-menu &gt; ul &gt; li, :scope .e-con:not([data-parallax]) .e-con-inner &gt; .elementor-element &gt; .elementor-widget-container, :scope .e-con:not([data-parallax]) .e-con-inner &gt; .elementor-widget-hub_fancy_heading .lqd-split-lines .lqd-lines .split-inner, :scope .e-con:not([data-parallax]) .e-con-inner &gt; .elementor-widget-hub_fancy_heading .lqd-split-words .lqd-words .split-inner, :scope .e-con:not([data-parallax]) .e-con-inner &gt; .elementor-widget-hub_fancy_heading .lqd-split-chars .lqd-chars .split-inner, :scope .e-con:not([data-parallax]) .e-con-inner &gt; .elementor-widget-ld_custom_menu .lqd-fancy-menu &gt; ul &gt; li&quot;,&quot;ease&quot;:[&quot;power4.out&quot;],&quot;initValues&quot;:{&quot;y&quot;:&quot;45px&quot;,&quot;scaleX&quot;:1.2,&quot;scaleY&quot;:1.2,&quot;opacity&quot;:0},&quot;animations&quot;:{&quot;y&quot;:&quot;0px&quot;,&quot;scaleX&quot;:1,&quot;scaleY&quot;:1,&quot;opacity&quot;:1}}\" class=\"elementor-element elementor-element-c635fef e-flex e-con-boxed e-con e-parent\" data-id=\"c635fef\" data-element_type=\"container\" data-settings=\"{&quot;background_background&quot;:&quot;classic&quot;}\">\n\t\t\t\t\t<div class=\"e-con-inner\">\n\t\t<div class=\"elementor-element elementor-element-93faf93 e-con-full e-flex e-con e-child\" data-id=\"93faf93\" data-element_type=\"container\">\n\t\t<div class=\"elementor-element elementor-element-cc1c8f3 e-flex e-con-boxed e-con e-child\" data-id=\"cc1c8f3\" data-element_type=\"container\">\n\t\t\t\t\t<div class=\"e-con-inner\">\n\t\t<div class=\"elementor-element elementor-element-097f80a e-flex e-con-boxed e-con e-child\" data-id=\"097f80a\" data-element_type=\"container\">\n\t\t\t\t\t<div class=\"e-con-inner\">\n\t\t\t\t<div class=\"elementor-element elementor-element-5b65ad3 elementor-widget elementor-widget-hub_fancy_heading\" data-id=\"5b65ad3\" data-element_type=\"widget\" data-widget_type=\"hub_fancy_heading.default\">\n\t\t\t\t<div class=\"elementor-widget-container\">\n\t\t\t\t\t\n\t\t<div id=\"ld-fancy-heading-69e12b15e93de\" class=\"ld-fancy-heading pos-rel\">\n\t\t\t<p class=\"ld-fh-element d-inline-block pos-rel  lqd-highlight-classic lqd-highlight-grow-left p\"  > - Imap Cristal<\/p>\t\t<\/div>\n\n\t\t\t\t\t\t<\/div>\n\t\t\t\t<\/div>\n\t\t\t\t<div class=\"elementor-element elementor-element-2392cae elementor-widget elementor-widget-hub_fancy_heading\" data-id=\"2392cae\" data-element_type=\"widget\" data-widget_type=\"hub_fancy_heading.default\">\n\t\t\t\t<div class=\"elementor-widget-container\">\n\t\t\t\t\t\n\t\t<div id=\"ld-fancy-heading-69e12b15e9caa\" class=\"ld-fancy-heading pos-rel\">\n\t\t\t<h3 class=\"ld-fh-element d-inline-block pos-rel  elementor-heading-title ld-gradient-heading lqd-highlight-classic lqd-highlight-grow-left h3\"  > Conservaci\u00f3n de verduras y hortalizas\n<\/h3>\t\t<\/div>\n\n\t\t\t\t\t\t<\/div>\n\t\t\t\t<\/div>\n\t\t\t\t<div class=\"elementor-element elementor-element-b601a79 elementor-widget elementor-widget-text-editor\" data-id=\"b601a79\" data-element_type=\"widget\" data-widget_type=\"text-editor.default\">\n\t\t\t\t<div class=\"elementor-widget-container\">\n\t\t\t\t\t\t\t\t\t<p>4 Semanas Guindilla Verde Conservada en Bolsas de IMAP Crystal<\/p><p>Perejil conservado durante 3 semanas en bolsas de IMAP Crystal<\/p><p><img decoding=\"async\" src=\"https:\/\/imapcrystal.com\/uploads\/sebze2.png\" alt=\"\" \/>Alubias frescas conservadas durante 2 semanas en bolsas de IMAP Crystal<\/p><p>4 Semanas Guindilla Verde Conservada en Bolsas de IMAP Crystal<img decoding=\"async\" src=\"https:\/\/imapcrystal.com\/uploads\/sebze4.png\" alt=\"\" \/><\/p>\t\t\t\t\t\t\t\t<\/div>\n\t\t\t\t<\/div>\n\t\t\t\t\t<\/div>\n\t\t\t\t<\/div>\n\t\t<div class=\"lqd-css-sticky elementor-element elementor-element-50e4078 e-flex e-con-boxed e-con e-child\" style=\"top: auto; top: 120px;\" data-id=\"50e4078\" data-element_type=\"container\">\n\t\t\t\t\t<div class=\"e-con-inner\">\n\t\t\t\t<div class=\"elementor-element elementor-element-0c1e13d elementor-widget__width-initial elementor-widget elementor-widget-ld_fancy_image\" data-id=\"0c1e13d\" data-element_type=\"widget\" data-widget_type=\"ld_fancy_image.default\">\n\t\t\t\t<div class=\"elementor-widget-container\">\n\t\t\t\t\t\n\t\t<div class=\"lqd-imggrp-single d-block pos-rel perspective\" data-hover3d=\"true\">\n\t\t\t<div class=\"lqd-imggrp-img-container d-inline-flex pos-rel align-items-center justify-content-center transform-style-3d\">\n\t\t\t\t\t\t\t\t<figure class=\"w-100 pos-rel\" data-stacking-factor=\"1\">\n\t\t\t\t\t<img fetchpriority=\"high\" decoding=\"async\" width=\"1024\" height=\"1024\" src=\"http:\/\/www.imapcrystal.com\/wp-content\/uploads\/2023\/07\/xlhd3s4n3hwc00s40o-1-1024x1024-2.png\" class=\"attachment-full size-full wp-image-9169\" alt=\"\" srcset=\"http:\/\/www.imapcrystal.com\/wp-content\/uploads\/2023\/07\/xlhd3s4n3hwc00s40o-1-1024x1024-2.png 1024w, http:\/\/www.imapcrystal.com\/wp-content\/uploads\/2023\/07\/xlhd3s4n3hwc00s40o-1-1024x1024-2-300x300.png 300w, http:\/\/www.imapcrystal.com\/wp-content\/uploads\/2023\/07\/xlhd3s4n3hwc00s40o-1-1024x1024-2-150x150.png 150w, http:\/\/www.imapcrystal.com\/wp-content\/uploads\/2023\/07\/xlhd3s4n3hwc00s40o-1-1024x1024-2-320x320.png 320w, http:\/\/www.imapcrystal.com\/wp-content\/uploads\/2023\/07\/xlhd3s4n3hwc00s40o-1-1024x1024-2-760x760.png 760w, http:\/\/www.imapcrystal.com\/wp-content\/uploads\/2023\/07\/xlhd3s4n3hwc00s40o-1-1024x1024-2-12x12.png 12w\" sizes=\"(max-width: 1024px) 100vw, 1024px\" itemprop=\"image\" \/>\t\t\t\t\t\t\t\t\t\t\t\t\t\t\t\t\t\t\t\t\t\t\t\t\t\t\t\t\t<\/figure>\n\t\t\t<\/div>\n\t\t<\/div>\n\n\t\t\t\t\t<\/div>\n\t\t\t\t<\/div>\n\t\t\t\t\t<\/div>\n\t\t\t\t<\/div>\n\t\t\t\t\t<\/div>\n\t\t\t\t<\/div>\n\t\t\t\t<\/div>\n\t\t\t\t\t<\/div>\n\t\t\t\t<\/div>\n\t\t\t\t<\/div>","protected":false},"excerpt":{"rendered":"<p>Anasayfa &#8211; Imap Crystal Sebze ve Ye\u015fillik Muhafazalar\u0131 3 Hafta S\u00fcresince IMAP Crystal Po\u015fetlerde Muhafaza Edilen Taze So\u011fan 3 Hafta S\u00fcresince IMAP Crystal Po\u015fetlerde Muhafaza Edilen Maydonoz 2 Hafta S\u00fcresince IMAP Crystal Po\u015fetlerde Muhafaza Edilen Taze Fasulye 4 Hafta S\u00fcresince IMAP Crystal Po\u015fetlerde Muhafaza Edilen Ye\u015fil Biber<\/p>","protected":false},"author":1,"featured_media":0,"parent":0,"menu_order":0,"comment_status":"closed","ping_status":"closed","template":"","meta":{"footnotes":""},"class_list":["post-9167","page","type-page","status-publish","hentry"],"yoast_head":"<!-- This site is optimized with the Yoast SEO plugin v24.5 - https:\/\/yoast.com\/wordpress\/plugins\/seo\/ -->\n<title>Sebze ve Ye\u015fillik Muhafazalar\u0131 - IMAP Crystal<\/title>\n<meta name=\"robots\" content=\"index, follow, max-snippet:-1, max-image-preview:large, max-video-preview:-1\" \/>\n<link rel=\"canonical\" href=\"http:\/\/www.imapcrystal.com\/es\/conservas-de-verduras-y-hortalizas\/\" \/>\n<meta property=\"og:locale\" content=\"es_MX\" \/>\n<meta property=\"og:type\" content=\"article\" \/>\n<meta property=\"og:title\" content=\"Sebze ve Ye\u015fillik Muhafazalar\u0131 - IMAP Crystal\" \/>\n<meta property=\"og:description\" content=\"Anasayfa &#8211; Imap Crystal Sebze ve Ye\u015fillik Muhafazalar\u0131 3 Hafta S\u00fcresince IMAP Crystal Po\u015fetlerde Muhafaza Edilen Taze So\u011fan 3 Hafta S\u00fcresince IMAP Crystal Po\u015fetlerde Muhafaza Edilen Maydonoz 2 Hafta S\u00fcresince IMAP Crystal Po\u015fetlerde Muhafaza Edilen Taze Fasulye 4 Hafta S\u00fcresince IMAP Crystal Po\u015fetlerde Muhafaza Edilen Ye\u015fil Biber\" \/>\n<meta property=\"og:url\" content=\"http:\/\/www.imapcrystal.com\/es\/conservas-de-verduras-y-hortalizas\/\" \/>\n<meta property=\"og:site_name\" content=\"IMAP Crystal\" \/>\n<meta property=\"article:modified_time\" content=\"2023-09-05T13:11:53+00:00\" \/>\n<meta property=\"og:image\" content=\"https:\/\/imapcrystal.com\/uploads\/sebze2.png\" \/>\n<meta name=\"twitter:card\" content=\"summary_large_image\" \/>\n<meta name=\"twitter:label1\" content=\"Tiempo de lectura\" \/>\n\t<meta name=\"twitter:data1\" content=\"1 minuto\" \/>\n<script type=\"application\/ld+json\" class=\"yoast-schema-graph\">{\"@context\":\"https:\/\/schema.org\",\"@graph\":[{\"@type\":\"WebPage\",\"@id\":\"https:\/\/www.imapcrystal.com\/es\/conservas-de-verduras-y-hortalizas\/\",\"url\":\"https:\/\/www.imapcrystal.com\/es\/conservas-de-verduras-y-hortalizas\/\",\"name\":\"Sebze ve Ye\u015fillik Muhafazalar\u0131 - IMAP Crystal\",\"isPartOf\":{\"@id\":\"https:\/\/www.imapcrystal.com\/#website\"},\"primaryImageOfPage\":{\"@id\":\"https:\/\/www.imapcrystal.com\/es\/conservas-de-verduras-y-hortalizas\/#primaryimage\"},\"image\":{\"@id\":\"https:\/\/www.imapcrystal.com\/es\/conservas-de-verduras-y-hortalizas\/#primaryimage\"},\"thumbnailUrl\":\"https:\/\/imapcrystal.com\/uploads\/sebze2.png\",\"datePublished\":\"2023-07-27T14:50:53+00:00\",\"dateModified\":\"2023-09-05T13:11:53+00:00\",\"breadcrumb\":{\"@id\":\"https:\/\/www.imapcrystal.com\/es\/conservas-de-verduras-y-hortalizas\/#breadcrumb\"},\"inLanguage\":\"es\",\"potentialAction\":[{\"@type\":\"ReadAction\",\"target\":[\"https:\/\/www.imapcrystal.com\/es\/conservas-de-verduras-y-hortalizas\/\"]}]},{\"@type\":\"ImageObject\",\"inLanguage\":\"es\",\"@id\":\"https:\/\/www.imapcrystal.com\/es\/conservas-de-verduras-y-hortalizas\/#primaryimage\",\"url\":\"https:\/\/imapcrystal.com\/uploads\/sebze2.png\",\"contentUrl\":\"https:\/\/imapcrystal.com\/uploads\/sebze2.png\"},{\"@type\":\"BreadcrumbList\",\"@id\":\"https:\/\/www.imapcrystal.com\/es\/conservas-de-verduras-y-hortalizas\/#breadcrumb\",\"itemListElement\":[{\"@type\":\"ListItem\",\"position\":1,\"name\":\"Anasayfa\",\"item\":\"https:\/\/www.imapcrystal.com\/\"},{\"@type\":\"ListItem\",\"position\":2,\"name\":\"Sebze ve Ye\u015fillik Muhafazalar\u0131\"}]},{\"@type\":\"WebSite\",\"@id\":\"https:\/\/www.imapcrystal.com\/#website\",\"url\":\"https:\/\/www.imapcrystal.com\/\",\"name\":\"IMAP Crystal\",\"description\":\"D\u00fcnyan\u0131n En \u015eeffaf ve Parlak Modifiye Atmosfer Paketi (MAP)\",\"publisher\":{\"@id\":\"https:\/\/www.imapcrystal.com\/#organization\"},\"alternateName\":\"Modifiye Atmosfer Torba\",\"potentialAction\":[{\"@type\":\"SearchAction\",\"target\":{\"@type\":\"EntryPoint\",\"urlTemplate\":\"https:\/\/www.imapcrystal.com\/?s={search_term_string}\"},\"query-input\":{\"@type\":\"PropertyValueSpecification\",\"valueRequired\":true,\"valueName\":\"search_term_string\"}}],\"inLanguage\":\"es\"},{\"@type\":\"Organization\",\"@id\":\"https:\/\/www.imapcrystal.com\/#organization\",\"name\":\"IMAP Crystal\",\"url\":\"https:\/\/www.imapcrystal.com\/\",\"logo\":{\"@type\":\"ImageObject\",\"inLanguage\":\"es\",\"@id\":\"https:\/\/www.imapcrystal.com\/#\/schema\/logo\/image\/\",\"url\":\"https:\/\/www.imapcrystal.com\/wp-content\/uploads\/2023\/08\/logo.svg\",\"contentUrl\":\"https:\/\/www.imapcrystal.com\/wp-content\/uploads\/2023\/08\/logo.svg\",\"width\":235,\"height\":68,\"caption\":\"IMAP Crystal\"},\"image\":{\"@id\":\"https:\/\/www.imapcrystal.com\/#\/schema\/logo\/image\/\"},\"sameAs\":[\"https:\/\/www.instagram.com\/imapcrystal\"]}]}<\/script>\n<!-- \/ Yoast SEO plugin. -->","yoast_head_json":{"title":"Sebze ve Ye\u015fillik Muhafazalar\u0131 - IMAP Crystal","robots":{"index":"index","follow":"follow","max-snippet":"max-snippet:-1","max-image-preview":"max-image-preview:large","max-video-preview":"max-video-preview:-1"},"canonical":"http:\/\/www.imapcrystal.com\/es\/conservas-de-verduras-y-hortalizas\/","og_locale":"es_MX","og_type":"article","og_title":"Sebze ve Ye\u015fillik Muhafazalar\u0131 - IMAP Crystal","og_description":"Anasayfa &#8211; Imap Crystal Sebze ve Ye\u015fillik Muhafazalar\u0131 3 Hafta S\u00fcresince IMAP Crystal Po\u015fetlerde Muhafaza Edilen Taze So\u011fan 3 Hafta S\u00fcresince IMAP Crystal Po\u015fetlerde Muhafaza Edilen Maydonoz 2 Hafta S\u00fcresince IMAP Crystal Po\u015fetlerde Muhafaza Edilen Taze Fasulye 4 Hafta S\u00fcresince IMAP Crystal Po\u015fetlerde Muhafaza Edilen Ye\u015fil Biber","og_url":"http:\/\/www.imapcrystal.com\/es\/conservas-de-verduras-y-hortalizas\/","og_site_name":"IMAP Crystal","article_modified_time":"2023-09-05T13:11:53+00:00","og_image":[{"url":"https:\/\/imapcrystal.com\/uploads\/sebze2.png","type":"","width":"","height":""}],"twitter_card":"summary_large_image","twitter_misc":{"Tiempo de lectura":"1 minuto"},"schema":{"@context":"https:\/\/schema.org","@graph":[{"@type":"WebPage","@id":"https:\/\/www.imapcrystal.com\/es\/conservas-de-verduras-y-hortalizas\/","url":"https:\/\/www.imapcrystal.com\/es\/conservas-de-verduras-y-hortalizas\/","name":"Sebze ve Ye\u015fillik Muhafazalar\u0131 - IMAP Crystal","isPartOf":{"@id":"https:\/\/www.imapcrystal.com\/#website"},"primaryImageOfPage":{"@id":"https:\/\/www.imapcrystal.com\/es\/conservas-de-verduras-y-hortalizas\/#primaryimage"},"image":{"@id":"https:\/\/www.imapcrystal.com\/es\/conservas-de-verduras-y-hortalizas\/#primaryimage"},"thumbnailUrl":"https:\/\/imapcrystal.com\/uploads\/sebze2.png","datePublished":"2023-07-27T14:50:53+00:00","dateModified":"2023-09-05T13:11:53+00:00","breadcrumb":{"@id":"https:\/\/www.imapcrystal.com\/es\/conservas-de-verduras-y-hortalizas\/#breadcrumb"},"inLanguage":"es","potentialAction":[{"@type":"ReadAction","target":["https:\/\/www.imapcrystal.com\/es\/conservas-de-verduras-y-hortalizas\/"]}]},{"@type":"ImageObject","inLanguage":"es","@id":"https:\/\/www.imapcrystal.com\/es\/conservas-de-verduras-y-hortalizas\/#primaryimage","url":"https:\/\/imapcrystal.com\/uploads\/sebze2.png","contentUrl":"https:\/\/imapcrystal.com\/uploads\/sebze2.png"},{"@type":"BreadcrumbList","@id":"https:\/\/www.imapcrystal.com\/es\/conservas-de-verduras-y-hortalizas\/#breadcrumb","itemListElement":[{"@type":"ListItem","position":1,"name":"Anasayfa","item":"https:\/\/www.imapcrystal.com\/"},{"@type":"ListItem","position":2,"name":"Sebze ve Ye\u015fillik Muhafazalar\u0131"}]},{"@type":"WebSite","@id":"https:\/\/www.imapcrystal.com\/#website","url":"https:\/\/www.imapcrystal.com\/","name":"IMAP Crystal","description":"D\u00fcnyan\u0131n En \u015eeffaf ve Parlak Modifiye Atmosfer Paketi (MAP)","publisher":{"@id":"https:\/\/www.imapcrystal.com\/#organization"},"alternateName":"Modifiye Atmosfer Torba","potentialAction":[{"@type":"SearchAction","target":{"@type":"EntryPoint","urlTemplate":"https:\/\/www.imapcrystal.com\/?s={search_term_string}"},"query-input":{"@type":"PropertyValueSpecification","valueRequired":true,"valueName":"search_term_string"}}],"inLanguage":"es"},{"@type":"Organization","@id":"https:\/\/www.imapcrystal.com\/#organization","name":"IMAP Crystal","url":"https:\/\/www.imapcrystal.com\/","logo":{"@type":"ImageObject","inLanguage":"es","@id":"https:\/\/www.imapcrystal.com\/#\/schema\/logo\/image\/","url":"https:\/\/www.imapcrystal.com\/wp-content\/uploads\/2023\/08\/logo.svg","contentUrl":"https:\/\/www.imapcrystal.com\/wp-content\/uploads\/2023\/08\/logo.svg","width":235,"height":68,"caption":"IMAP Crystal"},"image":{"@id":"https:\/\/www.imapcrystal.com\/#\/schema\/logo\/image\/"},"sameAs":["https:\/\/www.instagram.com\/imapcrystal"]}]}},"_links":{"self":[{"href":"http:\/\/www.imapcrystal.com\/es\/wp-json\/wp\/v2\/pages\/9167","targetHints":{"allow":["GET"]}}],"collection":[{"href":"http:\/\/www.imapcrystal.com\/es\/wp-json\/wp\/v2\/pages"}],"about":[{"href":"http:\/\/www.imapcrystal.com\/es\/wp-json\/wp\/v2\/types\/page"}],"author":[{"embeddable":true,"href":"http:\/\/www.imapcrystal.com\/es\/wp-json\/wp\/v2\/users\/1"}],"replies":[{"embeddable":true,"href":"http:\/\/www.imapcrystal.com\/es\/wp-json\/wp\/v2\/comments?post=9167"}],"version-history":[{"count":3,"href":"http:\/\/www.imapcrystal.com\/es\/wp-json\/wp\/v2\/pages\/9167\/revisions"}],"predecessor-version":[{"id":9395,"href":"http:\/\/www.imapcrystal.com\/es\/wp-json\/wp\/v2\/pages\/9167\/revisions\/9395"}],"wp:attachment":[{"href":"http:\/\/www.imapcrystal.com\/es\/wp-json\/wp\/v2\/media?parent=9167"}],"curies":[{"name":"wp","href":"https:\/\/api.w.org\/{rel}","templated":true}]}}