{"id":9140,"date":"2023-07-27T12:05:10","date_gmt":"2023-07-27T09:05:10","guid":{"rendered":"https:\/\/www.imapcrystal.com\/?page_id=9140"},"modified":"2023-08-31T12:40:04","modified_gmt":"2023-08-31T09:40:04","slug":"imap-transport","status":"publish","type":"page","link":"http:\/\/www.imapcrystal.com\/es\/imap-transport\/","title":{"rendered":"Transporte IMAP"},"content":{"rendered":"<div data-elementor-type=\"wp-page\" data-elementor-id=\"9140\" class=\"elementor elementor-9140\">\n\t\t\t\t<div class=\"elementor-element elementor-element-d1f9358 e-flex e-con-boxed e-con e-parent\" data-id=\"d1f9358\" data-element_type=\"container\" data-settings=\"{&quot;background_background&quot;:&quot;classic&quot;}\">\n\t\t\t\t\t<div class=\"e-con-inner\">\n\t\t<div class=\"elementor-element elementor-element-547d1ea e-con-full e-flex e-con e-child\" data-id=\"547d1ea\" data-element_type=\"container\" data-settings=\"{&quot;background_background&quot;:&quot;classic&quot;}\">\n\t\t\t\t<div class=\"elementor-element elementor-element-85376e0 elementor-widget elementor-widget-hub_fancy_heading\" data-id=\"85376e0\" data-element_type=\"widget\" data-widget_type=\"hub_fancy_heading.default\">\n\t\t\t\t<div class=\"elementor-widget-container\">\n\t\t\t\t\t\n\t\t<div id=\"ld-fancy-heading-69f58d23a8a5c\" class=\"ld-fancy-heading pos-rel\">\n\t\t\t\t\t<\/div>\n\n\t\t\t\t\t\t<\/div>\n\t\t\t\t<\/div>\n\t\t\t\t<div class=\"elementor-element elementor-element-3dcde3d elementor-widget elementor-widget-ld_breadcrumb\" data-id=\"3dcde3d\" data-element_type=\"widget\" data-widget_type=\"ld_breadcrumb.default\">\n\t\t\t\t<div class=\"elementor-widget-container\">\n\t\t\t\t\t<div class=\"lqd-breadcrumb-wrapper\"><nav role=\"navigation\" aria-label=\"Breadcrumbs\" class=\"breadcrumbs\"><ol class=\"breadcrumb reset-ul inline-nav inline-ul comma-sep-li\"><li class=\"breadcrumb-item active\"><a href=\"http:\/\/www.imapcrystal.com\/es\" rel=\"home\"><span>Home<\/span><\/a><\/li><\/ol><\/nav><\/div>\t\t\t\t<\/div>\n\t\t\t\t<\/div>\n\t\t\t\t<\/div>\n\t\t\t\t\t<\/div>\n\t\t\t\t<\/div>\n\t\t<div data-custom-animations=\"true\" data-ca-options=\"{&quot;addChildTimelines&quot;:false,&quot;animationTarget&quot;:&quot;:scope .e-con-inner &gt; .elementor-element:not(.lqd-exclude-parent-ca) &gt; .elementor-widget-container, :scope .e-con-inner &gt; .elementor-widget-hub_fancy_heading .lqd-split-lines .lqd-lines .split-inner, :scope .e-con-inner &gt; .elementor-widget-hub_fancy_heading .lqd-split-words .lqd-words .split-inner, :scope .e-con-inner &gt; .elementor-widget-hub_fancy_heading .lqd-split-chars .lqd-chars .split-inner, :scope .e-con-inner &gt; .elementor-widget-hub_fancy_heading .lqd-adv-txt-fig, :scope .e-con-inner &gt; .elementor-widget-ld_custom_menu .lqd-fancy-menu &gt; ul &gt; li, :scope .e-con:not([data-parallax]) .e-con-inner &gt; .elementor-element &gt; .elementor-widget-container, :scope .e-con:not([data-parallax]) .e-con-inner &gt; .elementor-widget-hub_fancy_heading .lqd-split-lines .lqd-lines .split-inner, :scope .e-con:not([data-parallax]) .e-con-inner &gt; .elementor-widget-hub_fancy_heading .lqd-split-words .lqd-words .split-inner, :scope .e-con:not([data-parallax]) .e-con-inner &gt; .elementor-widget-hub_fancy_heading .lqd-split-chars .lqd-chars .split-inner, :scope .e-con:not([data-parallax]) .e-con-inner &gt; .elementor-widget-ld_custom_menu .lqd-fancy-menu &gt; ul &gt; li&quot;,&quot;ease&quot;:[&quot;power4.out&quot;],&quot;initValues&quot;:{&quot;y&quot;:&quot;45px&quot;,&quot;scaleX&quot;:1.2,&quot;scaleY&quot;:1.2,&quot;opacity&quot;:0},&quot;animations&quot;:{&quot;y&quot;:&quot;0px&quot;,&quot;scaleX&quot;:1,&quot;scaleY&quot;:1,&quot;opacity&quot;:1}}\" class=\"elementor-element elementor-element-bb6e49a e-flex e-con-boxed e-con e-parent\" data-id=\"bb6e49a\" data-element_type=\"container\" data-settings=\"{&quot;background_background&quot;:&quot;classic&quot;}\">\n\t\t\t\t\t<div class=\"e-con-inner\">\n\t\t<div class=\"elementor-element elementor-element-32752d1 e-con-full e-flex e-con e-child\" data-id=\"32752d1\" data-element_type=\"container\">\n\t\t\t\t<div class=\"elementor-element elementor-element-926f821 elementor-widget elementor-widget-hub_fancy_heading\" data-id=\"926f821\" data-element_type=\"widget\" data-widget_type=\"hub_fancy_heading.default\">\n\t\t\t\t<div class=\"elementor-widget-container\">\n\t\t\t\t\t\n\t\t<div id=\"ld-fancy-heading-69f58d23ab2e9\" class=\"ld-fancy-heading pos-rel\">\n\t\t\t<p class=\"ld-fh-element d-inline-block pos-rel  lqd-highlight-classic lqd-highlight-grow-left p\"  > - Productos<\/p>\t\t<\/div>\n\n\t\t\t\t\t\t<\/div>\n\t\t\t\t<\/div>\n\t\t\t\t<div class=\"elementor-element elementor-element-0ac5129 elementor-widget elementor-widget-hub_fancy_heading\" data-id=\"0ac5129\" data-element_type=\"widget\" data-widget_type=\"hub_fancy_heading.default\">\n\t\t\t\t<div class=\"elementor-widget-container\">\n\t\t\t\t\t\n\t\t<div id=\"ld-fancy-heading-69f58d23abc70\" class=\"ld-fancy-heading pos-rel\">\n\t\t\t<h2 class=\"ld-fh-element d-inline-block pos-rel  elementor-heading-title ld-gradient-heading lqd-highlight-classic lqd-highlight-grow-left h2\"  > Transporte IMAP\n<\/h2>\t\t<\/div>\n\n\t\t\t\t\t\t<\/div>\n\t\t\t\t<\/div>\n\t\t\t\t<div class=\"elementor-element elementor-element-8d0e3d8 elementor-widget elementor-widget-ld_list\" data-id=\"8d0e3d8\" data-element_type=\"widget\" data-widget_type=\"ld_list.default\">\n\t\t\t\t<div class=\"elementor-widget-container\">\n\t\t\t\t\t\t\t\n\t\t<div class=\"lqd-bullet-list\">\n\t\t\t<ul class=\"bullet-list-ul reset-ul\">\n\t\t\t\t\t\t\t\t\t\t<li class=\"d-flex align-items-center\">Las soluciones de envasado IMAP Transport se han desarrollado para reducir las p\u00e9rdidas durante el transporte y el almacenamiento a corto plazo de todas las frutas y hortalizas frescas.<\/li>\n\t\t\t\t\t\t\t\t\t\t<li class=\"d-flex align-items-center\">El Transporte IMAP mantiene las proporciones de di\u00f3xido de carbono (CO2) y ox\u00edgeno (O2) de los productos en los envases en el nivel adecuado. Adem\u00e1s de todo esto, los envases IMAP Transport eliminan el exceso de etileno del medio ambiente.<\/li>\n\t\t\t\t\t\t\t\t\t\t<li class=\"d-flex align-items-center\">IMAP Transport son envases MA\/MH que pueden controlar la humedad relativa en el interior de los envases y no se observa condensaci\u00f3n (sudoraci\u00f3n) en los envases ni siquiera en los casos en que se rompe la cadena de fr\u00edo.<\/li>\n\t\t\t\t\t\t\t<\/ul>\n\t\t<\/div>\n\n\t\t\t\t\t\t<\/div>\n\t\t\t\t<\/div>\n\t\t\t\t<\/div>\n\t\t<div class=\"elementor-element elementor-element-42573ce e-con-full e-flex e-con e-child\" data-id=\"42573ce\" data-element_type=\"container\">\n\t\t<div class=\"elementor-element elementor-element-34823b7 e-con-full e-flex e-con e-child\" data-id=\"34823b7\" data-element_type=\"container\">\n\t\t\t\t<\/div>\n\t\t<div class=\"elementor-element elementor-element-5b43c5f e-con-full e-flex e-con e-child\" data-id=\"5b43c5f\" data-element_type=\"container\">\n\t\t\t\t<div class=\"elementor-element elementor-element-54d5665 elementor-arrows-position-inside elementor-pagination-position-outside elementor-widget elementor-widget-image-carousel\" data-id=\"54d5665\" data-element_type=\"widget\" data-settings=\"{&quot;navigation&quot;:&quot;both&quot;,&quot;autoplay&quot;:&quot;yes&quot;,&quot;pause_on_hover&quot;:&quot;yes&quot;,&quot;pause_on_interaction&quot;:&quot;yes&quot;,&quot;autoplay_speed&quot;:5000,&quot;infinite&quot;:&quot;yes&quot;,&quot;speed&quot;:500}\" data-widget_type=\"image-carousel.default\">\n\t\t\t\t<div class=\"elementor-widget-container\">\n\t\t\t\t\t\t\t<div class=\"elementor-image-carousel-wrapper swiper\" role=\"region\" aria-roledescription=\"carousel\" aria-label=\"Image Carousel\" dir=\"ltr\">\n\t\t\t<div class=\"elementor-image-carousel swiper-wrapper\" aria-live=\"off\">\n\t\t\t\t\t\t\t\t<div class=\"swiper-slide\" role=\"group\" aria-roledescription=\"slide\" aria-label=\"1 of 2\"><figure class=\"swiper-slide-inner\"><img decoding=\"async\" class=\"swiper-slide-image\" src=\"http:\/\/www.imapcrystal.com\/wp-content\/uploads\/2023\/07\/WhatsApp-Image-2023-07-24-at-19.31.13-150x150.jpeg\" alt=\"Imagen de WhatsApp 2023-07-24 a las 19.31.13\" \/><\/figure><\/div><div class=\"swiper-slide\" role=\"group\" aria-roledescription=\"slide\" aria-label=\"2 of 2\"><figure class=\"swiper-slide-inner\"><img decoding=\"async\" class=\"swiper-slide-image\" src=\"http:\/\/www.imapcrystal.com\/wp-content\/uploads\/2023\/07\/images-150x150.jpg\" alt=\"im\u00e1genes\" \/><\/figure><\/div>\t\t\t<\/div>\n\t\t\t\t\t\t\t\t\t\t\t\t<div class=\"elementor-swiper-button elementor-swiper-button-prev\" role=\"button\" tabindex=\"0\">\n\t\t\t\t\t\t<i aria-hidden=\"true\" class=\"eicon-chevron-left\"><\/i>\t\t\t\t\t<\/div>\n\t\t\t\t\t<div class=\"elementor-swiper-button elementor-swiper-button-next\" role=\"button\" tabindex=\"0\">\n\t\t\t\t\t\t<i aria-hidden=\"true\" class=\"eicon-chevron-right\"><\/i>\t\t\t\t\t<\/div>\n\t\t\t\t\n\t\t\t\t\t\t\t\t\t<div class=\"swiper-pagination\"><\/div>\n\t\t\t\t\t\t\t\t\t<\/div>\n\t\t\t\t\t\t<\/div>\n\t\t\t\t<\/div>\n\t\t\t\t<\/div>\n\t\t\t\t<\/div>\n\t\t\t\t\t<\/div>\n\t\t\t\t<\/div>\n\t\t\t\t<\/div>","protected":false},"excerpt":{"rendered":"<p>Anasayfa &#8211; \u00dcr\u00fcnlerimiz IMAP Transport IMAP Transport paketleme \u00e7\u00f6z\u00fcmleri, t\u00fcm taze meyvelerin ve sebzelerin nakliyeleri ve k\u0131sa s\u00fcreli muhafazalar\u0131ndaki kay\u0131plar\u0131 azaltmak i\u00e7in geli\u015ftirilmi\u015ftir. IMAP Transport, paketler i\u00e7indeki \u00fcr\u00fcnlerin karbondioksit (CO2) ve oksijen (O2) oranlar\u0131n\u0131 en do\u011fru seviyede tutarlar. T\u00fcm bunlara ek olarak IMAP Transport\u00ae paketler, ortamdaki fazla etileni uzakla\u015ft\u0131r\u0131rlar. IMAP Transport, paketlerin i\u00e7indeki ba\u011f\u0131l nemi [&hellip;]<\/p>","protected":false},"author":1,"featured_media":0,"parent":0,"menu_order":0,"comment_status":"closed","ping_status":"closed","template":"","meta":{"footnotes":""},"class_list":["post-9140","page","type-page","status-publish","hentry"],"yoast_head":"<!-- This site is optimized with the Yoast SEO plugin v24.5 - https:\/\/yoast.com\/wordpress\/plugins\/seo\/ -->\n<title>IMAP Transport - IMAP Crystal<\/title>\n<meta name=\"robots\" content=\"index, follow, max-snippet:-1, max-image-preview:large, max-video-preview:-1\" \/>\n<link rel=\"canonical\" href=\"https:\/\/www.imapcrystal.com\/es\/imap-transport\/\" \/>\n<meta property=\"og:locale\" content=\"es_MX\" \/>\n<meta property=\"og:type\" content=\"article\" \/>\n<meta property=\"og:title\" content=\"IMAP Transport - IMAP Crystal\" \/>\n<meta property=\"og:description\" content=\"Anasayfa &#8211; \u00dcr\u00fcnlerimiz IMAP Transport IMAP Transport paketleme \u00e7\u00f6z\u00fcmleri, t\u00fcm taze meyvelerin ve sebzelerin nakliyeleri ve k\u0131sa s\u00fcreli muhafazalar\u0131ndaki kay\u0131plar\u0131 azaltmak i\u00e7in geli\u015ftirilmi\u015ftir. IMAP Transport, paketler i\u00e7indeki \u00fcr\u00fcnlerin karbondioksit (CO2) ve oksijen (O2) oranlar\u0131n\u0131 en do\u011fru seviyede tutarlar. T\u00fcm bunlara ek olarak IMAP Transport\u00ae paketler, ortamdaki fazla etileni uzakla\u015ft\u0131r\u0131rlar. IMAP Transport, paketlerin i\u00e7indeki ba\u011f\u0131l nemi [&hellip;]\" \/>\n<meta property=\"og:url\" content=\"https:\/\/www.imapcrystal.com\/es\/imap-transport\/\" \/>\n<meta property=\"og:site_name\" content=\"IMAP Crystal\" \/>\n<meta property=\"article:modified_time\" content=\"2023-08-31T09:40:04+00:00\" \/>\n<meta property=\"og:image\" content=\"http:\/\/www.imapcrystal.com\/wp-content\/uploads\/2023\/07\/WhatsApp-Image-2023-07-24-at-19.31.13-150x150.jpeg\" \/>\n<meta name=\"twitter:card\" content=\"summary_large_image\" \/>\n<meta name=\"twitter:label1\" content=\"Tiempo de lectura\" \/>\n\t<meta name=\"twitter:data1\" content=\"2 minutos\" \/>\n<script type=\"application\/ld+json\" class=\"yoast-schema-graph\">{\"@context\":\"https:\/\/schema.org\",\"@graph\":[{\"@type\":\"WebPage\",\"@id\":\"https:\/\/www.imapcrystal.com\/en\/imap-transport\/\",\"url\":\"https:\/\/www.imapcrystal.com\/en\/imap-transport\/\",\"name\":\"IMAP Transport - IMAP Crystal\",\"isPartOf\":{\"@id\":\"https:\/\/www.imapcrystal.com\/en\/#website\"},\"primaryImageOfPage\":{\"@id\":\"https:\/\/www.imapcrystal.com\/en\/imap-transport\/#primaryimage\"},\"image\":{\"@id\":\"https:\/\/www.imapcrystal.com\/en\/imap-transport\/#primaryimage\"},\"thumbnailUrl\":\"http:\/\/www.imapcrystal.com\/wp-content\/uploads\/2023\/07\/WhatsApp-Image-2023-07-24-at-19.31.13-150x150.jpeg\",\"datePublished\":\"2023-07-27T09:05:10+00:00\",\"dateModified\":\"2023-08-31T09:40:04+00:00\",\"breadcrumb\":{\"@id\":\"https:\/\/www.imapcrystal.com\/en\/imap-transport\/#breadcrumb\"},\"inLanguage\":\"es\",\"potentialAction\":[{\"@type\":\"ReadAction\",\"target\":[\"https:\/\/www.imapcrystal.com\/en\/imap-transport\/\"]}]},{\"@type\":\"ImageObject\",\"inLanguage\":\"es\",\"@id\":\"https:\/\/www.imapcrystal.com\/en\/imap-transport\/#primaryimage\",\"url\":\"http:\/\/www.imapcrystal.com\/wp-content\/uploads\/2023\/07\/WhatsApp-Image-2023-07-24-at-19.31.13-150x150.jpeg\",\"contentUrl\":\"http:\/\/www.imapcrystal.com\/wp-content\/uploads\/2023\/07\/WhatsApp-Image-2023-07-24-at-19.31.13-150x150.jpeg\"},{\"@type\":\"BreadcrumbList\",\"@id\":\"https:\/\/www.imapcrystal.com\/en\/imap-transport\/#breadcrumb\",\"itemListElement\":[{\"@type\":\"ListItem\",\"position\":1,\"name\":\"Anasayfa\",\"item\":\"https:\/\/www.imapcrystal.com\/en\/\"},{\"@type\":\"ListItem\",\"position\":2,\"name\":\"IMAP Transport\"}]},{\"@type\":\"WebSite\",\"@id\":\"https:\/\/www.imapcrystal.com\/en\/#website\",\"url\":\"https:\/\/www.imapcrystal.com\/en\/\",\"name\":\"IMAP Crystal\",\"description\":\"D\u00fcnyan\u0131n En \u015eeffaf ve Parlak Modifiye Atmosfer Paketi (MAP)\",\"publisher\":{\"@id\":\"https:\/\/www.imapcrystal.com\/en\/#organization\"},\"alternateName\":\"Modifiye Atmosfer Torba\",\"potentialAction\":[{\"@type\":\"SearchAction\",\"target\":{\"@type\":\"EntryPoint\",\"urlTemplate\":\"https:\/\/www.imapcrystal.com\/en\/?s={search_term_string}\"},\"query-input\":{\"@type\":\"PropertyValueSpecification\",\"valueRequired\":true,\"valueName\":\"search_term_string\"}}],\"inLanguage\":\"es\"},{\"@type\":\"Organization\",\"@id\":\"https:\/\/www.imapcrystal.com\/en\/#organization\",\"name\":\"IMAP Crystal\",\"url\":\"https:\/\/www.imapcrystal.com\/en\/\",\"logo\":{\"@type\":\"ImageObject\",\"inLanguage\":\"es\",\"@id\":\"https:\/\/www.imapcrystal.com\/en\/#\/schema\/logo\/image\/\",\"url\":\"https:\/\/www.imapcrystal.com\/wp-content\/uploads\/2023\/08\/logo.svg\",\"contentUrl\":\"https:\/\/www.imapcrystal.com\/wp-content\/uploads\/2023\/08\/logo.svg\",\"width\":235,\"height\":68,\"caption\":\"IMAP Crystal\"},\"image\":{\"@id\":\"https:\/\/www.imapcrystal.com\/en\/#\/schema\/logo\/image\/\"},\"sameAs\":[\"https:\/\/www.instagram.com\/imapcrystal\"]}]}<\/script>\n<!-- \/ Yoast SEO plugin. -->","yoast_head_json":{"title":"IMAP Transport - IMAP Crystal","robots":{"index":"index","follow":"follow","max-snippet":"max-snippet:-1","max-image-preview":"max-image-preview:large","max-video-preview":"max-video-preview:-1"},"canonical":"https:\/\/www.imapcrystal.com\/es\/imap-transport\/","og_locale":"es_MX","og_type":"article","og_title":"IMAP Transport - IMAP Crystal","og_description":"Anasayfa &#8211; \u00dcr\u00fcnlerimiz IMAP Transport IMAP Transport paketleme \u00e7\u00f6z\u00fcmleri, t\u00fcm taze meyvelerin ve sebzelerin nakliyeleri ve k\u0131sa s\u00fcreli muhafazalar\u0131ndaki kay\u0131plar\u0131 azaltmak i\u00e7in geli\u015ftirilmi\u015ftir. IMAP Transport, paketler i\u00e7indeki \u00fcr\u00fcnlerin karbondioksit (CO2) ve oksijen (O2) oranlar\u0131n\u0131 en do\u011fru seviyede tutarlar. T\u00fcm bunlara ek olarak IMAP Transport\u00ae paketler, ortamdaki fazla etileni uzakla\u015ft\u0131r\u0131rlar. IMAP Transport, paketlerin i\u00e7indeki ba\u011f\u0131l nemi [&hellip;]","og_url":"https:\/\/www.imapcrystal.com\/es\/imap-transport\/","og_site_name":"IMAP Crystal","article_modified_time":"2023-08-31T09:40:04+00:00","og_image":[{"url":"http:\/\/www.imapcrystal.com\/wp-content\/uploads\/2023\/07\/WhatsApp-Image-2023-07-24-at-19.31.13-150x150.jpeg","type":"","width":"","height":""}],"twitter_card":"summary_large_image","twitter_misc":{"Tiempo de lectura":"2 minutos"},"schema":{"@context":"https:\/\/schema.org","@graph":[{"@type":"WebPage","@id":"https:\/\/www.imapcrystal.com\/en\/imap-transport\/","url":"https:\/\/www.imapcrystal.com\/en\/imap-transport\/","name":"IMAP Transport - IMAP Crystal","isPartOf":{"@id":"https:\/\/www.imapcrystal.com\/en\/#website"},"primaryImageOfPage":{"@id":"https:\/\/www.imapcrystal.com\/en\/imap-transport\/#primaryimage"},"image":{"@id":"https:\/\/www.imapcrystal.com\/en\/imap-transport\/#primaryimage"},"thumbnailUrl":"http:\/\/www.imapcrystal.com\/wp-content\/uploads\/2023\/07\/WhatsApp-Image-2023-07-24-at-19.31.13-150x150.jpeg","datePublished":"2023-07-27T09:05:10+00:00","dateModified":"2023-08-31T09:40:04+00:00","breadcrumb":{"@id":"https:\/\/www.imapcrystal.com\/en\/imap-transport\/#breadcrumb"},"inLanguage":"es","potentialAction":[{"@type":"ReadAction","target":["https:\/\/www.imapcrystal.com\/en\/imap-transport\/"]}]},{"@type":"ImageObject","inLanguage":"es","@id":"https:\/\/www.imapcrystal.com\/en\/imap-transport\/#primaryimage","url":"http:\/\/www.imapcrystal.com\/wp-content\/uploads\/2023\/07\/WhatsApp-Image-2023-07-24-at-19.31.13-150x150.jpeg","contentUrl":"http:\/\/www.imapcrystal.com\/wp-content\/uploads\/2023\/07\/WhatsApp-Image-2023-07-24-at-19.31.13-150x150.jpeg"},{"@type":"BreadcrumbList","@id":"https:\/\/www.imapcrystal.com\/en\/imap-transport\/#breadcrumb","itemListElement":[{"@type":"ListItem","position":1,"name":"Anasayfa","item":"https:\/\/www.imapcrystal.com\/en\/"},{"@type":"ListItem","position":2,"name":"IMAP Transport"}]},{"@type":"WebSite","@id":"https:\/\/www.imapcrystal.com\/en\/#website","url":"https:\/\/www.imapcrystal.com\/en\/","name":"IMAP Crystal","description":"D\u00fcnyan\u0131n En \u015eeffaf ve Parlak Modifiye Atmosfer Paketi (MAP)","publisher":{"@id":"https:\/\/www.imapcrystal.com\/en\/#organization"},"alternateName":"Modifiye Atmosfer Torba","potentialAction":[{"@type":"SearchAction","target":{"@type":"EntryPoint","urlTemplate":"https:\/\/www.imapcrystal.com\/en\/?s={search_term_string}"},"query-input":{"@type":"PropertyValueSpecification","valueRequired":true,"valueName":"search_term_string"}}],"inLanguage":"es"},{"@type":"Organization","@id":"https:\/\/www.imapcrystal.com\/en\/#organization","name":"IMAP Crystal","url":"https:\/\/www.imapcrystal.com\/en\/","logo":{"@type":"ImageObject","inLanguage":"es","@id":"https:\/\/www.imapcrystal.com\/en\/#\/schema\/logo\/image\/","url":"https:\/\/www.imapcrystal.com\/wp-content\/uploads\/2023\/08\/logo.svg","contentUrl":"https:\/\/www.imapcrystal.com\/wp-content\/uploads\/2023\/08\/logo.svg","width":235,"height":68,"caption":"IMAP Crystal"},"image":{"@id":"https:\/\/www.imapcrystal.com\/en\/#\/schema\/logo\/image\/"},"sameAs":["https:\/\/www.instagram.com\/imapcrystal"]}]}},"_links":{"self":[{"href":"http:\/\/www.imapcrystal.com\/es\/wp-json\/wp\/v2\/pages\/9140","targetHints":{"allow":["GET"]}}],"collection":[{"href":"http:\/\/www.imapcrystal.com\/es\/wp-json\/wp\/v2\/pages"}],"about":[{"href":"http:\/\/www.imapcrystal.com\/es\/wp-json\/wp\/v2\/types\/page"}],"author":[{"embeddable":true,"href":"http:\/\/www.imapcrystal.com\/es\/wp-json\/wp\/v2\/users\/1"}],"replies":[{"embeddable":true,"href":"http:\/\/www.imapcrystal.com\/es\/wp-json\/wp\/v2\/comments?post=9140"}],"version-history":[{"count":6,"href":"http:\/\/www.imapcrystal.com\/es\/wp-json\/wp\/v2\/pages\/9140\/revisions"}],"predecessor-version":[{"id":9297,"href":"http:\/\/www.imapcrystal.com\/es\/wp-json\/wp\/v2\/pages\/9140\/revisions\/9297"}],"wp:attachment":[{"href":"http:\/\/www.imapcrystal.com\/es\/wp-json\/wp\/v2\/media?parent=9140"}],"curies":[{"name":"wp","href":"https:\/\/api.w.org\/{rel}","templated":true}]}}