{"id":8624,"date":"2023-07-21T13:07:25","date_gmt":"2023-07-21T13:07:25","guid":{"rendered":"https:\/\/www.imapcrystal.com\/?page_id=8624"},"modified":"2023-09-05T15:56:12","modified_gmt":"2023-09-05T12:56:12","slug":"salatalik-muhafazasi","status":"publish","type":"page","link":"http:\/\/www.imapcrystal.com\/es\/pepino-caso\/","title":{"rendered":"Conservaci\u00f3n del pepino"},"content":{"rendered":"<div data-elementor-type=\"wp-page\" data-elementor-id=\"8624\" class=\"elementor elementor-8624\">\n\t\t\t\t<div class=\"elementor-element elementor-element-262c074 e-flex e-con-boxed e-con e-parent\" data-id=\"262c074\" data-element_type=\"container\" data-settings=\"{&quot;background_background&quot;:&quot;classic&quot;}\">\n\t\t\t\t\t<div class=\"e-con-inner\">\n\t\t<div class=\"elementor-element elementor-element-74170eb e-con-full e-flex e-con e-child\" data-id=\"74170eb\" data-element_type=\"container\" data-settings=\"{&quot;background_background&quot;:&quot;classic&quot;}\">\n\t\t\t\t<div class=\"elementor-element elementor-element-59f5421 elementor-widget elementor-widget-hub_fancy_heading\" data-id=\"59f5421\" data-element_type=\"widget\" data-widget_type=\"hub_fancy_heading.default\">\n\t\t\t\t<div class=\"elementor-widget-container\">\n\t\t\t\t\t\n\t\t<div id=\"ld-fancy-heading-69f87d07510ad\" class=\"ld-fancy-heading pos-rel\">\n\t\t\t\t\t<\/div>\n\n\t\t\t\t\t\t<\/div>\n\t\t\t\t<\/div>\n\t\t\t\t<div class=\"elementor-element elementor-element-b73fe53 elementor-widget elementor-widget-ld_breadcrumb\" data-id=\"b73fe53\" data-element_type=\"widget\" data-widget_type=\"ld_breadcrumb.default\">\n\t\t\t\t<div class=\"elementor-widget-container\">\n\t\t\t\t\t<div class=\"lqd-breadcrumb-wrapper\"><nav role=\"navigation\" aria-label=\"Breadcrumbs\" class=\"breadcrumbs\"><ol class=\"breadcrumb reset-ul inline-nav inline-ul comma-sep-li\"><li class=\"breadcrumb-item active\"><a href=\"http:\/\/www.imapcrystal.com\/es\" rel=\"home\"><span>Home<\/span><\/a><\/li><\/ol><\/nav><\/div>\t\t\t\t<\/div>\n\t\t\t\t<\/div>\n\t\t\t\t<\/div>\n\t\t\t\t\t<\/div>\n\t\t\t\t<\/div>\n\t\t<div data-custom-animations=\"true\" data-ca-options=\"{&quot;addChildTimelines&quot;:false,&quot;animationTarget&quot;:&quot;:scope .e-con-inner &gt; .elementor-element:not(.lqd-exclude-parent-ca) &gt; .elementor-widget-container, :scope .e-con-inner &gt; .elementor-widget-hub_fancy_heading .lqd-split-lines .lqd-lines .split-inner, :scope .e-con-inner &gt; .elementor-widget-hub_fancy_heading .lqd-split-words .lqd-words .split-inner, :scope .e-con-inner &gt; .elementor-widget-hub_fancy_heading .lqd-split-chars .lqd-chars .split-inner, :scope .e-con-inner &gt; .elementor-widget-hub_fancy_heading .lqd-adv-txt-fig, :scope .e-con-inner &gt; .elementor-widget-ld_custom_menu .lqd-fancy-menu &gt; ul &gt; li, :scope .e-con:not([data-parallax]) .e-con-inner &gt; .elementor-element &gt; .elementor-widget-container, :scope .e-con:not([data-parallax]) .e-con-inner &gt; .elementor-widget-hub_fancy_heading .lqd-split-lines .lqd-lines .split-inner, :scope .e-con:not([data-parallax]) .e-con-inner &gt; .elementor-widget-hub_fancy_heading .lqd-split-words .lqd-words .split-inner, :scope .e-con:not([data-parallax]) .e-con-inner &gt; .elementor-widget-hub_fancy_heading .lqd-split-chars .lqd-chars .split-inner, :scope .e-con:not([data-parallax]) .e-con-inner &gt; .elementor-widget-ld_custom_menu .lqd-fancy-menu &gt; ul &gt; li&quot;,&quot;ease&quot;:[&quot;power4.out&quot;],&quot;initValues&quot;:{&quot;y&quot;:&quot;45px&quot;,&quot;scaleX&quot;:1.2,&quot;scaleY&quot;:1.2,&quot;opacity&quot;:0},&quot;animations&quot;:{&quot;y&quot;:&quot;0px&quot;,&quot;scaleX&quot;:1,&quot;scaleY&quot;:1,&quot;opacity&quot;:1}}\" class=\"elementor-element elementor-element-c635fef e-flex e-con-boxed e-con e-parent\" data-id=\"c635fef\" data-element_type=\"container\" data-settings=\"{&quot;background_background&quot;:&quot;classic&quot;}\">\n\t\t\t\t\t<div class=\"e-con-inner\">\n\t\t<div class=\"elementor-element elementor-element-93faf93 e-con-full e-flex e-con e-child\" data-id=\"93faf93\" data-element_type=\"container\">\n\t\t<div class=\"elementor-element elementor-element-cc1c8f3 e-flex e-con-boxed e-con e-child\" data-id=\"cc1c8f3\" data-element_type=\"container\">\n\t\t\t\t\t<div class=\"e-con-inner\">\n\t\t<div class=\"elementor-element elementor-element-097f80a e-flex e-con-boxed e-con e-child\" data-id=\"097f80a\" data-element_type=\"container\">\n\t\t\t\t\t<div class=\"e-con-inner\">\n\t\t\t\t<div class=\"elementor-element elementor-element-5b65ad3 elementor-widget elementor-widget-hub_fancy_heading\" data-id=\"5b65ad3\" data-element_type=\"widget\" data-widget_type=\"hub_fancy_heading.default\">\n\t\t\t\t<div class=\"elementor-widget-container\">\n\t\t\t\t\t\n\t\t<div id=\"ld-fancy-heading-69f87d0755c62\" class=\"ld-fancy-heading pos-rel\">\n\t\t\t<p class=\"ld-fh-element d-inline-block pos-rel  lqd-highlight-classic lqd-highlight-grow-left p\"  > - Imap Cristal<\/p>\t\t<\/div>\n\n\t\t\t\t\t\t<\/div>\n\t\t\t\t<\/div>\n\t\t\t\t<div class=\"elementor-element elementor-element-2392cae elementor-widget elementor-widget-hub_fancy_heading\" data-id=\"2392cae\" data-element_type=\"widget\" data-widget_type=\"hub_fancy_heading.default\">\n\t\t\t\t<div class=\"elementor-widget-container\">\n\t\t\t\t\t\n\t\t<div id=\"ld-fancy-heading-69f87d0756b11\" class=\"ld-fancy-heading pos-rel\">\n\t\t\t<h3 class=\"ld-fh-element d-inline-block pos-rel  elementor-heading-title ld-gradient-heading lqd-highlight-classic lqd-highlight-grow-left h3\"  > Conservaci\u00f3n del pepino<\/h3>\t\t<\/div>\n\n\t\t\t\t\t\t<\/div>\n\t\t\t\t<\/div>\n\t\t\t\t<div class=\"elementor-element elementor-element-b601a79 elementor-widget elementor-widget-text-editor\" data-id=\"b601a79\" data-element_type=\"widget\" data-widget_type=\"text-editor.default\">\n\t\t\t\t<div class=\"elementor-widget-container\">\n\t\t\t\t\t\t\t\t\t<h5 class=\"wp-block-heading\">PAQUETES DE PEPINO CRISTAL IMAP<\/h5><ul><li>Con el sistema de desarrollo de soluciones IMAP Crystal centrado en las necesidades del cliente, se han desarrollado paquetes de atm\u00f3sfera modificada de la serie IMAP Crystal para resolver los problemas encontrados en la exportaci\u00f3n de pepinos.<\/li><li>Incluso sin refrigeraci\u00f3n previa, los pepinos almacenados en envases IMAP Crystal pueden conservarse en fr\u00edo durante 2 semanas de forma muy saludable.<\/li><li>IMAP Crystal es un envase desarrollado para proteger los pepinos recolectados durante su preparaci\u00f3n y transporte al mercado.<\/li><\/ul>\t\t\t\t\t\t\t\t<\/div>\n\t\t\t\t<\/div>\n\t\t\t\t\t<\/div>\n\t\t\t\t<\/div>\n\t\t<div class=\"lqd-css-sticky elementor-element elementor-element-50e4078 e-flex e-con-boxed e-con e-child\" style=\"top: auto; top: 120px;\" data-id=\"50e4078\" data-element_type=\"container\">\n\t\t\t\t\t<div class=\"e-con-inner\">\n\t\t\t\t<div class=\"elementor-element elementor-element-0c1e13d elementor-widget__width-initial elementor-widget elementor-widget-ld_fancy_image\" data-id=\"0c1e13d\" data-element_type=\"widget\" data-widget_type=\"ld_fancy_image.default\">\n\t\t\t\t<div class=\"elementor-widget-container\">\n\t\t\t\t\t\n\t\t<div class=\"lqd-imggrp-single d-block pos-rel perspective\" data-hover3d=\"true\">\n\t\t\t<div class=\"lqd-imggrp-img-container d-inline-flex pos-rel align-items-center justify-content-center transform-style-3d\">\n\t\t\t\t\t\t\t\t<figure class=\"w-100 pos-rel\" data-stacking-factor=\"1\">\n\t\t\t\t\t<img fetchpriority=\"high\" decoding=\"async\" width=\"1024\" height=\"1024\" src=\"http:\/\/www.imapcrystal.com\/wp-content\/uploads\/2023\/07\/snvmbu5cnk0w88gwo0-1-1024x1024-2.png\" class=\"attachment-full size-full wp-image-9183\" alt=\"\" srcset=\"http:\/\/www.imapcrystal.com\/wp-content\/uploads\/2023\/07\/snvmbu5cnk0w88gwo0-1-1024x1024-2.png 1024w, http:\/\/www.imapcrystal.com\/wp-content\/uploads\/2023\/07\/snvmbu5cnk0w88gwo0-1-1024x1024-2-300x300.png 300w, http:\/\/www.imapcrystal.com\/wp-content\/uploads\/2023\/07\/snvmbu5cnk0w88gwo0-1-1024x1024-2-150x150.png 150w, http:\/\/www.imapcrystal.com\/wp-content\/uploads\/2023\/07\/snvmbu5cnk0w88gwo0-1-1024x1024-2-320x320.png 320w, http:\/\/www.imapcrystal.com\/wp-content\/uploads\/2023\/07\/snvmbu5cnk0w88gwo0-1-1024x1024-2-760x760.png 760w, http:\/\/www.imapcrystal.com\/wp-content\/uploads\/2023\/07\/snvmbu5cnk0w88gwo0-1-1024x1024-2-12x12.png 12w\" sizes=\"(max-width: 1024px) 100vw, 1024px\" itemprop=\"image\" \/>\t\t\t\t\t\t\t\t\t\t\t\t\t\t\t\t\t\t\t\t\t\t\t\t\t\t\t\t\t<\/figure>\n\t\t\t<\/div>\n\t\t<\/div>\n\n\t\t\t\t\t<\/div>\n\t\t\t\t<\/div>\n\t\t\t\t\t<\/div>\n\t\t\t\t<\/div>\n\t\t\t\t\t<\/div>\n\t\t\t\t<\/div>\n\t\t<div class=\"elementor-element elementor-element-0b5cd0a e-flex e-con-boxed e-con e-child\" data-id=\"0b5cd0a\" data-element_type=\"container\">\n\t\t\t\t\t<div class=\"e-con-inner\">\n\t\t<div class=\"elementor-element elementor-element-55a406a e-flex e-con-boxed e-con e-child\" data-id=\"55a406a\" data-element_type=\"container\">\n\t\t\t\t\t<div class=\"e-con-inner\">\n\t\t\t\t<div class=\"elementor-element elementor-element-8e94cda elementor-widget elementor-widget-text-editor\" data-id=\"8e94cda\" data-element_type=\"widget\" data-widget_type=\"text-editor.default\">\n\t\t\t\t<div class=\"elementor-widget-container\">\n\t\t\t\t\t\t\t\t\t<h5 class=\"wp-block-heading\">\u00bfPOR QU\u00c9 NECESITA IMAP CRYSTAL?<\/h5><p>En la mayor\u00eda de los casos, las empresas exportadoras de pepinos no pueden preenfriar debido a las condiciones del mercado. Los pepinos envasados sin preenfriar se deterioran hasta que llegan al pa\u00eds de destino. La serie IMAP Crystal se ha desarrollado para eliminar estos problemas.<\/p><h5 class=\"wp-block-heading\">\u00bfQU\u00c9 GANA IMAP CRYSTAL?<\/h5><ul><li>IMAP Crystal proporciona un control eficaz de la humedad en los paquetes incluso cuando no se puede preenfriar. Se puede observar que no hay transpiraci\u00f3n en los paquetes despu\u00e9s de 48 horas.<\/li><li>Los pepinos almacenados en envases IMAP Crystal no presentan problemas de pudrici\u00f3n.<\/li><li>Los pepinos almacenados en envases IMAP Crystal no amarillean ni muestran signos de envejecimiento.<\/li><li>La p\u00e9rdida de peso de los pepinos almacenados en envases IMAP Crystal es m\u00ednima.<\/li><\/ul><h5 class=\"wp-block-heading\">MECANISMO DE ACCI\u00d3N DE IMAP CRYSTAL<\/h5><p>IMAP Crystal protege el pepino utilizando simult\u00e1neamente 3 mecanismos de acci\u00f3n diferentes.<\/p><ol><li>Evita el amarilleamiento y el envejecimiento del producto equilibrando la concentraci\u00f3n de ox\u00edgeno (O2) y di\u00f3xido de carbono (CO2) en el envase al nivel de valor adecuado.<\/li><li>Optimiza la humedad del envase y evita que el producto se pudra.<\/li><li>Gracias a sus propiedades antimicrobianas, protege el producto evitando los microorganismos que causan la caries.<\/li><\/ol>\t\t\t\t\t\t\t\t<\/div>\n\t\t\t\t<\/div>\n\t\t\t\t\t<\/div>\n\t\t\t\t<\/div>\n\t\t\t\t\t<\/div>\n\t\t\t\t<\/div>\n\t\t\t\t<\/div>\n\t\t\t\t\t<\/div>\n\t\t\t\t<\/div>\n\t\t\t\t<\/div>","protected":false},"excerpt":{"rendered":"<p>Anasayfa &#8211; Imap Crystal Salatal\u0131k Muhafazas\u0131 IMAP CRYSTAL SALATALIK PAKETLER\u0130 IMAP Crystal m\u00fc\u015fteri ihtiya\u00e7lar\u0131na odakl\u0131 \u00e7\u00f6z\u00fcm geli\u015ftirme sistemi ilesalatal\u0131k ihracat\u0131nda kar\u015f\u0131la\u015f\u0131lan sorunlar\u0131n \u00e7\u00f6z\u00fcm\u00fc i\u00e7in IMAP Crystal\u00a0serisi modifiye atmosfer paketleri geli\u015ftirilmi\u015ftir. IMAP Crystal paketleri i\u00e7inde muhafaza edilen salatal\u0131k, \u00f6n so\u011futma yap\u0131lmasa dahi so\u011fuk depolarda 2 haftal\u0131k s\u00fcre\u00e7te son derece sa\u011fl\u0131kl\u0131 bir \u015fekilde muhafaza edilebilmektedir. IMAP Crystal [&hellip;]<\/p>","protected":false},"author":1,"featured_media":0,"parent":0,"menu_order":0,"comment_status":"closed","ping_status":"closed","template":"","meta":{"footnotes":""},"class_list":["post-8624","page","type-page","status-publish","hentry"],"yoast_head":"<!-- This site is optimized with the Yoast SEO plugin v24.5 - https:\/\/yoast.com\/wordpress\/plugins\/seo\/ -->\n<title>Salatal\u0131k Muhafazas\u0131 - IMAP Crystal<\/title>\n<meta name=\"robots\" content=\"index, follow, max-snippet:-1, max-image-preview:large, max-video-preview:-1\" \/>\n<link rel=\"canonical\" href=\"https:\/\/www.imapcrystal.com\/es\/cucumber-case\/\" \/>\n<meta property=\"og:locale\" content=\"es_MX\" \/>\n<meta property=\"og:type\" content=\"article\" \/>\n<meta property=\"og:title\" content=\"Salatal\u0131k Muhafazas\u0131 - IMAP Crystal\" \/>\n<meta property=\"og:description\" content=\"Anasayfa &#8211; Imap Crystal Salatal\u0131k Muhafazas\u0131 IMAP CRYSTAL SALATALIK PAKETLER\u0130 IMAP Crystal m\u00fc\u015fteri ihtiya\u00e7lar\u0131na odakl\u0131 \u00e7\u00f6z\u00fcm geli\u015ftirme sistemi ilesalatal\u0131k ihracat\u0131nda kar\u015f\u0131la\u015f\u0131lan sorunlar\u0131n \u00e7\u00f6z\u00fcm\u00fc i\u00e7in IMAP Crystal\u00a0serisi modifiye atmosfer paketleri geli\u015ftirilmi\u015ftir. IMAP Crystal paketleri i\u00e7inde muhafaza edilen salatal\u0131k, \u00f6n so\u011futma yap\u0131lmasa dahi so\u011fuk depolarda 2 haftal\u0131k s\u00fcre\u00e7te son derece sa\u011fl\u0131kl\u0131 bir \u015fekilde muhafaza edilebilmektedir. IMAP Crystal [&hellip;]\" \/>\n<meta property=\"og:url\" content=\"https:\/\/www.imapcrystal.com\/es\/cucumber-case\/\" \/>\n<meta property=\"og:site_name\" content=\"IMAP Crystal\" \/>\n<meta property=\"article:modified_time\" content=\"2023-09-05T12:56:12+00:00\" \/>\n<meta property=\"og:image\" content=\"http:\/\/www.imapcrystal.com\/wp-content\/uploads\/2023\/07\/snvmbu5cnk0w88gwo0-1-1024x1024-2.png\" \/>\n<meta name=\"twitter:card\" content=\"summary_large_image\" \/>\n<meta name=\"twitter:label1\" content=\"Tiempo de lectura\" \/>\n\t<meta name=\"twitter:data1\" content=\"2 minutos\" \/>\n<script type=\"application\/ld+json\" class=\"yoast-schema-graph\">{\"@context\":\"https:\/\/schema.org\",\"@graph\":[{\"@type\":\"WebPage\",\"@id\":\"https:\/\/www.imapcrystal.com\/en\/cucumber-case\/\",\"url\":\"https:\/\/www.imapcrystal.com\/en\/cucumber-case\/\",\"name\":\"Salatal\u0131k Muhafazas\u0131 - IMAP Crystal\",\"isPartOf\":{\"@id\":\"https:\/\/www.imapcrystal.com\/en\/#website\"},\"primaryImageOfPage\":{\"@id\":\"https:\/\/www.imapcrystal.com\/en\/cucumber-case\/#primaryimage\"},\"image\":{\"@id\":\"https:\/\/www.imapcrystal.com\/en\/cucumber-case\/#primaryimage\"},\"thumbnailUrl\":\"http:\/\/www.imapcrystal.com\/wp-content\/uploads\/2023\/07\/snvmbu5cnk0w88gwo0-1-1024x1024-2.png\",\"datePublished\":\"2023-07-21T13:07:25+00:00\",\"dateModified\":\"2023-09-05T12:56:12+00:00\",\"breadcrumb\":{\"@id\":\"https:\/\/www.imapcrystal.com\/en\/cucumber-case\/#breadcrumb\"},\"inLanguage\":\"es\",\"potentialAction\":[{\"@type\":\"ReadAction\",\"target\":[\"https:\/\/www.imapcrystal.com\/en\/cucumber-case\/\"]}]},{\"@type\":\"ImageObject\",\"inLanguage\":\"es\",\"@id\":\"https:\/\/www.imapcrystal.com\/en\/cucumber-case\/#primaryimage\",\"url\":\"http:\/\/www.imapcrystal.com\/wp-content\/uploads\/2023\/07\/snvmbu5cnk0w88gwo0-1-1024x1024-2.png\",\"contentUrl\":\"http:\/\/www.imapcrystal.com\/wp-content\/uploads\/2023\/07\/snvmbu5cnk0w88gwo0-1-1024x1024-2.png\"},{\"@type\":\"BreadcrumbList\",\"@id\":\"https:\/\/www.imapcrystal.com\/en\/cucumber-case\/#breadcrumb\",\"itemListElement\":[{\"@type\":\"ListItem\",\"position\":1,\"name\":\"Anasayfa\",\"item\":\"https:\/\/www.imapcrystal.com\/en\/\"},{\"@type\":\"ListItem\",\"position\":2,\"name\":\"Salatal\u0131k Muhafazas\u0131\"}]},{\"@type\":\"WebSite\",\"@id\":\"https:\/\/www.imapcrystal.com\/en\/#website\",\"url\":\"https:\/\/www.imapcrystal.com\/en\/\",\"name\":\"IMAP Crystal\",\"description\":\"D\u00fcnyan\u0131n En \u015eeffaf ve Parlak Modifiye Atmosfer Paketi (MAP)\",\"publisher\":{\"@id\":\"https:\/\/www.imapcrystal.com\/en\/#organization\"},\"alternateName\":\"Modifiye Atmosfer Torba\",\"potentialAction\":[{\"@type\":\"SearchAction\",\"target\":{\"@type\":\"EntryPoint\",\"urlTemplate\":\"https:\/\/www.imapcrystal.com\/en\/?s={search_term_string}\"},\"query-input\":{\"@type\":\"PropertyValueSpecification\",\"valueRequired\":true,\"valueName\":\"search_term_string\"}}],\"inLanguage\":\"es\"},{\"@type\":\"Organization\",\"@id\":\"https:\/\/www.imapcrystal.com\/en\/#organization\",\"name\":\"IMAP Crystal\",\"url\":\"https:\/\/www.imapcrystal.com\/en\/\",\"logo\":{\"@type\":\"ImageObject\",\"inLanguage\":\"es\",\"@id\":\"https:\/\/www.imapcrystal.com\/en\/#\/schema\/logo\/image\/\",\"url\":\"https:\/\/www.imapcrystal.com\/wp-content\/uploads\/2023\/08\/logo.svg\",\"contentUrl\":\"https:\/\/www.imapcrystal.com\/wp-content\/uploads\/2023\/08\/logo.svg\",\"width\":235,\"height\":68,\"caption\":\"IMAP Crystal\"},\"image\":{\"@id\":\"https:\/\/www.imapcrystal.com\/en\/#\/schema\/logo\/image\/\"},\"sameAs\":[\"https:\/\/www.instagram.com\/imapcrystal\"]}]}<\/script>\n<!-- \/ Yoast SEO plugin. -->","yoast_head_json":{"title":"Salatal\u0131k Muhafazas\u0131 - IMAP Crystal","robots":{"index":"index","follow":"follow","max-snippet":"max-snippet:-1","max-image-preview":"max-image-preview:large","max-video-preview":"max-video-preview:-1"},"canonical":"https:\/\/www.imapcrystal.com\/es\/cucumber-case\/","og_locale":"es_MX","og_type":"article","og_title":"Salatal\u0131k Muhafazas\u0131 - IMAP Crystal","og_description":"Anasayfa &#8211; Imap Crystal Salatal\u0131k Muhafazas\u0131 IMAP CRYSTAL SALATALIK PAKETLER\u0130 IMAP Crystal m\u00fc\u015fteri ihtiya\u00e7lar\u0131na odakl\u0131 \u00e7\u00f6z\u00fcm geli\u015ftirme sistemi ilesalatal\u0131k ihracat\u0131nda kar\u015f\u0131la\u015f\u0131lan sorunlar\u0131n \u00e7\u00f6z\u00fcm\u00fc i\u00e7in IMAP Crystal\u00a0serisi modifiye atmosfer paketleri geli\u015ftirilmi\u015ftir. IMAP Crystal paketleri i\u00e7inde muhafaza edilen salatal\u0131k, \u00f6n so\u011futma yap\u0131lmasa dahi so\u011fuk depolarda 2 haftal\u0131k s\u00fcre\u00e7te son derece sa\u011fl\u0131kl\u0131 bir \u015fekilde muhafaza edilebilmektedir. IMAP Crystal [&hellip;]","og_url":"https:\/\/www.imapcrystal.com\/es\/cucumber-case\/","og_site_name":"IMAP Crystal","article_modified_time":"2023-09-05T12:56:12+00:00","og_image":[{"url":"http:\/\/www.imapcrystal.com\/wp-content\/uploads\/2023\/07\/snvmbu5cnk0w88gwo0-1-1024x1024-2.png","type":"","width":"","height":""}],"twitter_card":"summary_large_image","twitter_misc":{"Tiempo de lectura":"2 minutos"},"schema":{"@context":"https:\/\/schema.org","@graph":[{"@type":"WebPage","@id":"https:\/\/www.imapcrystal.com\/en\/cucumber-case\/","url":"https:\/\/www.imapcrystal.com\/en\/cucumber-case\/","name":"Salatal\u0131k Muhafazas\u0131 - IMAP Crystal","isPartOf":{"@id":"https:\/\/www.imapcrystal.com\/en\/#website"},"primaryImageOfPage":{"@id":"https:\/\/www.imapcrystal.com\/en\/cucumber-case\/#primaryimage"},"image":{"@id":"https:\/\/www.imapcrystal.com\/en\/cucumber-case\/#primaryimage"},"thumbnailUrl":"http:\/\/www.imapcrystal.com\/wp-content\/uploads\/2023\/07\/snvmbu5cnk0w88gwo0-1-1024x1024-2.png","datePublished":"2023-07-21T13:07:25+00:00","dateModified":"2023-09-05T12:56:12+00:00","breadcrumb":{"@id":"https:\/\/www.imapcrystal.com\/en\/cucumber-case\/#breadcrumb"},"inLanguage":"es","potentialAction":[{"@type":"ReadAction","target":["https:\/\/www.imapcrystal.com\/en\/cucumber-case\/"]}]},{"@type":"ImageObject","inLanguage":"es","@id":"https:\/\/www.imapcrystal.com\/en\/cucumber-case\/#primaryimage","url":"http:\/\/www.imapcrystal.com\/wp-content\/uploads\/2023\/07\/snvmbu5cnk0w88gwo0-1-1024x1024-2.png","contentUrl":"http:\/\/www.imapcrystal.com\/wp-content\/uploads\/2023\/07\/snvmbu5cnk0w88gwo0-1-1024x1024-2.png"},{"@type":"BreadcrumbList","@id":"https:\/\/www.imapcrystal.com\/en\/cucumber-case\/#breadcrumb","itemListElement":[{"@type":"ListItem","position":1,"name":"Anasayfa","item":"https:\/\/www.imapcrystal.com\/en\/"},{"@type":"ListItem","position":2,"name":"Salatal\u0131k Muhafazas\u0131"}]},{"@type":"WebSite","@id":"https:\/\/www.imapcrystal.com\/en\/#website","url":"https:\/\/www.imapcrystal.com\/en\/","name":"IMAP Crystal","description":"D\u00fcnyan\u0131n En \u015eeffaf ve Parlak Modifiye Atmosfer Paketi (MAP)","publisher":{"@id":"https:\/\/www.imapcrystal.com\/en\/#organization"},"alternateName":"Modifiye Atmosfer Torba","potentialAction":[{"@type":"SearchAction","target":{"@type":"EntryPoint","urlTemplate":"https:\/\/www.imapcrystal.com\/en\/?s={search_term_string}"},"query-input":{"@type":"PropertyValueSpecification","valueRequired":true,"valueName":"search_term_string"}}],"inLanguage":"es"},{"@type":"Organization","@id":"https:\/\/www.imapcrystal.com\/en\/#organization","name":"IMAP Crystal","url":"https:\/\/www.imapcrystal.com\/en\/","logo":{"@type":"ImageObject","inLanguage":"es","@id":"https:\/\/www.imapcrystal.com\/en\/#\/schema\/logo\/image\/","url":"https:\/\/www.imapcrystal.com\/wp-content\/uploads\/2023\/08\/logo.svg","contentUrl":"https:\/\/www.imapcrystal.com\/wp-content\/uploads\/2023\/08\/logo.svg","width":235,"height":68,"caption":"IMAP Crystal"},"image":{"@id":"https:\/\/www.imapcrystal.com\/en\/#\/schema\/logo\/image\/"},"sameAs":["https:\/\/www.instagram.com\/imapcrystal"]}]}},"_links":{"self":[{"href":"http:\/\/www.imapcrystal.com\/es\/wp-json\/wp\/v2\/pages\/8624","targetHints":{"allow":["GET"]}}],"collection":[{"href":"http:\/\/www.imapcrystal.com\/es\/wp-json\/wp\/v2\/pages"}],"about":[{"href":"http:\/\/www.imapcrystal.com\/es\/wp-json\/wp\/v2\/types\/page"}],"author":[{"embeddable":true,"href":"http:\/\/www.imapcrystal.com\/es\/wp-json\/wp\/v2\/users\/1"}],"replies":[{"embeddable":true,"href":"http:\/\/www.imapcrystal.com\/es\/wp-json\/wp\/v2\/comments?post=8624"}],"version-history":[{"count":6,"href":"http:\/\/www.imapcrystal.com\/es\/wp-json\/wp\/v2\/pages\/8624\/revisions"}],"predecessor-version":[{"id":9389,"href":"http:\/\/www.imapcrystal.com\/es\/wp-json\/wp\/v2\/pages\/8624\/revisions\/9389"}],"wp:attachment":[{"href":"http:\/\/www.imapcrystal.com\/es\/wp-json\/wp\/v2\/media?parent=8624"}],"curies":[{"name":"wp","href":"https:\/\/api.w.org\/{rel}","templated":true}]}}