{"id":8531,"date":"2023-07-21T11:37:02","date_gmt":"2023-07-21T11:37:02","guid":{"rendered":"https:\/\/www.imapcrystal.com\/?page_id=8531"},"modified":"2023-09-14T12:40:11","modified_gmt":"2023-09-14T09:40:11","slug":"modifiye-atmosfer-paketleme","status":"publish","type":"page","link":"http:\/\/www.imapcrystal.com\/es\/envasado-en-atmosfera-modificada\/","title":{"rendered":"Envasado en atm\u00f3sfera modificada"},"content":{"rendered":"<div data-elementor-type=\"wp-page\" data-elementor-id=\"8531\" class=\"elementor elementor-8531\">\n\t\t\t\t<div class=\"elementor-element elementor-element-1705f9c e-flex e-con-boxed e-con e-parent\" data-id=\"1705f9c\" data-element_type=\"container\" data-settings=\"{&quot;background_background&quot;:&quot;classic&quot;}\">\n\t\t\t\t\t<div class=\"e-con-inner\">\n\t\t<div class=\"elementor-element elementor-element-785f0a6 e-con-full e-flex e-con e-child\" data-id=\"785f0a6\" data-element_type=\"container\">\n\t\t\t\t<div class=\"elementor-element elementor-element-8059b3d elementor-widget elementor-widget-hub_fancy_heading\" data-id=\"8059b3d\" data-element_type=\"widget\" data-widget_type=\"hub_fancy_heading.default\">\n\t\t\t\t<div class=\"elementor-widget-container\">\n\t\t\t\t\t\n\t\t<div id=\"ld-fancy-heading-69f59a4594dfc\" class=\"ld-fancy-heading pos-rel\">\n\t\t\t\t\t<\/div>\n\n\t\t\t\t\t\t<\/div>\n\t\t\t\t<\/div>\n\t\t\t\t<div class=\"elementor-element elementor-element-90bb26d elementor-widget elementor-widget-ld_breadcrumb\" data-id=\"90bb26d\" data-element_type=\"widget\" data-widget_type=\"ld_breadcrumb.default\">\n\t\t\t\t<div class=\"elementor-widget-container\">\n\t\t\t\t\t<div class=\"lqd-breadcrumb-wrapper\"><nav role=\"navigation\" aria-label=\"Breadcrumbs\" class=\"breadcrumbs\"><ol class=\"breadcrumb reset-ul inline-nav inline-ul comma-sep-li\"><li class=\"breadcrumb-item active\"><a href=\"http:\/\/www.imapcrystal.com\/es\" rel=\"home\"><span>Home<\/span><\/a><\/li><\/ol><\/nav><\/div>\t\t\t\t<\/div>\n\t\t\t\t<\/div>\n\t\t\t\t<\/div>\n\t\t\t\t\t<\/div>\n\t\t\t\t<\/div>\n\t\t<div data-custom-animations=\"true\" data-ca-options=\"{&quot;addChildTimelines&quot;:false,&quot;animationTarget&quot;:&quot;:scope .e-con-inner &gt; .elementor-element:not(.lqd-exclude-parent-ca) &gt; .elementor-widget-container, :scope .e-con-inner &gt; .elementor-widget-hub_fancy_heading .lqd-split-lines .lqd-lines .split-inner, :scope .e-con-inner &gt; .elementor-widget-hub_fancy_heading .lqd-split-words .lqd-words .split-inner, :scope .e-con-inner &gt; .elementor-widget-hub_fancy_heading .lqd-split-chars .lqd-chars .split-inner, :scope .e-con-inner &gt; .elementor-widget-hub_fancy_heading .lqd-adv-txt-fig, :scope .e-con-inner &gt; .elementor-widget-ld_custom_menu .lqd-fancy-menu &gt; ul &gt; li, :scope .e-con:not([data-parallax]) .e-con-inner &gt; .elementor-element &gt; .elementor-widget-container, :scope .e-con:not([data-parallax]) .e-con-inner &gt; .elementor-widget-hub_fancy_heading .lqd-split-lines .lqd-lines .split-inner, :scope .e-con:not([data-parallax]) .e-con-inner &gt; .elementor-widget-hub_fancy_heading .lqd-split-words .lqd-words .split-inner, :scope .e-con:not([data-parallax]) .e-con-inner &gt; .elementor-widget-hub_fancy_heading .lqd-split-chars .lqd-chars .split-inner, :scope .e-con:not([data-parallax]) .e-con-inner &gt; .elementor-widget-ld_custom_menu .lqd-fancy-menu &gt; ul &gt; li&quot;,&quot;ease&quot;:[&quot;power4.out&quot;],&quot;initValues&quot;:{&quot;y&quot;:&quot;45px&quot;,&quot;scaleX&quot;:1.2,&quot;scaleY&quot;:1.2,&quot;opacity&quot;:0},&quot;animations&quot;:{&quot;y&quot;:&quot;0px&quot;,&quot;scaleX&quot;:1,&quot;scaleY&quot;:1,&quot;opacity&quot;:1}}\" class=\"elementor-element elementor-element-26f9a22 e-flex e-con-boxed e-con e-parent\" data-id=\"26f9a22\" data-element_type=\"container\" data-settings=\"{&quot;background_background&quot;:&quot;classic&quot;}\">\n\t\t\t\t\t<div class=\"e-con-inner\">\n\t\t<div class=\"elementor-element elementor-element-3e9fefa e-con-full e-flex e-con e-child\" data-id=\"3e9fefa\" data-element_type=\"container\">\n\t\t<div class=\"elementor-element elementor-element-ea51d5e e-flex e-con-boxed e-con e-child\" data-id=\"ea51d5e\" data-element_type=\"container\">\n\t\t\t\t\t<div class=\"e-con-inner\">\n\t\t<div class=\"elementor-element elementor-element-7815e35 e-flex e-con-boxed e-con e-child\" data-id=\"7815e35\" data-element_type=\"container\">\n\t\t\t\t\t<div class=\"e-con-inner\">\n\t\t\t\t<div class=\"elementor-element elementor-element-d1aec48 elementor-widget elementor-widget-hub_fancy_heading\" data-id=\"d1aec48\" data-element_type=\"widget\" data-widget_type=\"hub_fancy_heading.default\">\n\t\t\t\t<div class=\"elementor-widget-container\">\n\t\t\t\t\t\n\t\t<div id=\"ld-fancy-heading-69f59a45979ff\" class=\"ld-fancy-heading pos-rel\">\n\t\t\t<p class=\"ld-fh-element d-inline-block pos-rel  lqd-highlight-classic lqd-highlight-grow-left p\"  > - Imap Cristal<\/p>\t\t<\/div>\n\n\t\t\t\t\t\t<\/div>\n\t\t\t\t<\/div>\n\t\t\t\t<div class=\"elementor-element elementor-element-ac046e0 elementor-widget elementor-widget-hub_fancy_heading\" data-id=\"ac046e0\" data-element_type=\"widget\" data-widget_type=\"hub_fancy_heading.default\">\n\t\t\t\t<div class=\"elementor-widget-container\">\n\t\t\t\t\t\n\t\t<div id=\"ld-fancy-heading-69f59a4598375\" class=\"ld-fancy-heading pos-rel\">\n\t\t\t<h3 class=\"ld-fh-element d-inline-block pos-rel  elementor-heading-title ld-gradient-heading lqd-highlight-classic lqd-highlight-grow-left h3\"  > Envasado en atm\u00f3sfera modificada<\/h3>\t\t<\/div>\n\n\t\t\t\t\t\t<\/div>\n\t\t\t\t<\/div>\n\t\t\t\t<div class=\"elementor-element elementor-element-6a0e6c4 elementor-widget elementor-widget-hub_fancy_heading\" data-id=\"6a0e6c4\" data-element_type=\"widget\" data-widget_type=\"hub_fancy_heading.default\">\n\t\t\t\t<div class=\"elementor-widget-container\">\n\t\t\t\t\t\n\t\t<div id=\"ld-fancy-heading-69f59a4598afe\" class=\"ld-fancy-heading pos-rel\">\n\t\t\t<p class=\"ld-fh-element d-inline-block pos-rel  lqd-highlight-classic lqd-highlight-grow-left p\"  > El envasado en atm\u00f3sfera modificada (MAP) se basa en cambiar la composici\u00f3n de los gases que se forman en el envase sellado y alrededor del producto.\n\nAl reducir la cantidad de ox\u00edgeno (O2) y aumentar la de di\u00f3xido de carbono (CO2) en el envase, se reduce la tasa de respiraci\u00f3n de las frutas y verduras almacenadas y se prolonga la vida fisiol\u00f3gica del producto.\n<\/p>\t\t<\/div>\n\n\t\t\t\t\t\t<\/div>\n\t\t\t\t<\/div>\n\t\t\t\t<div class=\"elementor-element elementor-element-afa98b5 elementor-widget elementor-widget-hub_fancy_heading\" data-id=\"afa98b5\" data-element_type=\"widget\" data-widget_type=\"hub_fancy_heading.default\">\n\t\t\t\t<div class=\"elementor-widget-container\">\n\t\t\t\t\t\n\t\t<div id=\"ld-fancy-heading-69f59a4599294\" class=\"ld-fancy-heading pos-rel\">\n\t\t\t<p class=\"ld-fh-element d-inline-block pos-rel  lqd-highlight-classic lqd-highlight-grow-left p\"  > \n- Cosecha<br>\n\n- Preparaci\u00f3n del mercado<br>\n\n- Transportes<br>\n\n- Almacenamiento al inicio del env\u00edo<br>\n\n- Mercados minoristas<br>\n\n- Consumidores<\/p>\t\t<\/div>\n\n\t\t\t\t\t\t<\/div>\n\t\t\t\t<\/div>\n\t\t\t\t\t<\/div>\n\t\t\t\t<\/div>\n\t\t\t\t\t<\/div>\n\t\t\t\t<\/div>\n\t\t<div class=\"elementor-element elementor-element-f64f494 e-flex e-con-boxed e-con e-child\" data-id=\"f64f494\" data-element_type=\"container\">\n\t\t\t\t\t<div class=\"e-con-inner\">\n\t\t\t\t<div class=\"elementor-element elementor-element-d431702 elementor-widget elementor-widget-video\" data-id=\"d431702\" data-element_type=\"widget\" data-settings=\"{&quot;youtube_url&quot;:&quot;https:\\\/\\\/www.youtube.com\\\/watch?v=tQQW2-6OOb0&quot;,&quot;autoplay&quot;:&quot;yes&quot;,&quot;play_on_mobile&quot;:&quot;yes&quot;,&quot;video_type&quot;:&quot;youtube&quot;,&quot;controls&quot;:&quot;yes&quot;}\" data-widget_type=\"video.default\">\n\t\t\t\t<div class=\"elementor-widget-container\">\n\t\t\t\t\t<style>.elementor-element-d431702{display:none !important}<\/style>\t\t\t\t<\/div>\n\t\t\t\t<\/div>\n\t\t\t\t\t<\/div>\n\t\t\t\t<\/div>\n\t\t<div class=\"elementor-element elementor-element-59415b6 e-flex e-con-boxed e-con e-child\" data-id=\"59415b6\" data-element_type=\"container\">\n\t\t\t\t\t<div class=\"e-con-inner\">\n\t\t\t\t<div class=\"elementor-element elementor-element-f8a8004 elementor-widget elementor-widget-video\" data-id=\"f8a8004\" data-element_type=\"widget\" data-settings=\"{&quot;youtube_url&quot;:&quot;https:\\\/\\\/www.youtube.com\\\/watch?v=fM0IhJ_G5oI&quot;,&quot;autoplay&quot;:&quot;yes&quot;,&quot;play_on_mobile&quot;:&quot;yes&quot;,&quot;video_type&quot;:&quot;youtube&quot;,&quot;controls&quot;:&quot;yes&quot;}\" data-widget_type=\"video.default\">\n\t\t\t\t<div class=\"elementor-widget-container\">\n\t\t\t\t\t\t\t<div class=\"elementor-wrapper elementor-open-inline\">\n\t\t\t<div class=\"elementor-video\"><\/div>\t\t<\/div>\n\t\t\t\t\t\t<\/div>\n\t\t\t\t<\/div>\n\t\t\t\t\t<\/div>\n\t\t\t\t<\/div>\n\t\t\t\t<\/div>\n\t\t\t\t\t<\/div>\n\t\t\t\t<\/div>\n\t\t\t\t<\/div>","protected":false},"excerpt":{"rendered":"<p>Anasayfa &#8211; Imap Crystal Modifiye Atmosfer Paketleme Modifiye Atmosfer Paketleme (MAP), a\u011fz\u0131 kapat\u0131lm\u0131\u015f paket i\u00e7erisinde ve \u00fcr\u00fcn\u00fcn etrafinda olu\u015fan gazlar\u0131n bile\u015fiminde de\u011fi\u015fiklik yap\u0131lmas\u0131 esas\u0131na dayanmaktad\u0131r. Paket i\u00e7erisindeki karbondioksit (CO2) miktar\u0131n\u0131 y\u00fckseltirken oksijen (O2) miktar\u0131n\u0131n azalt\u0131lmas\u0131, depolanan meyve ve sebzenin solunum oran\u0131n\u0131n azalt\u0131lmas\u0131 ve \u00fcr\u00fcn\u00fcn fizyolojik \u00f6mr\u00fcn\u00fcn uzamas\u0131 sonucunu verir. \u2022 Hasat \u2022 Pazara haz\u0131rl\u0131k \u2022 [&hellip;]<\/p>","protected":false},"author":1,"featured_media":0,"parent":0,"menu_order":0,"comment_status":"closed","ping_status":"closed","template":"","meta":{"footnotes":""},"class_list":["post-8531","page","type-page","status-publish","hentry"],"yoast_head":"<!-- This site is optimized with the Yoast SEO plugin v24.5 - https:\/\/yoast.com\/wordpress\/plugins\/seo\/ -->\n<title>Modifiye Atmosfer Paketleme - IMAP Crystal<\/title>\n<meta name=\"robots\" content=\"index, follow, max-snippet:-1, max-image-preview:large, max-video-preview:-1\" \/>\n<link rel=\"canonical\" href=\"https:\/\/www.imapcrystal.com\/es\/modified-atmosphere-packaging\/\" \/>\n<meta property=\"og:locale\" content=\"es_MX\" \/>\n<meta property=\"og:type\" content=\"article\" \/>\n<meta property=\"og:title\" content=\"Modifiye Atmosfer Paketleme - IMAP Crystal\" \/>\n<meta property=\"og:description\" content=\"Anasayfa &#8211; Imap Crystal Modifiye Atmosfer Paketleme Modifiye Atmosfer Paketleme (MAP), a\u011fz\u0131 kapat\u0131lm\u0131\u015f paket i\u00e7erisinde ve \u00fcr\u00fcn\u00fcn etrafinda olu\u015fan gazlar\u0131n bile\u015fiminde de\u011fi\u015fiklik yap\u0131lmas\u0131 esas\u0131na dayanmaktad\u0131r. Paket i\u00e7erisindeki karbondioksit (CO2) miktar\u0131n\u0131 y\u00fckseltirken oksijen (O2) miktar\u0131n\u0131n azalt\u0131lmas\u0131, depolanan meyve ve sebzenin solunum oran\u0131n\u0131n azalt\u0131lmas\u0131 ve \u00fcr\u00fcn\u00fcn fizyolojik \u00f6mr\u00fcn\u00fcn uzamas\u0131 sonucunu verir. \u2022 Hasat \u2022 Pazara haz\u0131rl\u0131k \u2022 [&hellip;]\" \/>\n<meta property=\"og:url\" content=\"https:\/\/www.imapcrystal.com\/es\/modified-atmosphere-packaging\/\" \/>\n<meta property=\"og:site_name\" content=\"IMAP Crystal\" \/>\n<meta property=\"article:modified_time\" content=\"2023-09-14T09:40:11+00:00\" \/>\n<meta name=\"twitter:card\" content=\"summary_large_image\" \/>\n<meta name=\"twitter:label1\" content=\"Tiempo de lectura\" \/>\n\t<meta name=\"twitter:data1\" content=\"1 minuto\" \/>\n<script type=\"application\/ld+json\" class=\"yoast-schema-graph\">{\"@context\":\"https:\/\/schema.org\",\"@graph\":[{\"@type\":\"WebPage\",\"@id\":\"https:\/\/www.imapcrystal.com\/en\/modified-atmosphere-packaging\/\",\"url\":\"https:\/\/www.imapcrystal.com\/en\/modified-atmosphere-packaging\/\",\"name\":\"Modifiye Atmosfer Paketleme - IMAP Crystal\",\"isPartOf\":{\"@id\":\"https:\/\/www.imapcrystal.com\/en\/#website\"},\"datePublished\":\"2023-07-21T11:37:02+00:00\",\"dateModified\":\"2023-09-14T09:40:11+00:00\",\"breadcrumb\":{\"@id\":\"https:\/\/www.imapcrystal.com\/en\/modified-atmosphere-packaging\/#breadcrumb\"},\"inLanguage\":\"es\",\"potentialAction\":[{\"@type\":\"ReadAction\",\"target\":[\"https:\/\/www.imapcrystal.com\/en\/modified-atmosphere-packaging\/\"]}]},{\"@type\":\"BreadcrumbList\",\"@id\":\"https:\/\/www.imapcrystal.com\/en\/modified-atmosphere-packaging\/#breadcrumb\",\"itemListElement\":[{\"@type\":\"ListItem\",\"position\":1,\"name\":\"Anasayfa\",\"item\":\"https:\/\/www.imapcrystal.com\/en\/\"},{\"@type\":\"ListItem\",\"position\":2,\"name\":\"Modifiye Atmosfer Paketleme\"}]},{\"@type\":\"WebSite\",\"@id\":\"https:\/\/www.imapcrystal.com\/en\/#website\",\"url\":\"https:\/\/www.imapcrystal.com\/en\/\",\"name\":\"IMAP Crystal\",\"description\":\"D\u00fcnyan\u0131n En \u015eeffaf ve Parlak Modifiye Atmosfer Paketi (MAP)\",\"publisher\":{\"@id\":\"https:\/\/www.imapcrystal.com\/en\/#organization\"},\"alternateName\":\"Modifiye Atmosfer Torba\",\"potentialAction\":[{\"@type\":\"SearchAction\",\"target\":{\"@type\":\"EntryPoint\",\"urlTemplate\":\"https:\/\/www.imapcrystal.com\/en\/?s={search_term_string}\"},\"query-input\":{\"@type\":\"PropertyValueSpecification\",\"valueRequired\":true,\"valueName\":\"search_term_string\"}}],\"inLanguage\":\"es\"},{\"@type\":\"Organization\",\"@id\":\"https:\/\/www.imapcrystal.com\/en\/#organization\",\"name\":\"IMAP Crystal\",\"url\":\"https:\/\/www.imapcrystal.com\/en\/\",\"logo\":{\"@type\":\"ImageObject\",\"inLanguage\":\"es\",\"@id\":\"https:\/\/www.imapcrystal.com\/en\/#\/schema\/logo\/image\/\",\"url\":\"https:\/\/www.imapcrystal.com\/wp-content\/uploads\/2023\/08\/logo.svg\",\"contentUrl\":\"https:\/\/www.imapcrystal.com\/wp-content\/uploads\/2023\/08\/logo.svg\",\"width\":235,\"height\":68,\"caption\":\"IMAP Crystal\"},\"image\":{\"@id\":\"https:\/\/www.imapcrystal.com\/en\/#\/schema\/logo\/image\/\"},\"sameAs\":[\"https:\/\/www.instagram.com\/imapcrystal\"]}]}<\/script>\n<!-- \/ Yoast SEO plugin. -->","yoast_head_json":{"title":"Modifiye Atmosfer Paketleme - IMAP Crystal","robots":{"index":"index","follow":"follow","max-snippet":"max-snippet:-1","max-image-preview":"max-image-preview:large","max-video-preview":"max-video-preview:-1"},"canonical":"https:\/\/www.imapcrystal.com\/es\/modified-atmosphere-packaging\/","og_locale":"es_MX","og_type":"article","og_title":"Modifiye Atmosfer Paketleme - IMAP Crystal","og_description":"Anasayfa &#8211; Imap Crystal Modifiye Atmosfer Paketleme Modifiye Atmosfer Paketleme (MAP), a\u011fz\u0131 kapat\u0131lm\u0131\u015f paket i\u00e7erisinde ve \u00fcr\u00fcn\u00fcn etrafinda olu\u015fan gazlar\u0131n bile\u015fiminde de\u011fi\u015fiklik yap\u0131lmas\u0131 esas\u0131na dayanmaktad\u0131r. Paket i\u00e7erisindeki karbondioksit (CO2) miktar\u0131n\u0131 y\u00fckseltirken oksijen (O2) miktar\u0131n\u0131n azalt\u0131lmas\u0131, depolanan meyve ve sebzenin solunum oran\u0131n\u0131n azalt\u0131lmas\u0131 ve \u00fcr\u00fcn\u00fcn fizyolojik \u00f6mr\u00fcn\u00fcn uzamas\u0131 sonucunu verir. \u2022 Hasat \u2022 Pazara haz\u0131rl\u0131k \u2022 [&hellip;]","og_url":"https:\/\/www.imapcrystal.com\/es\/modified-atmosphere-packaging\/","og_site_name":"IMAP Crystal","article_modified_time":"2023-09-14T09:40:11+00:00","twitter_card":"summary_large_image","twitter_misc":{"Tiempo de lectura":"1 minuto"},"schema":{"@context":"https:\/\/schema.org","@graph":[{"@type":"WebPage","@id":"https:\/\/www.imapcrystal.com\/en\/modified-atmosphere-packaging\/","url":"https:\/\/www.imapcrystal.com\/en\/modified-atmosphere-packaging\/","name":"Modifiye Atmosfer Paketleme - IMAP Crystal","isPartOf":{"@id":"https:\/\/www.imapcrystal.com\/en\/#website"},"datePublished":"2023-07-21T11:37:02+00:00","dateModified":"2023-09-14T09:40:11+00:00","breadcrumb":{"@id":"https:\/\/www.imapcrystal.com\/en\/modified-atmosphere-packaging\/#breadcrumb"},"inLanguage":"es","potentialAction":[{"@type":"ReadAction","target":["https:\/\/www.imapcrystal.com\/en\/modified-atmosphere-packaging\/"]}]},{"@type":"BreadcrumbList","@id":"https:\/\/www.imapcrystal.com\/en\/modified-atmosphere-packaging\/#breadcrumb","itemListElement":[{"@type":"ListItem","position":1,"name":"Anasayfa","item":"https:\/\/www.imapcrystal.com\/en\/"},{"@type":"ListItem","position":2,"name":"Modifiye Atmosfer Paketleme"}]},{"@type":"WebSite","@id":"https:\/\/www.imapcrystal.com\/en\/#website","url":"https:\/\/www.imapcrystal.com\/en\/","name":"IMAP Crystal","description":"D\u00fcnyan\u0131n En \u015eeffaf ve Parlak Modifiye Atmosfer Paketi (MAP)","publisher":{"@id":"https:\/\/www.imapcrystal.com\/en\/#organization"},"alternateName":"Modifiye Atmosfer Torba","potentialAction":[{"@type":"SearchAction","target":{"@type":"EntryPoint","urlTemplate":"https:\/\/www.imapcrystal.com\/en\/?s={search_term_string}"},"query-input":{"@type":"PropertyValueSpecification","valueRequired":true,"valueName":"search_term_string"}}],"inLanguage":"es"},{"@type":"Organization","@id":"https:\/\/www.imapcrystal.com\/en\/#organization","name":"IMAP Crystal","url":"https:\/\/www.imapcrystal.com\/en\/","logo":{"@type":"ImageObject","inLanguage":"es","@id":"https:\/\/www.imapcrystal.com\/en\/#\/schema\/logo\/image\/","url":"https:\/\/www.imapcrystal.com\/wp-content\/uploads\/2023\/08\/logo.svg","contentUrl":"https:\/\/www.imapcrystal.com\/wp-content\/uploads\/2023\/08\/logo.svg","width":235,"height":68,"caption":"IMAP Crystal"},"image":{"@id":"https:\/\/www.imapcrystal.com\/en\/#\/schema\/logo\/image\/"},"sameAs":["https:\/\/www.instagram.com\/imapcrystal"]}]}},"_links":{"self":[{"href":"http:\/\/www.imapcrystal.com\/es\/wp-json\/wp\/v2\/pages\/8531","targetHints":{"allow":["GET"]}}],"collection":[{"href":"http:\/\/www.imapcrystal.com\/es\/wp-json\/wp\/v2\/pages"}],"about":[{"href":"http:\/\/www.imapcrystal.com\/es\/wp-json\/wp\/v2\/types\/page"}],"author":[{"embeddable":true,"href":"http:\/\/www.imapcrystal.com\/es\/wp-json\/wp\/v2\/users\/1"}],"replies":[{"embeddable":true,"href":"http:\/\/www.imapcrystal.com\/es\/wp-json\/wp\/v2\/comments?post=8531"}],"version-history":[{"count":15,"href":"http:\/\/www.imapcrystal.com\/es\/wp-json\/wp\/v2\/pages\/8531\/revisions"}],"predecessor-version":[{"id":9430,"href":"http:\/\/www.imapcrystal.com\/es\/wp-json\/wp\/v2\/pages\/8531\/revisions\/9430"}],"wp:attachment":[{"href":"http:\/\/www.imapcrystal.com\/es\/wp-json\/wp\/v2\/media?parent=8531"}],"curies":[{"name":"wp","href":"https:\/\/api.w.org\/{rel}","templated":true}]}}