{"id":9173,"date":"2023-07-27T17:52:44","date_gmt":"2023-07-27T14:52:44","guid":{"rendered":"https:\/\/www.imapcrystal.com\/?page_id=9173"},"modified":"2023-07-27T17:54:49","modified_gmt":"2023-07-27T14:54:49","slug":"kiraz-muhafazasi","status":"publish","type":"page","link":"http:\/\/www.imapcrystal.com\/en\/cherry-preservation\/","title":{"rendered":"Cherry Preservation"},"content":{"rendered":"<div data-elementor-type=\"wp-page\" data-elementor-id=\"9173\" class=\"elementor elementor-9173\">\n\t\t\t\t<div class=\"elementor-element elementor-element-262c074 e-flex e-con-boxed e-con e-parent\" data-id=\"262c074\" data-element_type=\"container\" data-settings=\"{&quot;background_background&quot;:&quot;classic&quot;}\">\n\t\t\t\t\t<div class=\"e-con-inner\">\n\t\t<div class=\"elementor-element elementor-element-74170eb e-con-full e-flex e-con e-child\" data-id=\"74170eb\" data-element_type=\"container\" data-settings=\"{&quot;background_background&quot;:&quot;classic&quot;}\">\n\t\t\t\t<div class=\"elementor-element elementor-element-59f5421 elementor-widget elementor-widget-hub_fancy_heading\" data-id=\"59f5421\" data-element_type=\"widget\" data-widget_type=\"hub_fancy_heading.default\">\n\t\t\t\t<div class=\"elementor-widget-container\">\n\t\t\t\t\t\n\t\t<div id=\"ld-fancy-heading-69f3a15a59c4a\" class=\"ld-fancy-heading pos-rel\">\n\t\t\t\t\t<\/div>\n\n\t\t\t\t\t\t<\/div>\n\t\t\t\t<\/div>\n\t\t\t\t<div class=\"elementor-element elementor-element-b73fe53 elementor-widget elementor-widget-ld_breadcrumb\" data-id=\"b73fe53\" data-element_type=\"widget\" data-widget_type=\"ld_breadcrumb.default\">\n\t\t\t\t<div class=\"elementor-widget-container\">\n\t\t\t\t\t<div class=\"lqd-breadcrumb-wrapper\"><nav role=\"navigation\" aria-label=\"Breadcrumbs\" class=\"breadcrumbs\"><ol class=\"breadcrumb reset-ul inline-nav inline-ul comma-sep-li\"><li class=\"breadcrumb-item active\"><a href=\"http:\/\/www.imapcrystal.com\/en\" rel=\"home\"><span>Home<\/span><\/a><\/li><\/ol><\/nav><\/div>\t\t\t\t<\/div>\n\t\t\t\t<\/div>\n\t\t\t\t<\/div>\n\t\t\t\t\t<\/div>\n\t\t\t\t<\/div>\n\t\t<div data-custom-animations=\"true\" data-ca-options=\"{&quot;addChildTimelines&quot;:false,&quot;animationTarget&quot;:&quot;:scope .e-con-inner &gt; .elementor-element:not(.lqd-exclude-parent-ca) &gt; .elementor-widget-container, :scope .e-con-inner &gt; .elementor-widget-hub_fancy_heading .lqd-split-lines .lqd-lines .split-inner, :scope .e-con-inner &gt; .elementor-widget-hub_fancy_heading .lqd-split-words .lqd-words .split-inner, :scope .e-con-inner &gt; .elementor-widget-hub_fancy_heading .lqd-split-chars .lqd-chars .split-inner, :scope .e-con-inner &gt; .elementor-widget-hub_fancy_heading .lqd-adv-txt-fig, :scope .e-con-inner &gt; .elementor-widget-ld_custom_menu .lqd-fancy-menu &gt; ul &gt; li, :scope .e-con:not([data-parallax]) .e-con-inner &gt; .elementor-element &gt; .elementor-widget-container, :scope .e-con:not([data-parallax]) .e-con-inner &gt; .elementor-widget-hub_fancy_heading .lqd-split-lines .lqd-lines .split-inner, :scope .e-con:not([data-parallax]) .e-con-inner &gt; .elementor-widget-hub_fancy_heading .lqd-split-words .lqd-words .split-inner, :scope .e-con:not([data-parallax]) .e-con-inner &gt; .elementor-widget-hub_fancy_heading .lqd-split-chars .lqd-chars .split-inner, :scope .e-con:not([data-parallax]) .e-con-inner &gt; .elementor-widget-ld_custom_menu .lqd-fancy-menu &gt; ul &gt; li&quot;,&quot;ease&quot;:[&quot;power4.out&quot;],&quot;initValues&quot;:{&quot;y&quot;:&quot;45px&quot;,&quot;scaleX&quot;:1.2,&quot;scaleY&quot;:1.2,&quot;opacity&quot;:0},&quot;animations&quot;:{&quot;y&quot;:&quot;0px&quot;,&quot;scaleX&quot;:1,&quot;scaleY&quot;:1,&quot;opacity&quot;:1}}\" class=\"elementor-element elementor-element-c635fef e-flex e-con-boxed e-con e-parent\" data-id=\"c635fef\" data-element_type=\"container\" data-settings=\"{&quot;background_background&quot;:&quot;classic&quot;}\">\n\t\t\t\t\t<div class=\"e-con-inner\">\n\t\t<div class=\"elementor-element elementor-element-93faf93 e-con-full e-flex e-con e-child\" data-id=\"93faf93\" data-element_type=\"container\">\n\t\t<div class=\"elementor-element elementor-element-cc1c8f3 e-flex e-con-boxed e-con e-child\" data-id=\"cc1c8f3\" data-element_type=\"container\">\n\t\t\t\t\t<div class=\"e-con-inner\">\n\t\t<div class=\"elementor-element elementor-element-097f80a e-flex e-con-boxed e-con e-child\" data-id=\"097f80a\" data-element_type=\"container\">\n\t\t\t\t\t<div class=\"e-con-inner\">\n\t\t\t\t<div class=\"elementor-element elementor-element-5b65ad3 elementor-widget elementor-widget-hub_fancy_heading\" data-id=\"5b65ad3\" data-element_type=\"widget\" data-widget_type=\"hub_fancy_heading.default\">\n\t\t\t\t<div class=\"elementor-widget-container\">\n\t\t\t\t\t\n\t\t<div id=\"ld-fancy-heading-69f3a15a5c7b1\" class=\"ld-fancy-heading pos-rel\">\n\t\t\t<p class=\"ld-fh-element d-inline-block pos-rel  lqd-highlight-classic lqd-highlight-grow-left p\"  > - Imap Crystal<\/p>\t\t<\/div>\n\n\t\t\t\t\t\t<\/div>\n\t\t\t\t<\/div>\n\t\t\t\t<div class=\"elementor-element elementor-element-2392cae elementor-widget elementor-widget-hub_fancy_heading\" data-id=\"2392cae\" data-element_type=\"widget\" data-widget_type=\"hub_fancy_heading.default\">\n\t\t\t\t<div class=\"elementor-widget-container\">\n\t\t\t\t\t\n\t\t<div id=\"ld-fancy-heading-69f3a15a5cfe0\" class=\"ld-fancy-heading pos-rel\">\n\t\t\t<h3 class=\"ld-fh-element d-inline-block pos-rel  elementor-heading-title ld-gradient-heading lqd-highlight-classic lqd-highlight-grow-left h3\"  > Cherry Preservation\n<\/h3>\t\t<\/div>\n\n\t\t\t\t\t\t<\/div>\n\t\t\t\t<\/div>\n\t\t\t\t<div class=\"elementor-element elementor-element-b601a79 elementor-widget elementor-widget-text-editor\" data-id=\"b601a79\" data-element_type=\"widget\" data-widget_type=\"text-editor.default\">\n\t\t\t\t<div class=\"elementor-widget-container\">\n\t\t\t\t\t\t\t\t\t<h5 class=\"wp-block-heading\">IMAP Crystal<sup>\u00ae<\/sup>\u00a0Benefits of Atmosphere Packs for Cherry Preservation<\/h5><ul><li>IMAP Crystal<sup>\u00ae<\/sup>\u00a0atmospheric packages create carbon dioxide and oxygen values that are optimal for cherries, reducing the respiration rate of the fruit and slowing down the ripening process.<\/li><li>IMAP Crystal<sup>\u00ae<\/sup>\u00a0atmosfer paketleri %90-95 d\u00fczeyinde bir oransal nem de\u011feri yaratarak a\u011f\u0131rl\u0131k kayb\u0131n\u0131 ve meyvenin b\u00fcz\u00fc\u015fmesini engeller.<\/li><li>IMAP Crystal<sup>\u00ae<\/sup>\u00a0The atmospheric packs keep the stalk green and the fruit firm, two of the most important criteria required by international markets.<\/li><li>IMAP Crystal<sup>\u00ae<\/sup>\u00a0The atmosphere packages prevent rotting caused by the important post-harvest pathogens botrytiscinerea (Gray mold) and monilina fructicola (Brown rot).<\/li><li>IMAP Crystal<sup>\u00ae<\/sup>\u00a0Atmosphere packs prevent the physiological disorder called pitting, which occurs especially after long-term storage.<\/li><li>IMAP Crystal<sup>\u00ae<\/sup>\u00a0atmosphere packages preserve the natural color of the product.<\/li><\/ul>\t\t\t\t\t\t\t\t<\/div>\n\t\t\t\t<\/div>\n\t\t\t\t\t<\/div>\n\t\t\t\t<\/div>\n\t\t<div class=\"lqd-css-sticky elementor-element elementor-element-50e4078 e-flex e-con-boxed e-con e-child\" style=\"top: auto; top: 120px;\" data-id=\"50e4078\" data-element_type=\"container\">\n\t\t\t\t\t<div class=\"e-con-inner\">\n\t\t\t\t<div class=\"elementor-element elementor-element-0c1e13d elementor-widget__width-initial elementor-widget elementor-widget-ld_fancy_image\" data-id=\"0c1e13d\" data-element_type=\"widget\" data-widget_type=\"ld_fancy_image.default\">\n\t\t\t\t<div class=\"elementor-widget-container\">\n\t\t\t\t\t\n\t\t<div class=\"lqd-imggrp-single d-block pos-rel perspective\" data-hover3d=\"true\">\n\t\t\t<div class=\"lqd-imggrp-img-container d-inline-flex pos-rel align-items-center justify-content-center transform-style-3d\">\n\t\t\t\t\t\t\t\t<figure class=\"w-100 pos-rel\" data-stacking-factor=\"1\">\n\t\t\t\t\t<img fetchpriority=\"high\" decoding=\"async\" width=\"1024\" height=\"1024\" src=\"http:\/\/www.imapcrystal.com\/wp-content\/uploads\/2023\/07\/64qm92wq6skk0ggkks-1-1024x1024-1.png\" class=\"attachment-full size-full wp-image-8876\" alt=\"\" srcset=\"http:\/\/www.imapcrystal.com\/wp-content\/uploads\/2023\/07\/64qm92wq6skk0ggkks-1-1024x1024-1.png 1024w, http:\/\/www.imapcrystal.com\/wp-content\/uploads\/2023\/07\/64qm92wq6skk0ggkks-1-1024x1024-1-300x300.png 300w, http:\/\/www.imapcrystal.com\/wp-content\/uploads\/2023\/07\/64qm92wq6skk0ggkks-1-1024x1024-1-150x150.png 150w, http:\/\/www.imapcrystal.com\/wp-content\/uploads\/2023\/07\/64qm92wq6skk0ggkks-1-1024x1024-1-320x320.png 320w, http:\/\/www.imapcrystal.com\/wp-content\/uploads\/2023\/07\/64qm92wq6skk0ggkks-1-1024x1024-1-760x760.png 760w, http:\/\/www.imapcrystal.com\/wp-content\/uploads\/2023\/07\/64qm92wq6skk0ggkks-1-1024x1024-1-12x12.png 12w\" sizes=\"(max-width: 1024px) 100vw, 1024px\" itemprop=\"image\" \/>\t\t\t\t\t\t\t\t\t\t\t\t\t\t\t\t\t\t\t\t\t\t\t\t\t\t\t\t\t<\/figure>\n\t\t\t<\/div>\n\t\t<\/div>\n\n\t\t\t\t\t<\/div>\n\t\t\t\t<\/div>\n\t\t\t\t\t<\/div>\n\t\t\t\t<\/div>\n\t\t\t\t\t<\/div>\n\t\t\t\t<\/div>\n\t\t<div class=\"elementor-element elementor-element-a02c699 e-flex e-con-boxed e-con e-child\" data-id=\"a02c699\" data-element_type=\"container\">\n\t\t\t\t\t<div class=\"e-con-inner\">\n\t\t<div class=\"elementor-element elementor-element-f92584d e-flex e-con-boxed e-con e-child\" data-id=\"f92584d\" data-element_type=\"container\">\n\t\t\t\t\t<div class=\"e-con-inner\">\n\t\t\t\t<div class=\"elementor-element elementor-element-c0b9d7c elementor-widget elementor-widget-text-editor\" data-id=\"c0b9d7c\" data-element_type=\"widget\" data-widget_type=\"text-editor.default\">\n\t\t\t\t<div class=\"elementor-widget-container\">\n\t\t\t\t\t\t\t\t\t<h5 class=\"wp-block-heading\">IMAP Crystal<sup>\u00ae<\/sup>\u00a0Advantages over Competitors<\/h5><ul><li>IMAP Crystal<sup>\u00ae<\/sup>\u00a0atmosphere packages are manufactured using the latest technologies in the world of plastics.<\/li><li>IMAP Crystal<sup>\u00ae<\/sup>\u00a0atmosphere packs contain a high level of moisture. However, the moisture content never rises above a certain level and does not create a moisture saturated atmosphere. In competitor pouches, especially in the first weeks of storage, there is a so-called \"transpiration\" of the pouches, which indicates that the atmosphere is saturated with moisture. This transpiration problem can cause many problems, including rotting, especially in products that are harvested after rain or are sensitive for other reasons.<\/li><li>IMAP Crystal<sup>\u00ae<\/sup>\u00a0atmosphere packs are made of a selectively permeable film. The entire surface is breathable by means of micro (invisible) pores evenly distributed on the film surface. Competitor pouches use macro (visible) holes to ensure the correct balance of carbon dioxide and oxygen. These macro holes are visible to the eye and if they are blocked by any fruit, there is a great risk. This problem is very common in competitor bags and the resulting anaerobic (oxygen-free) conditions can cause product spoilage.<\/li><li>IMAP Crystal<sup>\u00ae<\/sup>\u00a0Atmosphere packs keep the fruit stem as fresh and green as the first day. Competing pouches can cause stem drying due to improper moisture permeability.<\/li><li>IMAP Crystal<sup>\u00ae<\/sup>\u00a0Atmosphere packages are designed to tolerate any temperature fluctuations that may occur in the cold chain and protect the product from damage. This is achieved by the ability to change the diameter of the micropores distributed on the film surface. Temperature fluctuations are not desired by any exporter and must be avoided. However, it is a common problem, especially during the high season. Competing bags cannot tolerate these temperature fluctuations and can cause product loss.<\/li><\/ul><p>Macro Holes in Competitor Bag Excessive Sweating in Competitor Bag IMAP Effective Humidity Control<\/p><h5 class=\"wp-block-heading\"><br \/>IMAP Crystal<sup>\u00ae<\/sup>\u00a0Procedures to be Considered to Get the Best Performance from Atmosphere Packages<\/h5><ul><li>Cherries should be harvested early in the day. Harvesting must be done with extreme care and the fruit must not be damaged. The harvested fruit should be transported quickly to the purchasing centers in the regions. Please keep in mind that cherries are perishable, delicate fruit and have a short storage life.<\/li><li>Purchased cherries should be quickly transported to the processing center where there are mobile coolers (haydar, hydrocooler).<\/li><li>Chilled water used in mobile coolers must be chlorinated. The chlorine concentration must be checked at regular intervals during the process. Please contact the experts in the IMAP Crystal\u00ae organization regarding the correct dosage and monitoring.<\/li><li>Cherries transported to the packing house should be kept in cold storage until they are processed.<\/li><li>The cherries should be graded in chilled water in automatic lines. The chilled water used at this stage must also be chlorinated. Cold chain fruit IMAP Crystal<sup>\u00ae<\/sup>\u00a0it should last until it is inside the package.<\/li><li>IMAP Crystal for optimal preservation of fruit until it reaches the target market<sup>\u00ae<\/sup>\u00a0packages should be used.<\/li><li>Please note that many factors such as garden conditions, harvest time, fast and correct cooling, packaging, etc. have a significant impact on the product's storage life and customer satisfaction. Please contact IMAP Crystal for more detailed information about these conditions.<sup>\u00ae<\/sup>consult with the technical staff of the organization.<\/li><\/ul><h5 class=\"wp-block-heading\"><br \/>Cherry Processing and Preparation on Demand Abroad<\/h5><ol><li><strong>Hydrocooler 2- 20 Ton Frigo Truck 3-Transportation from Purchasing Center<\/strong><ol><li>Cool with water (20 \u00b0C) at the purchasing center.<\/li><li>Transport by refrigerated truck to the central packing house (3-5 hours).<\/li><li>The cold chain should start from here and continue all the way to the market shelf.<\/li><\/ol><\/li><li><strong>Working Principle of Mobile Chillers in Cherry Purchasing Center<\/strong><ol><li>Cooling with 2 \u00b0C water for 8 minutes<\/li><\/ol><\/li><\/ol><h3 class=\"wp-block-heading\"><img decoding=\"async\" src=\"https:\/\/imapcrystal.com\/uploads\/kiraz5.png\" alt=\"\" \/>Cherry Processing and Preparation on Demand Abroad<\/h3><p><img decoding=\"async\" src=\"https:\/\/imapcrystal.com\/uploads\/kiraz6.png\" alt=\"\" \/><br \/><em>Cherries cooled with water are transported to the packing house (Temperature before packing 3 \u00b0C)<\/em><br \/>Cherry Processing and Packaging<\/p>\t\t\t\t\t\t\t\t<\/div>\n\t\t\t\t<\/div>\n\t\t\t\t\t<\/div>\n\t\t\t\t<\/div>\n\t\t\t\t\t<\/div>\n\t\t\t\t<\/div>\n\t\t\t\t<\/div>\n\t\t\t\t\t<\/div>\n\t\t\t\t<\/div>\n\t\t\t\t<\/div>","protected":false},"excerpt":{"rendered":"<p>Anasayfa &#8211; Imap Crystal Kiraz Muhafazas\u0131 IMAP Crystal\u00ae\u00a0Atmosfer Paketlerinin Kiraz Muhafazas\u0131nda Sa\u011flad\u0131\u011f\u0131 Faydalar IMAP Crystal\u00ae\u00a0atmosfer paketleri kiraz i\u00e7in en uygun olan karbondioksit ve oksijen de\u011ferlerini olu\u015fturarak meyvenin solunum h\u0131z\u0131n\u0131 d\u00fc\u015f\u00fcr\u00fcr ve olgunla\u015fma s\u00fcrecini yava\u015flat\u0131r. IMAP Crystal\u00ae\u00a0atmosfer paketleri %90-95 d\u00fczeyinde bir oransal nem de\u011feri yaratarak a\u011f\u0131rl\u0131k kayb\u0131n\u0131 ve meyvenin b\u00fcz\u00fc\u015fmesini engeller. IMAP Crystal\u00ae\u00a0atmosfer paketleri sap\u0131n ye\u015fil [&hellip;]<\/p>","protected":false},"author":1,"featured_media":0,"parent":0,"menu_order":0,"comment_status":"closed","ping_status":"closed","template":"","meta":{"footnotes":""},"class_list":["post-9173","page","type-page","status-publish","hentry"],"yoast_head":"<!-- This site is optimized with the Yoast SEO plugin v24.5 - https:\/\/yoast.com\/wordpress\/plugins\/seo\/ -->\n<title>Kiraz Muhafazas\u0131 - IMAP Crystal<\/title>\n<meta name=\"robots\" content=\"index, follow, max-snippet:-1, max-image-preview:large, max-video-preview:-1\" \/>\n<link rel=\"canonical\" href=\"http:\/\/www.imapcrystal.com\/en\/cherry-preservation\/\" \/>\n<meta property=\"og:locale\" content=\"en_US\" \/>\n<meta property=\"og:type\" content=\"article\" \/>\n<meta property=\"og:title\" content=\"Kiraz Muhafazas\u0131 - IMAP Crystal\" \/>\n<meta property=\"og:description\" content=\"Anasayfa &#8211; Imap Crystal Kiraz Muhafazas\u0131 IMAP Crystal\u00ae\u00a0Atmosfer Paketlerinin Kiraz Muhafazas\u0131nda Sa\u011flad\u0131\u011f\u0131 Faydalar IMAP Crystal\u00ae\u00a0atmosfer paketleri kiraz i\u00e7in en uygun olan karbondioksit ve oksijen de\u011ferlerini olu\u015fturarak meyvenin solunum h\u0131z\u0131n\u0131 d\u00fc\u015f\u00fcr\u00fcr ve olgunla\u015fma s\u00fcrecini yava\u015flat\u0131r. IMAP Crystal\u00ae\u00a0atmosfer paketleri %90-95 d\u00fczeyinde bir oransal nem de\u011feri yaratarak a\u011f\u0131rl\u0131k kayb\u0131n\u0131 ve meyvenin b\u00fcz\u00fc\u015fmesini engeller. IMAP Crystal\u00ae\u00a0atmosfer paketleri sap\u0131n ye\u015fil [&hellip;]\" \/>\n<meta property=\"og:url\" content=\"http:\/\/www.imapcrystal.com\/en\/cherry-preservation\/\" \/>\n<meta property=\"og:site_name\" content=\"IMAP Crystal\" \/>\n<meta property=\"article:modified_time\" content=\"2023-07-27T14:54:49+00:00\" \/>\n<meta property=\"og:image\" content=\"http:\/\/www.imapcrystal.com\/wp-content\/uploads\/2023\/07\/64qm92wq6skk0ggkks-1-1024x1024-1.png\" \/>\n<meta name=\"twitter:card\" content=\"summary_large_image\" \/>\n<meta name=\"twitter:label1\" content=\"Est. reading time\" \/>\n\t<meta name=\"twitter:data1\" content=\"4 minutes\" \/>\n<script type=\"application\/ld+json\" class=\"yoast-schema-graph\">{\"@context\":\"https:\/\/schema.org\",\"@graph\":[{\"@type\":\"WebPage\",\"@id\":\"https:\/\/www.imapcrystal.com\/kiraz-muhafazasi\/\",\"url\":\"https:\/\/www.imapcrystal.com\/kiraz-muhafazasi\/\",\"name\":\"Kiraz Muhafazas\u0131 - IMAP Crystal\",\"isPartOf\":{\"@id\":\"https:\/\/www.imapcrystal.com\/#website\"},\"primaryImageOfPage\":{\"@id\":\"https:\/\/www.imapcrystal.com\/kiraz-muhafazasi\/#primaryimage\"},\"image\":{\"@id\":\"https:\/\/www.imapcrystal.com\/kiraz-muhafazasi\/#primaryimage\"},\"thumbnailUrl\":\"http:\/\/www.imapcrystal.com\/wp-content\/uploads\/2023\/07\/64qm92wq6skk0ggkks-1-1024x1024-1.png\",\"datePublished\":\"2023-07-27T14:52:44+00:00\",\"dateModified\":\"2023-07-27T14:54:49+00:00\",\"breadcrumb\":{\"@id\":\"https:\/\/www.imapcrystal.com\/kiraz-muhafazasi\/#breadcrumb\"},\"inLanguage\":\"en-US\",\"potentialAction\":[{\"@type\":\"ReadAction\",\"target\":[\"https:\/\/www.imapcrystal.com\/kiraz-muhafazasi\/\"]}]},{\"@type\":\"ImageObject\",\"inLanguage\":\"en-US\",\"@id\":\"https:\/\/www.imapcrystal.com\/kiraz-muhafazasi\/#primaryimage\",\"url\":\"http:\/\/www.imapcrystal.com\/wp-content\/uploads\/2023\/07\/64qm92wq6skk0ggkks-1-1024x1024-1.png\",\"contentUrl\":\"http:\/\/www.imapcrystal.com\/wp-content\/uploads\/2023\/07\/64qm92wq6skk0ggkks-1-1024x1024-1.png\"},{\"@type\":\"BreadcrumbList\",\"@id\":\"https:\/\/www.imapcrystal.com\/kiraz-muhafazasi\/#breadcrumb\",\"itemListElement\":[{\"@type\":\"ListItem\",\"position\":1,\"name\":\"Anasayfa\",\"item\":\"https:\/\/www.imapcrystal.com\/\"},{\"@type\":\"ListItem\",\"position\":2,\"name\":\"Kiraz Muhafazas\u0131\"}]},{\"@type\":\"WebSite\",\"@id\":\"https:\/\/www.imapcrystal.com\/#website\",\"url\":\"https:\/\/www.imapcrystal.com\/\",\"name\":\"IMAP Crystal\",\"description\":\"D\u00fcnyan\u0131n En \u015eeffaf ve Parlak Modifiye Atmosfer Paketi (MAP)\",\"publisher\":{\"@id\":\"https:\/\/www.imapcrystal.com\/#organization\"},\"alternateName\":\"Modifiye Atmosfer Torba\",\"potentialAction\":[{\"@type\":\"SearchAction\",\"target\":{\"@type\":\"EntryPoint\",\"urlTemplate\":\"https:\/\/www.imapcrystal.com\/?s={search_term_string}\"},\"query-input\":{\"@type\":\"PropertyValueSpecification\",\"valueRequired\":true,\"valueName\":\"search_term_string\"}}],\"inLanguage\":\"en-US\"},{\"@type\":\"Organization\",\"@id\":\"https:\/\/www.imapcrystal.com\/#organization\",\"name\":\"IMAP Crystal\",\"url\":\"https:\/\/www.imapcrystal.com\/\",\"logo\":{\"@type\":\"ImageObject\",\"inLanguage\":\"en-US\",\"@id\":\"https:\/\/www.imapcrystal.com\/#\/schema\/logo\/image\/\",\"url\":\"https:\/\/www.imapcrystal.com\/wp-content\/uploads\/2023\/08\/logo.svg\",\"contentUrl\":\"https:\/\/www.imapcrystal.com\/wp-content\/uploads\/2023\/08\/logo.svg\",\"width\":235,\"height\":68,\"caption\":\"IMAP Crystal\"},\"image\":{\"@id\":\"https:\/\/www.imapcrystal.com\/#\/schema\/logo\/image\/\"},\"sameAs\":[\"https:\/\/www.instagram.com\/imapcrystal\"]}]}<\/script>\n<!-- \/ Yoast SEO plugin. -->","yoast_head_json":{"title":"Kiraz Muhafazas\u0131 - IMAP Crystal","robots":{"index":"index","follow":"follow","max-snippet":"max-snippet:-1","max-image-preview":"max-image-preview:large","max-video-preview":"max-video-preview:-1"},"canonical":"http:\/\/www.imapcrystal.com\/en\/cherry-preservation\/","og_locale":"en_US","og_type":"article","og_title":"Kiraz Muhafazas\u0131 - IMAP Crystal","og_description":"Anasayfa &#8211; Imap Crystal Kiraz Muhafazas\u0131 IMAP Crystal\u00ae\u00a0Atmosfer Paketlerinin Kiraz Muhafazas\u0131nda Sa\u011flad\u0131\u011f\u0131 Faydalar IMAP Crystal\u00ae\u00a0atmosfer paketleri kiraz i\u00e7in en uygun olan karbondioksit ve oksijen de\u011ferlerini olu\u015fturarak meyvenin solunum h\u0131z\u0131n\u0131 d\u00fc\u015f\u00fcr\u00fcr ve olgunla\u015fma s\u00fcrecini yava\u015flat\u0131r. IMAP Crystal\u00ae\u00a0atmosfer paketleri %90-95 d\u00fczeyinde bir oransal nem de\u011feri yaratarak a\u011f\u0131rl\u0131k kayb\u0131n\u0131 ve meyvenin b\u00fcz\u00fc\u015fmesini engeller. IMAP Crystal\u00ae\u00a0atmosfer paketleri sap\u0131n ye\u015fil [&hellip;]","og_url":"http:\/\/www.imapcrystal.com\/en\/cherry-preservation\/","og_site_name":"IMAP Crystal","article_modified_time":"2023-07-27T14:54:49+00:00","og_image":[{"url":"http:\/\/www.imapcrystal.com\/wp-content\/uploads\/2023\/07\/64qm92wq6skk0ggkks-1-1024x1024-1.png","type":"","width":"","height":""}],"twitter_card":"summary_large_image","twitter_misc":{"Est. reading time":"4 minutes"},"schema":{"@context":"https:\/\/schema.org","@graph":[{"@type":"WebPage","@id":"https:\/\/www.imapcrystal.com\/kiraz-muhafazasi\/","url":"https:\/\/www.imapcrystal.com\/kiraz-muhafazasi\/","name":"Kiraz Muhafazas\u0131 - IMAP Crystal","isPartOf":{"@id":"https:\/\/www.imapcrystal.com\/#website"},"primaryImageOfPage":{"@id":"https:\/\/www.imapcrystal.com\/kiraz-muhafazasi\/#primaryimage"},"image":{"@id":"https:\/\/www.imapcrystal.com\/kiraz-muhafazasi\/#primaryimage"},"thumbnailUrl":"http:\/\/www.imapcrystal.com\/wp-content\/uploads\/2023\/07\/64qm92wq6skk0ggkks-1-1024x1024-1.png","datePublished":"2023-07-27T14:52:44+00:00","dateModified":"2023-07-27T14:54:49+00:00","breadcrumb":{"@id":"https:\/\/www.imapcrystal.com\/kiraz-muhafazasi\/#breadcrumb"},"inLanguage":"en-US","potentialAction":[{"@type":"ReadAction","target":["https:\/\/www.imapcrystal.com\/kiraz-muhafazasi\/"]}]},{"@type":"ImageObject","inLanguage":"en-US","@id":"https:\/\/www.imapcrystal.com\/kiraz-muhafazasi\/#primaryimage","url":"http:\/\/www.imapcrystal.com\/wp-content\/uploads\/2023\/07\/64qm92wq6skk0ggkks-1-1024x1024-1.png","contentUrl":"http:\/\/www.imapcrystal.com\/wp-content\/uploads\/2023\/07\/64qm92wq6skk0ggkks-1-1024x1024-1.png"},{"@type":"BreadcrumbList","@id":"https:\/\/www.imapcrystal.com\/kiraz-muhafazasi\/#breadcrumb","itemListElement":[{"@type":"ListItem","position":1,"name":"Anasayfa","item":"https:\/\/www.imapcrystal.com\/"},{"@type":"ListItem","position":2,"name":"Kiraz Muhafazas\u0131"}]},{"@type":"WebSite","@id":"https:\/\/www.imapcrystal.com\/#website","url":"https:\/\/www.imapcrystal.com\/","name":"IMAP Crystal","description":"D\u00fcnyan\u0131n En \u015eeffaf ve Parlak Modifiye Atmosfer Paketi (MAP)","publisher":{"@id":"https:\/\/www.imapcrystal.com\/#organization"},"alternateName":"Modifiye Atmosfer Torba","potentialAction":[{"@type":"SearchAction","target":{"@type":"EntryPoint","urlTemplate":"https:\/\/www.imapcrystal.com\/?s={search_term_string}"},"query-input":{"@type":"PropertyValueSpecification","valueRequired":true,"valueName":"search_term_string"}}],"inLanguage":"en-US"},{"@type":"Organization","@id":"https:\/\/www.imapcrystal.com\/#organization","name":"IMAP Crystal","url":"https:\/\/www.imapcrystal.com\/","logo":{"@type":"ImageObject","inLanguage":"en-US","@id":"https:\/\/www.imapcrystal.com\/#\/schema\/logo\/image\/","url":"https:\/\/www.imapcrystal.com\/wp-content\/uploads\/2023\/08\/logo.svg","contentUrl":"https:\/\/www.imapcrystal.com\/wp-content\/uploads\/2023\/08\/logo.svg","width":235,"height":68,"caption":"IMAP Crystal"},"image":{"@id":"https:\/\/www.imapcrystal.com\/#\/schema\/logo\/image\/"},"sameAs":["https:\/\/www.instagram.com\/imapcrystal"]}]}},"_links":{"self":[{"href":"http:\/\/www.imapcrystal.com\/en\/wp-json\/wp\/v2\/pages\/9173","targetHints":{"allow":["GET"]}}],"collection":[{"href":"http:\/\/www.imapcrystal.com\/en\/wp-json\/wp\/v2\/pages"}],"about":[{"href":"http:\/\/www.imapcrystal.com\/en\/wp-json\/wp\/v2\/types\/page"}],"author":[{"embeddable":true,"href":"http:\/\/www.imapcrystal.com\/en\/wp-json\/wp\/v2\/users\/1"}],"replies":[{"embeddable":true,"href":"http:\/\/www.imapcrystal.com\/en\/wp-json\/wp\/v2\/comments?post=9173"}],"version-history":[{"count":0,"href":"http:\/\/www.imapcrystal.com\/en\/wp-json\/wp\/v2\/pages\/9173\/revisions"}],"wp:attachment":[{"href":"http:\/\/www.imapcrystal.com\/en\/wp-json\/wp\/v2\/media?parent=9173"}],"curies":[{"name":"wp","href":"https:\/\/api.w.org\/{rel}","templated":true}]}}