{"id":9160,"date":"2023-07-27T17:46:22","date_gmt":"2023-07-27T14:46:22","guid":{"rendered":"https:\/\/www.imapcrystal.com\/?page_id=9160"},"modified":"2023-09-05T16:04:10","modified_gmt":"2023-09-05T13:04:10","slug":"nar-muhafazasi","status":"publish","type":"page","link":"http:\/\/www.imapcrystal.com\/en\/pomegranate-case\/","title":{"rendered":"Pomegranate Preservation"},"content":{"rendered":"<div data-elementor-type=\"wp-page\" data-elementor-id=\"9160\" class=\"elementor elementor-9160\">\n\t\t\t\t<div class=\"elementor-element elementor-element-262c074 e-flex e-con-boxed e-con e-parent\" data-id=\"262c074\" data-element_type=\"container\" data-settings=\"{&quot;background_background&quot;:&quot;classic&quot;}\">\n\t\t\t\t\t<div class=\"e-con-inner\">\n\t\t<div class=\"elementor-element elementor-element-74170eb e-con-full e-flex e-con e-child\" data-id=\"74170eb\" data-element_type=\"container\" data-settings=\"{&quot;background_background&quot;:&quot;classic&quot;}\">\n\t\t\t\t<div class=\"elementor-element elementor-element-59f5421 elementor-widget elementor-widget-hub_fancy_heading\" data-id=\"59f5421\" data-element_type=\"widget\" data-widget_type=\"hub_fancy_heading.default\">\n\t\t\t\t<div class=\"elementor-widget-container\">\n\t\t\t\t\t\n\t\t<div id=\"ld-fancy-heading-69e4f67845d54\" class=\"ld-fancy-heading pos-rel\">\n\t\t\t\t\t<\/div>\n\n\t\t\t\t\t\t<\/div>\n\t\t\t\t<\/div>\n\t\t\t\t<div class=\"elementor-element elementor-element-b73fe53 elementor-widget elementor-widget-ld_breadcrumb\" data-id=\"b73fe53\" data-element_type=\"widget\" data-widget_type=\"ld_breadcrumb.default\">\n\t\t\t\t<div class=\"elementor-widget-container\">\n\t\t\t\t\t<div class=\"lqd-breadcrumb-wrapper\"><nav role=\"navigation\" aria-label=\"Breadcrumbs\" class=\"breadcrumbs\"><ol class=\"breadcrumb reset-ul inline-nav inline-ul comma-sep-li\"><li class=\"breadcrumb-item active\"><a href=\"http:\/\/www.imapcrystal.com\/en\" rel=\"home\"><span>Home<\/span><\/a><\/li><\/ol><\/nav><\/div>\t\t\t\t<\/div>\n\t\t\t\t<\/div>\n\t\t\t\t<\/div>\n\t\t\t\t\t<\/div>\n\t\t\t\t<\/div>\n\t\t<div data-custom-animations=\"true\" data-ca-options=\"{&quot;addChildTimelines&quot;:false,&quot;animationTarget&quot;:&quot;:scope .e-con-inner &gt; .elementor-element:not(.lqd-exclude-parent-ca) &gt; .elementor-widget-container, :scope .e-con-inner &gt; .elementor-widget-hub_fancy_heading .lqd-split-lines .lqd-lines .split-inner, :scope .e-con-inner &gt; .elementor-widget-hub_fancy_heading .lqd-split-words .lqd-words .split-inner, :scope .e-con-inner &gt; .elementor-widget-hub_fancy_heading .lqd-split-chars .lqd-chars .split-inner, :scope .e-con-inner &gt; .elementor-widget-hub_fancy_heading .lqd-adv-txt-fig, :scope .e-con-inner &gt; .elementor-widget-ld_custom_menu .lqd-fancy-menu &gt; ul &gt; li, :scope .e-con:not([data-parallax]) .e-con-inner &gt; .elementor-element &gt; .elementor-widget-container, :scope .e-con:not([data-parallax]) .e-con-inner &gt; .elementor-widget-hub_fancy_heading .lqd-split-lines .lqd-lines .split-inner, :scope .e-con:not([data-parallax]) .e-con-inner &gt; .elementor-widget-hub_fancy_heading .lqd-split-words .lqd-words .split-inner, :scope .e-con:not([data-parallax]) .e-con-inner &gt; .elementor-widget-hub_fancy_heading .lqd-split-chars .lqd-chars .split-inner, :scope .e-con:not([data-parallax]) .e-con-inner &gt; .elementor-widget-ld_custom_menu .lqd-fancy-menu &gt; ul &gt; li&quot;,&quot;ease&quot;:[&quot;power4.out&quot;],&quot;initValues&quot;:{&quot;y&quot;:&quot;45px&quot;,&quot;scaleX&quot;:1.2,&quot;scaleY&quot;:1.2,&quot;opacity&quot;:0},&quot;animations&quot;:{&quot;y&quot;:&quot;0px&quot;,&quot;scaleX&quot;:1,&quot;scaleY&quot;:1,&quot;opacity&quot;:1}}\" class=\"elementor-element elementor-element-c635fef e-flex e-con-boxed e-con e-parent\" data-id=\"c635fef\" data-element_type=\"container\" data-settings=\"{&quot;background_background&quot;:&quot;classic&quot;}\">\n\t\t\t\t\t<div class=\"e-con-inner\">\n\t\t<div class=\"elementor-element elementor-element-93faf93 e-con-full e-flex e-con e-child\" data-id=\"93faf93\" data-element_type=\"container\">\n\t\t<div class=\"elementor-element elementor-element-cc1c8f3 e-flex e-con-boxed e-con e-child\" data-id=\"cc1c8f3\" data-element_type=\"container\">\n\t\t\t\t\t<div class=\"e-con-inner\">\n\t\t<div class=\"elementor-element elementor-element-097f80a e-flex e-con-boxed e-con e-child\" data-id=\"097f80a\" data-element_type=\"container\">\n\t\t\t\t\t<div class=\"e-con-inner\">\n\t\t\t\t<div class=\"elementor-element elementor-element-5b65ad3 elementor-widget elementor-widget-hub_fancy_heading\" data-id=\"5b65ad3\" data-element_type=\"widget\" data-widget_type=\"hub_fancy_heading.default\">\n\t\t\t\t<div class=\"elementor-widget-container\">\n\t\t\t\t\t\n\t\t<div id=\"ld-fancy-heading-69e4f6784894f\" class=\"ld-fancy-heading pos-rel\">\n\t\t\t<p class=\"ld-fh-element d-inline-block pos-rel  lqd-highlight-classic lqd-highlight-grow-left p\"  > - Imap Crystal<\/p>\t\t<\/div>\n\n\t\t\t\t\t\t<\/div>\n\t\t\t\t<\/div>\n\t\t\t\t<div class=\"elementor-element elementor-element-2392cae elementor-widget elementor-widget-hub_fancy_heading\" data-id=\"2392cae\" data-element_type=\"widget\" data-widget_type=\"hub_fancy_heading.default\">\n\t\t\t\t<div class=\"elementor-widget-container\">\n\t\t\t\t\t\n\t\t<div id=\"ld-fancy-heading-69e4f67849aa0\" class=\"ld-fancy-heading pos-rel\">\n\t\t\t<h3 class=\"ld-fh-element d-inline-block pos-rel  elementor-heading-title ld-gradient-heading lqd-highlight-classic lqd-highlight-grow-left h3\"  > Pomegranate Preservation<\/h3>\t\t<\/div>\n\n\t\t\t\t\t\t<\/div>\n\t\t\t\t<\/div>\n\t\t\t\t<div class=\"elementor-element elementor-element-b601a79 elementor-widget elementor-widget-text-editor\" data-id=\"b601a79\" data-element_type=\"widget\" data-widget_type=\"text-editor.default\">\n\t\t\t\t<div class=\"elementor-widget-container\">\n\t\t\t\t\t\t\t\t\t<p>Pomegranate fruit has been cultivated for thousands of years.<\/p><ul><li>If you want to keep your pomegranate healthy for a long time,IMAP Crystal atmosphere technology is at your service.<\/li><li>IMAP Crystal modified atmosphere packages eliminate your losses in preservation (quality, weight, waste, decay, etc.) with its advanced technology.<\/li><\/ul><h5 class=\"wp-block-heading\">Points to Consider in Pomegranate Harvest<\/h5><ul><li>When long-term preservation is targeted, it is recommended not to harvest immediately after rains (against the risk of rotting).<\/li><li>After harvesting, cracked, sunburned, injured and rotten fruits must be separated before the fruits are stored.<\/li><li>Shell color and softness should be ideal.<\/li><li>The size and density of the grains inside should be proportional.<\/li><\/ul>\t\t\t\t\t\t\t\t<\/div>\n\t\t\t\t<\/div>\n\t\t\t\t\t<\/div>\n\t\t\t\t<\/div>\n\t\t<div class=\"lqd-css-sticky elementor-element elementor-element-50e4078 e-flex e-con-boxed e-con e-child\" style=\"top: auto; top: 120px;\" data-id=\"50e4078\" data-element_type=\"container\">\n\t\t\t\t\t<div class=\"e-con-inner\">\n\t\t\t\t<div class=\"elementor-element elementor-element-0c1e13d elementor-widget__width-initial elementor-widget elementor-widget-ld_fancy_image\" data-id=\"0c1e13d\" data-element_type=\"widget\" data-widget_type=\"ld_fancy_image.default\">\n\t\t\t\t<div class=\"elementor-widget-container\">\n\t\t\t\t\t\n\t\t<div class=\"lqd-imggrp-single d-block pos-rel perspective\" data-hover3d=\"true\">\n\t\t\t<div class=\"lqd-imggrp-img-container d-inline-flex pos-rel align-items-center justify-content-center transform-style-3d\">\n\t\t\t\t\t\t\t\t<figure class=\"w-100 pos-rel\" data-stacking-factor=\"1\">\n\t\t\t\t\t<img fetchpriority=\"high\" decoding=\"async\" width=\"1024\" height=\"1024\" src=\"http:\/\/www.imapcrystal.com\/wp-content\/uploads\/2023\/07\/13gd16wtridc488cs0-1-1024x1024-2.png\" class=\"attachment-full size-full wp-image-9163\" alt=\"\" srcset=\"http:\/\/www.imapcrystal.com\/wp-content\/uploads\/2023\/07\/13gd16wtridc488cs0-1-1024x1024-2.png 1024w, http:\/\/www.imapcrystal.com\/wp-content\/uploads\/2023\/07\/13gd16wtridc488cs0-1-1024x1024-2-300x300.png 300w, http:\/\/www.imapcrystal.com\/wp-content\/uploads\/2023\/07\/13gd16wtridc488cs0-1-1024x1024-2-150x150.png 150w, http:\/\/www.imapcrystal.com\/wp-content\/uploads\/2023\/07\/13gd16wtridc488cs0-1-1024x1024-2-320x320.png 320w, http:\/\/www.imapcrystal.com\/wp-content\/uploads\/2023\/07\/13gd16wtridc488cs0-1-1024x1024-2-760x760.png 760w, http:\/\/www.imapcrystal.com\/wp-content\/uploads\/2023\/07\/13gd16wtridc488cs0-1-1024x1024-2-12x12.png 12w\" sizes=\"(max-width: 1024px) 100vw, 1024px\" itemprop=\"image\" \/>\t\t\t\t\t\t\t\t\t\t\t\t\t\t\t\t\t\t\t\t\t\t\t\t\t\t\t\t\t<\/figure>\n\t\t\t<\/div>\n\t\t<\/div>\n\n\t\t\t\t\t<\/div>\n\t\t\t\t<\/div>\n\t\t\t\t\t<\/div>\n\t\t\t\t<\/div>\n\t\t\t\t\t<\/div>\n\t\t\t\t<\/div>\n\t\t<div class=\"elementor-element elementor-element-0b5cd0a e-flex e-con-boxed e-con e-child\" data-id=\"0b5cd0a\" data-element_type=\"container\">\n\t\t\t\t\t<div class=\"e-con-inner\">\n\t\t<div class=\"elementor-element elementor-element-55a406a e-flex e-con-boxed e-con e-child\" data-id=\"55a406a\" data-element_type=\"container\">\n\t\t\t\t\t<div class=\"e-con-inner\">\n\t\t\t\t<div class=\"elementor-element elementor-element-8e94cda elementor-widget elementor-widget-text-editor\" data-id=\"8e94cda\" data-element_type=\"widget\" data-widget_type=\"text-editor.default\">\n\t\t\t\t<div class=\"elementor-widget-container\">\n\t\t\t\t\t\t\t\t\t<h5 class=\"wp-block-heading\">Pesticides Licensed in the US at the End of Harvest<\/h5><p>As with all fruits and vegetables eaten without peel, use licensed fungicides at the specified doses in post-harvest storage in pomegranate; otherwise, you may face the risk of residues.<\/p><h5 class=\"wp-block-heading\">Simulation in Research and Development Center<\/h5><h5 class=\"wp-block-heading\">Tank Temperature<\/h5><p>The ideal storage temperature for pomegranate is 5-7 \u00b0C. If the storage period is planned for 8 weeks, 5 \u00b0C is the ideal temperature, and 7 \u00b0C for longer periods. If stored at temperatures below 5 \u00b0C, chilling damage occurs in the form of peel burn.<\/p><h5><strong>Weight Loss<\/strong><\/h5><ul><li>Nar muhafaza s\u00fcresince a\u011f\u0131rl\u0131k kayb\u0131na son derece duyarl\u0131 bir meyvedir. Yap\u0131lan ara\u015ft\u0131rmalarda 45 g\u00fcnl\u00fck muhafaza s\u00fcresince %15-17 d\u00fczeyinde a\u011f\u0131rl\u0131k kayb\u0131 olu\u015ftu\u011fu bulunmu\u015ftur. Bu kayb\u0131 engellemenin en etkili yolu IMAP Crystal atmosfer paketlerini kullanmakt\u0131r.<\/li><\/ul><h5 class=\"wp-block-heading\">IMAP Crystal Technology<\/h5><ul><li>The most appropriate technologies to keep pomegranates healthy for a long time are modified atmosphere or controlled atmosphere applications. For successful preservation, oxygen in the atmosphere should be %4-6 and carbon dioxide should be 13-16.<\/li><li>Thanks to the smart molecules they contain on their surface, IMAP Crystal atmosphere packages ensure long-term and healthy preservation of the product by stabilizing the oxygen, carbon dioxide, ethylene, ethanol, acetaldehyde levels at optimum levels from the critical period (3-4 weeks) in pomegranate preservation.<\/li><\/ul><h5 class=\"wp-block-heading\">Pomegranate Quality and Maturity Criteria<\/h5><ul><li>The color of the pomegranate juice should be equal to or darker than the munsell color group (5r-5\/12).<\/li><li>The acidity of the juice should be below %1.85.<\/li><li>Tat \u015feker\/asit oran\u0131na ba\u011fl\u0131 olarak \u00e7e\u015fitlere g\u00f6re farkl\u0131l\u0131k g\u00f6sterir. Suda \u00e7\u00f6z\u00fcnebilir madde miktar\u0131 %17\u2019nin \u00fczerinde fenal\u0131k maddelerin miktar\u0131 %0.25\u2019in alt\u0131nda olmal\u0131d\u0131r. Bu durumda optimum tat yakalan\u0131r.<\/li><li>It is recommended not to harvest immediately after rains when long-term preservation is targeted (risk of rotting).<\/li><li>After harvesting, cracked, sunburned, injured and rotten fruits must be separated before the fruits are stored.<\/li><li>Shell color and softness should be ideal.<\/li><li>The size and density of the grains inside should be proportional.<\/li><\/ul>\t\t\t\t\t\t\t\t<\/div>\n\t\t\t\t<\/div>\n\t\t\t\t\t<\/div>\n\t\t\t\t<\/div>\n\t\t\t\t\t<\/div>\n\t\t\t\t<\/div>\n\t\t\t\t<\/div>\n\t\t\t\t\t<\/div>\n\t\t\t\t<\/div>\n\t\t\t\t<\/div>","protected":false},"excerpt":{"rendered":"<p>Anasayfa &#8211; Imap Crystal Nar Muhafazas\u0131 Nar meyvesinin binlerce y\u0131ld\u0131r yeti\u015ftiricili\u011fi yap\u0131lmaktad\u0131r. Nar\u0131n\u0131z\u0131 uzun s\u00fcre sa\u011fl\u0131kl\u0131 olarak muhafaza etmek istiyorsan\u0131zIMAP Crystal atmosfer teknolojisi sizin hizmetinizdedir. IMAP Crystal\u00a0modifiye atmosfer paketleri ileri teknolojisi ile muhafazada ortaya \u00e7\u0131kan kay\u0131plar\u0131n\u0131z\u0131 (kalite, a\u011f\u0131rl\u0131k, fire, \u00e7\u00fcr\u00fcme vb.) ortadan kald\u0131rmaktad\u0131r. Nar Hasad\u0131nda Dikkat Edilecek Noktalar Uzun s\u00fcreli muhafaza hedeflendi\u011finde ya\u011fmurlardan hemen sonra [&hellip;]<\/p>","protected":false},"author":1,"featured_media":0,"parent":0,"menu_order":0,"comment_status":"closed","ping_status":"closed","template":"","meta":{"footnotes":""},"class_list":["post-9160","page","type-page","status-publish","hentry"],"yoast_head":"<!-- This site is optimized with the Yoast SEO plugin v24.5 - https:\/\/yoast.com\/wordpress\/plugins\/seo\/ -->\n<title>Nar Muhafazas\u0131 - IMAP Crystal<\/title>\n<meta name=\"robots\" content=\"index, follow, max-snippet:-1, max-image-preview:large, max-video-preview:-1\" \/>\n<link rel=\"canonical\" href=\"http:\/\/www.imapcrystal.com\/en\/pomegranate-case\/\" \/>\n<meta property=\"og:locale\" content=\"en_US\" \/>\n<meta property=\"og:type\" content=\"article\" \/>\n<meta property=\"og:title\" content=\"Nar Muhafazas\u0131 - IMAP Crystal\" \/>\n<meta property=\"og:description\" content=\"Anasayfa &#8211; Imap Crystal Nar Muhafazas\u0131 Nar meyvesinin binlerce y\u0131ld\u0131r yeti\u015ftiricili\u011fi yap\u0131lmaktad\u0131r. Nar\u0131n\u0131z\u0131 uzun s\u00fcre sa\u011fl\u0131kl\u0131 olarak muhafaza etmek istiyorsan\u0131zIMAP Crystal atmosfer teknolojisi sizin hizmetinizdedir. IMAP Crystal\u00a0modifiye atmosfer paketleri ileri teknolojisi ile muhafazada ortaya \u00e7\u0131kan kay\u0131plar\u0131n\u0131z\u0131 (kalite, a\u011f\u0131rl\u0131k, fire, \u00e7\u00fcr\u00fcme vb.) ortadan kald\u0131rmaktad\u0131r. Nar Hasad\u0131nda Dikkat Edilecek Noktalar Uzun s\u00fcreli muhafaza hedeflendi\u011finde ya\u011fmurlardan hemen sonra [&hellip;]\" \/>\n<meta property=\"og:url\" content=\"http:\/\/www.imapcrystal.com\/en\/pomegranate-case\/\" \/>\n<meta property=\"og:site_name\" content=\"IMAP Crystal\" \/>\n<meta property=\"article:modified_time\" content=\"2023-09-05T13:04:10+00:00\" \/>\n<meta property=\"og:image\" content=\"http:\/\/www.imapcrystal.com\/wp-content\/uploads\/2023\/07\/13gd16wtridc488cs0-1-1024x1024-2.png\" \/>\n<meta name=\"twitter:card\" content=\"summary_large_image\" \/>\n<meta name=\"twitter:label1\" content=\"Est. reading time\" \/>\n\t<meta name=\"twitter:data1\" content=\"3 minutes\" \/>\n<script type=\"application\/ld+json\" class=\"yoast-schema-graph\">{\"@context\":\"https:\/\/schema.org\",\"@graph\":[{\"@type\":\"WebPage\",\"@id\":\"https:\/\/www.imapcrystal.com\/en\/pomegranate-case\/\",\"url\":\"https:\/\/www.imapcrystal.com\/en\/pomegranate-case\/\",\"name\":\"Nar Muhafazas\u0131 - IMAP Crystal\",\"isPartOf\":{\"@id\":\"https:\/\/www.imapcrystal.com\/#website\"},\"primaryImageOfPage\":{\"@id\":\"https:\/\/www.imapcrystal.com\/en\/pomegranate-case\/#primaryimage\"},\"image\":{\"@id\":\"https:\/\/www.imapcrystal.com\/en\/pomegranate-case\/#primaryimage\"},\"thumbnailUrl\":\"http:\/\/www.imapcrystal.com\/wp-content\/uploads\/2023\/07\/13gd16wtridc488cs0-1-1024x1024-2.png\",\"datePublished\":\"2023-07-27T14:46:22+00:00\",\"dateModified\":\"2023-09-05T13:04:10+00:00\",\"breadcrumb\":{\"@id\":\"https:\/\/www.imapcrystal.com\/en\/pomegranate-case\/#breadcrumb\"},\"inLanguage\":\"en-US\",\"potentialAction\":[{\"@type\":\"ReadAction\",\"target\":[\"https:\/\/www.imapcrystal.com\/en\/pomegranate-case\/\"]}]},{\"@type\":\"ImageObject\",\"inLanguage\":\"en-US\",\"@id\":\"https:\/\/www.imapcrystal.com\/en\/pomegranate-case\/#primaryimage\",\"url\":\"http:\/\/www.imapcrystal.com\/wp-content\/uploads\/2023\/07\/13gd16wtridc488cs0-1-1024x1024-2.png\",\"contentUrl\":\"http:\/\/www.imapcrystal.com\/wp-content\/uploads\/2023\/07\/13gd16wtridc488cs0-1-1024x1024-2.png\"},{\"@type\":\"BreadcrumbList\",\"@id\":\"https:\/\/www.imapcrystal.com\/en\/pomegranate-case\/#breadcrumb\",\"itemListElement\":[{\"@type\":\"ListItem\",\"position\":1,\"name\":\"Anasayfa\",\"item\":\"https:\/\/www.imapcrystal.com\/\"},{\"@type\":\"ListItem\",\"position\":2,\"name\":\"Nar Muhafazas\u0131\"}]},{\"@type\":\"WebSite\",\"@id\":\"https:\/\/www.imapcrystal.com\/#website\",\"url\":\"https:\/\/www.imapcrystal.com\/\",\"name\":\"IMAP Crystal\",\"description\":\"D\u00fcnyan\u0131n En \u015eeffaf ve Parlak Modifiye Atmosfer Paketi (MAP)\",\"publisher\":{\"@id\":\"https:\/\/www.imapcrystal.com\/#organization\"},\"alternateName\":\"Modifiye Atmosfer Torba\",\"potentialAction\":[{\"@type\":\"SearchAction\",\"target\":{\"@type\":\"EntryPoint\",\"urlTemplate\":\"https:\/\/www.imapcrystal.com\/?s={search_term_string}\"},\"query-input\":{\"@type\":\"PropertyValueSpecification\",\"valueRequired\":true,\"valueName\":\"search_term_string\"}}],\"inLanguage\":\"en-US\"},{\"@type\":\"Organization\",\"@id\":\"https:\/\/www.imapcrystal.com\/#organization\",\"name\":\"IMAP Crystal\",\"url\":\"https:\/\/www.imapcrystal.com\/\",\"logo\":{\"@type\":\"ImageObject\",\"inLanguage\":\"en-US\",\"@id\":\"https:\/\/www.imapcrystal.com\/#\/schema\/logo\/image\/\",\"url\":\"https:\/\/www.imapcrystal.com\/wp-content\/uploads\/2023\/08\/logo.svg\",\"contentUrl\":\"https:\/\/www.imapcrystal.com\/wp-content\/uploads\/2023\/08\/logo.svg\",\"width\":235,\"height\":68,\"caption\":\"IMAP Crystal\"},\"image\":{\"@id\":\"https:\/\/www.imapcrystal.com\/#\/schema\/logo\/image\/\"},\"sameAs\":[\"https:\/\/www.instagram.com\/imapcrystal\"]}]}<\/script>\n<!-- \/ Yoast SEO plugin. -->","yoast_head_json":{"title":"Nar Muhafazas\u0131 - IMAP Crystal","robots":{"index":"index","follow":"follow","max-snippet":"max-snippet:-1","max-image-preview":"max-image-preview:large","max-video-preview":"max-video-preview:-1"},"canonical":"http:\/\/www.imapcrystal.com\/en\/pomegranate-case\/","og_locale":"en_US","og_type":"article","og_title":"Nar Muhafazas\u0131 - IMAP Crystal","og_description":"Anasayfa &#8211; Imap Crystal Nar Muhafazas\u0131 Nar meyvesinin binlerce y\u0131ld\u0131r yeti\u015ftiricili\u011fi yap\u0131lmaktad\u0131r. Nar\u0131n\u0131z\u0131 uzun s\u00fcre sa\u011fl\u0131kl\u0131 olarak muhafaza etmek istiyorsan\u0131zIMAP Crystal atmosfer teknolojisi sizin hizmetinizdedir. IMAP Crystal\u00a0modifiye atmosfer paketleri ileri teknolojisi ile muhafazada ortaya \u00e7\u0131kan kay\u0131plar\u0131n\u0131z\u0131 (kalite, a\u011f\u0131rl\u0131k, fire, \u00e7\u00fcr\u00fcme vb.) ortadan kald\u0131rmaktad\u0131r. Nar Hasad\u0131nda Dikkat Edilecek Noktalar Uzun s\u00fcreli muhafaza hedeflendi\u011finde ya\u011fmurlardan hemen sonra [&hellip;]","og_url":"http:\/\/www.imapcrystal.com\/en\/pomegranate-case\/","og_site_name":"IMAP Crystal","article_modified_time":"2023-09-05T13:04:10+00:00","og_image":[{"url":"http:\/\/www.imapcrystal.com\/wp-content\/uploads\/2023\/07\/13gd16wtridc488cs0-1-1024x1024-2.png","type":"","width":"","height":""}],"twitter_card":"summary_large_image","twitter_misc":{"Est. reading time":"3 minutes"},"schema":{"@context":"https:\/\/schema.org","@graph":[{"@type":"WebPage","@id":"https:\/\/www.imapcrystal.com\/en\/pomegranate-case\/","url":"https:\/\/www.imapcrystal.com\/en\/pomegranate-case\/","name":"Nar Muhafazas\u0131 - IMAP Crystal","isPartOf":{"@id":"https:\/\/www.imapcrystal.com\/#website"},"primaryImageOfPage":{"@id":"https:\/\/www.imapcrystal.com\/en\/pomegranate-case\/#primaryimage"},"image":{"@id":"https:\/\/www.imapcrystal.com\/en\/pomegranate-case\/#primaryimage"},"thumbnailUrl":"http:\/\/www.imapcrystal.com\/wp-content\/uploads\/2023\/07\/13gd16wtridc488cs0-1-1024x1024-2.png","datePublished":"2023-07-27T14:46:22+00:00","dateModified":"2023-09-05T13:04:10+00:00","breadcrumb":{"@id":"https:\/\/www.imapcrystal.com\/en\/pomegranate-case\/#breadcrumb"},"inLanguage":"en-US","potentialAction":[{"@type":"ReadAction","target":["https:\/\/www.imapcrystal.com\/en\/pomegranate-case\/"]}]},{"@type":"ImageObject","inLanguage":"en-US","@id":"https:\/\/www.imapcrystal.com\/en\/pomegranate-case\/#primaryimage","url":"http:\/\/www.imapcrystal.com\/wp-content\/uploads\/2023\/07\/13gd16wtridc488cs0-1-1024x1024-2.png","contentUrl":"http:\/\/www.imapcrystal.com\/wp-content\/uploads\/2023\/07\/13gd16wtridc488cs0-1-1024x1024-2.png"},{"@type":"BreadcrumbList","@id":"https:\/\/www.imapcrystal.com\/en\/pomegranate-case\/#breadcrumb","itemListElement":[{"@type":"ListItem","position":1,"name":"Anasayfa","item":"https:\/\/www.imapcrystal.com\/"},{"@type":"ListItem","position":2,"name":"Nar Muhafazas\u0131"}]},{"@type":"WebSite","@id":"https:\/\/www.imapcrystal.com\/#website","url":"https:\/\/www.imapcrystal.com\/","name":"IMAP Crystal","description":"D\u00fcnyan\u0131n En \u015eeffaf ve Parlak Modifiye Atmosfer Paketi (MAP)","publisher":{"@id":"https:\/\/www.imapcrystal.com\/#organization"},"alternateName":"Modifiye Atmosfer Torba","potentialAction":[{"@type":"SearchAction","target":{"@type":"EntryPoint","urlTemplate":"https:\/\/www.imapcrystal.com\/?s={search_term_string}"},"query-input":{"@type":"PropertyValueSpecification","valueRequired":true,"valueName":"search_term_string"}}],"inLanguage":"en-US"},{"@type":"Organization","@id":"https:\/\/www.imapcrystal.com\/#organization","name":"IMAP Crystal","url":"https:\/\/www.imapcrystal.com\/","logo":{"@type":"ImageObject","inLanguage":"en-US","@id":"https:\/\/www.imapcrystal.com\/#\/schema\/logo\/image\/","url":"https:\/\/www.imapcrystal.com\/wp-content\/uploads\/2023\/08\/logo.svg","contentUrl":"https:\/\/www.imapcrystal.com\/wp-content\/uploads\/2023\/08\/logo.svg","width":235,"height":68,"caption":"IMAP Crystal"},"image":{"@id":"https:\/\/www.imapcrystal.com\/#\/schema\/logo\/image\/"},"sameAs":["https:\/\/www.instagram.com\/imapcrystal"]}]}},"_links":{"self":[{"href":"http:\/\/www.imapcrystal.com\/en\/wp-json\/wp\/v2\/pages\/9160","targetHints":{"allow":["GET"]}}],"collection":[{"href":"http:\/\/www.imapcrystal.com\/en\/wp-json\/wp\/v2\/pages"}],"about":[{"href":"http:\/\/www.imapcrystal.com\/en\/wp-json\/wp\/v2\/types\/page"}],"author":[{"embeddable":true,"href":"http:\/\/www.imapcrystal.com\/en\/wp-json\/wp\/v2\/users\/1"}],"replies":[{"embeddable":true,"href":"http:\/\/www.imapcrystal.com\/en\/wp-json\/wp\/v2\/comments?post=9160"}],"version-history":[{"count":3,"href":"http:\/\/www.imapcrystal.com\/en\/wp-json\/wp\/v2\/pages\/9160\/revisions"}],"predecessor-version":[{"id":9392,"href":"http:\/\/www.imapcrystal.com\/en\/wp-json\/wp\/v2\/pages\/9160\/revisions\/9392"}],"wp:attachment":[{"href":"http:\/\/www.imapcrystal.com\/en\/wp-json\/wp\/v2\/media?parent=9160"}],"curies":[{"name":"wp","href":"https:\/\/api.w.org\/{rel}","templated":true}]}}