{"id":9039,"date":"2023-07-26T14:15:48","date_gmt":"2023-07-26T11:15:48","guid":{"rendered":"https:\/\/www.imapcrystal.com\/?page_id=9039"},"modified":"2023-07-27T17:58:03","modified_gmt":"2023-07-27T14:58:03","slug":"uzum-muhafazasi","status":"publish","type":"page","link":"http:\/\/www.imapcrystal.com\/en\/grape-preservation\/","title":{"rendered":"Grape Preservation"},"content":{"rendered":"<div data-elementor-type=\"wp-page\" data-elementor-id=\"9039\" class=\"elementor elementor-9039\">\n\t\t\t\t<div class=\"elementor-element elementor-element-262c074 e-flex e-con-boxed e-con e-parent\" data-id=\"262c074\" data-element_type=\"container\" data-settings=\"{&quot;background_background&quot;:&quot;classic&quot;}\">\n\t\t\t\t\t<div class=\"e-con-inner\">\n\t\t<div class=\"elementor-element elementor-element-74170eb e-con-full e-flex e-con e-child\" data-id=\"74170eb\" data-element_type=\"container\" data-settings=\"{&quot;background_background&quot;:&quot;classic&quot;}\">\n\t\t\t\t<div class=\"elementor-element elementor-element-59f5421 elementor-widget elementor-widget-hub_fancy_heading\" data-id=\"59f5421\" data-element_type=\"widget\" data-widget_type=\"hub_fancy_heading.default\">\n\t\t\t\t<div class=\"elementor-widget-container\">\n\t\t\t\t\t\n\t\t<div id=\"ld-fancy-heading-69f713f18ea7e\" class=\"ld-fancy-heading pos-rel\">\n\t\t\t\t\t<\/div>\n\n\t\t\t\t\t\t<\/div>\n\t\t\t\t<\/div>\n\t\t\t\t<div class=\"elementor-element elementor-element-b73fe53 elementor-widget elementor-widget-ld_breadcrumb\" data-id=\"b73fe53\" data-element_type=\"widget\" data-widget_type=\"ld_breadcrumb.default\">\n\t\t\t\t<div class=\"elementor-widget-container\">\n\t\t\t\t\t<div class=\"lqd-breadcrumb-wrapper\"><nav role=\"navigation\" aria-label=\"Breadcrumbs\" class=\"breadcrumbs\"><ol class=\"breadcrumb reset-ul inline-nav inline-ul comma-sep-li\"><li class=\"breadcrumb-item active\"><a href=\"http:\/\/www.imapcrystal.com\/en\" rel=\"home\"><span>Home<\/span><\/a><\/li><\/ol><\/nav><\/div>\t\t\t\t<\/div>\n\t\t\t\t<\/div>\n\t\t\t\t<\/div>\n\t\t\t\t\t<\/div>\n\t\t\t\t<\/div>\n\t\t<div data-custom-animations=\"true\" data-ca-options=\"{&quot;addChildTimelines&quot;:false,&quot;animationTarget&quot;:&quot;:scope .e-con-inner &gt; .elementor-element:not(.lqd-exclude-parent-ca) &gt; .elementor-widget-container, :scope .e-con-inner &gt; .elementor-widget-hub_fancy_heading .lqd-split-lines .lqd-lines .split-inner, :scope .e-con-inner &gt; .elementor-widget-hub_fancy_heading .lqd-split-words .lqd-words .split-inner, :scope .e-con-inner &gt; .elementor-widget-hub_fancy_heading .lqd-split-chars .lqd-chars .split-inner, :scope .e-con-inner &gt; .elementor-widget-hub_fancy_heading .lqd-adv-txt-fig, :scope .e-con-inner &gt; .elementor-widget-ld_custom_menu .lqd-fancy-menu &gt; ul &gt; li, :scope .e-con:not([data-parallax]) .e-con-inner &gt; .elementor-element &gt; .elementor-widget-container, :scope .e-con:not([data-parallax]) .e-con-inner &gt; .elementor-widget-hub_fancy_heading .lqd-split-lines .lqd-lines .split-inner, :scope .e-con:not([data-parallax]) .e-con-inner &gt; .elementor-widget-hub_fancy_heading .lqd-split-words .lqd-words .split-inner, :scope .e-con:not([data-parallax]) .e-con-inner &gt; .elementor-widget-hub_fancy_heading .lqd-split-chars .lqd-chars .split-inner, :scope .e-con:not([data-parallax]) .e-con-inner &gt; .elementor-widget-ld_custom_menu .lqd-fancy-menu &gt; ul &gt; li&quot;,&quot;ease&quot;:[&quot;power4.out&quot;],&quot;initValues&quot;:{&quot;y&quot;:&quot;45px&quot;,&quot;scaleX&quot;:1.2,&quot;scaleY&quot;:1.2,&quot;opacity&quot;:0},&quot;animations&quot;:{&quot;y&quot;:&quot;0px&quot;,&quot;scaleX&quot;:1,&quot;scaleY&quot;:1,&quot;opacity&quot;:1}}\" class=\"elementor-element elementor-element-80301be e-flex e-con-boxed e-con e-parent\" data-id=\"80301be\" data-element_type=\"container\" data-settings=\"{&quot;background_background&quot;:&quot;classic&quot;}\">\n\t\t\t\t\t<div class=\"e-con-inner\">\n\t\t<div class=\"elementor-element elementor-element-c64b8be e-con-full e-flex e-con e-child\" data-id=\"c64b8be\" data-element_type=\"container\">\n\t\t<div class=\"elementor-element elementor-element-0d0eb89 e-flex e-con-boxed e-con e-child\" data-id=\"0d0eb89\" data-element_type=\"container\">\n\t\t\t\t\t<div class=\"e-con-inner\">\n\t\t<div class=\"elementor-element elementor-element-b9e298e e-flex e-con-boxed e-con e-child\" data-id=\"b9e298e\" data-element_type=\"container\">\n\t\t\t\t\t<div class=\"e-con-inner\">\n\t\t\t\t<div class=\"elementor-element elementor-element-8198266 elementor-widget elementor-widget-hub_fancy_heading\" data-id=\"8198266\" data-element_type=\"widget\" data-widget_type=\"hub_fancy_heading.default\">\n\t\t\t\t<div class=\"elementor-widget-container\">\n\t\t\t\t\t\n\t\t<div id=\"ld-fancy-heading-69f713f1916f6\" class=\"ld-fancy-heading pos-rel\">\n\t\t\t<p class=\"ld-fh-element d-inline-block pos-rel  lqd-highlight-classic lqd-highlight-grow-left p\"  > - Imap Crystal<\/p>\t\t<\/div>\n\n\t\t\t\t\t\t<\/div>\n\t\t\t\t<\/div>\n\t\t\t\t<div class=\"elementor-element elementor-element-7f7ed08 elementor-widget elementor-widget-hub_fancy_heading\" data-id=\"7f7ed08\" data-element_type=\"widget\" data-widget_type=\"hub_fancy_heading.default\">\n\t\t\t\t<div class=\"elementor-widget-container\">\n\t\t\t\t\t\n\t\t<div id=\"ld-fancy-heading-69f713f19202f\" class=\"ld-fancy-heading pos-rel\">\n\t\t\t<h3 class=\"ld-fh-element d-inline-block pos-rel  elementor-heading-title ld-gradient-heading lqd-highlight-classic lqd-highlight-grow-left h3\"  > Grape Preservation<\/h3>\t\t<\/div>\n\n\t\t\t\t\t\t<\/div>\n\t\t\t\t<\/div>\n\t\t\t\t<div class=\"elementor-element elementor-element-ab4830a elementor-widget elementor-widget-text-editor\" data-id=\"ab4830a\" data-element_type=\"widget\" data-widget_type=\"text-editor.default\">\n\t\t\t\t<div class=\"elementor-widget-container\">\n\t\t\t\t\t\t\t\t\t<h5 class=\"wp-block-heading\">IMAP Crystal<sup>\u00ae<\/sup>Grape Packages<\/h5><ul><li>IMAP Crystal<sup>\u00ae<\/sup>A modified atmosphere package has been developed to solve the problems encountered in grape preservation with a solution development system focused on customer needs.<\/li><\/ul><h5 class=\"wp-block-heading\">IMAP Crystal<sup>\u00ae<\/sup><\/h5><ul><li>IMAP Crystal<sup>\u00ae<\/sup>\u00a0is a package developed to protect the harvested grapes during preparation and transportation to the market.<\/li><li>IMAP Crystal<sup>\u00ae<\/sup>\u00a0The grapes stored in packages can be kept in cold storage for 3-4 weeks in a very healthy way.<\/li><\/ul>\t\t\t\t\t\t\t\t<\/div>\n\t\t\t\t<\/div>\n\t\t\t\t\t<\/div>\n\t\t\t\t<\/div>\n\t\t<div class=\"lqd-css-sticky elementor-element elementor-element-738b079 e-flex e-con-boxed e-con e-child\" style=\"top: auto; top: 120px;\" data-id=\"738b079\" data-element_type=\"container\">\n\t\t\t\t\t<div class=\"e-con-inner\">\n\t\t\t\t<div class=\"elementor-element elementor-element-57ebdd1 elementor-widget__width-initial elementor-widget elementor-widget-ld_fancy_image\" data-id=\"57ebdd1\" data-element_type=\"widget\" data-widget_type=\"ld_fancy_image.default\">\n\t\t\t\t<div class=\"elementor-widget-container\">\n\t\t\t\t\t\n\t\t<div class=\"lqd-imggrp-single d-block pos-rel perspective\" data-hover3d=\"true\">\n\t\t\t<div class=\"lqd-imggrp-img-container d-inline-flex pos-rel align-items-center justify-content-center transform-style-3d\">\n\t\t\t\t\t\t\t\t<figure class=\"w-100 pos-rel\" data-stacking-factor=\"1\">\n\t\t\t\t\t<img fetchpriority=\"high\" decoding=\"async\" width=\"1024\" height=\"1024\" src=\"http:\/\/www.imapcrystal.com\/wp-content\/uploads\/2023\/07\/apzrlluknqgo4k4gk-1-1024x1024-1.png\" class=\"attachment-full size-full wp-image-8877\" alt=\"\" srcset=\"http:\/\/www.imapcrystal.com\/wp-content\/uploads\/2023\/07\/apzrlluknqgo4k4gk-1-1024x1024-1.png 1024w, http:\/\/www.imapcrystal.com\/wp-content\/uploads\/2023\/07\/apzrlluknqgo4k4gk-1-1024x1024-1-300x300.png 300w, http:\/\/www.imapcrystal.com\/wp-content\/uploads\/2023\/07\/apzrlluknqgo4k4gk-1-1024x1024-1-150x150.png 150w, http:\/\/www.imapcrystal.com\/wp-content\/uploads\/2023\/07\/apzrlluknqgo4k4gk-1-1024x1024-1-320x320.png 320w, http:\/\/www.imapcrystal.com\/wp-content\/uploads\/2023\/07\/apzrlluknqgo4k4gk-1-1024x1024-1-760x760.png 760w, http:\/\/www.imapcrystal.com\/wp-content\/uploads\/2023\/07\/apzrlluknqgo4k4gk-1-1024x1024-1-12x12.png 12w\" sizes=\"(max-width: 1024px) 100vw, 1024px\" itemprop=\"image\" \/>\t\t\t\t\t\t\t\t\t\t\t\t\t\t\t\t\t\t\t\t\t\t\t\t\t\t\t\t\t<\/figure>\n\t\t\t<\/div>\n\t\t<\/div>\n\n\t\t\t\t\t<\/div>\n\t\t\t\t<\/div>\n\t\t\t\t\t<\/div>\n\t\t\t\t<\/div>\n\t\t\t\t\t<\/div>\n\t\t\t\t<\/div>\n\t\t<div class=\"elementor-element elementor-element-779e73d e-flex e-con-boxed e-con e-child\" data-id=\"779e73d\" data-element_type=\"container\">\n\t\t\t\t\t<div class=\"e-con-inner\">\n\t\t<div class=\"elementor-element elementor-element-fa32a57 e-flex e-con-boxed e-con e-child\" data-id=\"fa32a57\" data-element_type=\"container\">\n\t\t\t\t\t<div class=\"e-con-inner\">\n\t\t\t\t<div class=\"elementor-element elementor-element-03ae01b elementor-widget elementor-widget-text-editor\" data-id=\"03ae01b\" data-element_type=\"widget\" data-widget_type=\"text-editor.default\">\n\t\t\t\t<div class=\"elementor-widget-container\">\n\t\t\t\t\t\t\t\t\t<h5 class=\"wp-block-heading\">Why IMAP Crystal<sup>\u00ae<\/sup>Needed?<\/h5><ul><li>Grape exporters follow two different ways. In the first way, the exporter exports the harvested grapes, especially in the first weeks of the season, if the market conditions are favorable, without putting them in any package and without using any protection paper, which is called fast shipment.<\/li><\/ul><p><em>IMAP Crystal\u00aepack storage at 1\u00b0C for 2 weeks \/ open package storage at 1\u00b0C for 2 weeks<\/em><\/p><h5 class=\"wp-block-heading\">Problems Encountered in Fast Shipment<\/h5><ul><li>Weight loss in the grain,<\/li><li>Softening of the grains,<\/li><li>Increased graining and shedding,<\/li><li>Rapid aging and susceptibility to decay,<\/li><li>Short shelf life.<\/li><\/ul><h5 class=\"wp-block-heading\">IMAP Crystal<sup>\u00ae<\/sup>\u00a0What is the Benefit?<\/h5><ul><li>Problems with fast shipment reduce the market value of the product and limit export opportunities.<\/li><li>IMAP Crystal<sup>\u00ae<\/sup>\u00a0the drying and browning of the stems, pedicels and skeleton of the grapes stored in the packages is completely eliminated<\/li><li>Weight loss is minimized, grain loss is reduced, rotting is prevented and the shelf life of the product is increased and it is delivered to the target market in the same quality as it was harvested.<\/li><\/ul><h5 class=\"wp-block-heading\">IMAP Crystal<sup>\u00ae<\/sup>\u00a0Mechanism of Action<\/h5><p>IMAP Crystal<sup>\u00ae<\/sup>\u00a0It uses 3 different mechanisms of action simultaneously to protect your grapes.<\/p><ol><li>Optimally balances the O2 and CO2 concentration in the package and prevents product aging.<\/li><li>It optimizes the humidity in the package and prevents drying and browning of the stems, skeleton and grains of the product.<\/li><li>With its antimicrobial properties, it protects the product by preventing microorganisms that cause decay.<\/li><\/ol><p><em>IMAP Crystal<sup>\u00ae<\/sup>\u00a0General view of the grapes stored in the package at 1\u00b0C for 2 weeks<\/em><\/p>\t\t\t\t\t\t\t\t<\/div>\n\t\t\t\t<\/div>\n\t\t\t\t\t<\/div>\n\t\t\t\t<\/div>\n\t\t\t\t\t<\/div>\n\t\t\t\t<\/div>\n\t\t\t\t<\/div>\n\t\t\t\t\t<\/div>\n\t\t\t\t<\/div>\n\t\t\t\t<\/div>","protected":false},"excerpt":{"rendered":"<p>Anasayfa &#8211; Imap Crystal \u00dcz\u00fcm Muhafazas\u0131 IMAP Crystal\u00ae\u00dcz\u00fcm Paketleri IMAP Crystal\u00aem\u00fc\u015fteri ihtiya\u00e7lar\u0131na odakl\u0131 \u00e7\u00f6z\u00fcm geli\u015ftirme sistemi ile \u00fcz\u00fcm muhafazas\u0131nda kar\u015f\u0131la\u015f\u0131lan sorunlar\u0131n \u00e7\u00f6z\u00fcm\u00fc i\u00e7in modifiye atmosfer paket geli\u015ftirilmi\u015ftir. IMAP Crystal\u00ae IMAP Crystal\u00ae\u00a0hasat edilen \u00fcz\u00fcmlerin pazara haz\u0131rl\u0131k ve nakliyesi s\u0131ras\u0131nda \u00fcr\u00fcn\u00fcn korunmas\u0131 amac\u0131 ile geli\u015ftirilmi\u015f bir pakettir. IMAP Crystal\u00ae\u00a0paketleri i\u00e7inde muhafaza edilen \u00fcz\u00fcmler so\u011fuk depolarda 3-4 haftal\u0131k [&hellip;]<\/p>","protected":false},"author":1,"featured_media":0,"parent":0,"menu_order":0,"comment_status":"closed","ping_status":"closed","template":"","meta":{"footnotes":""},"class_list":["post-9039","page","type-page","status-publish","hentry"],"yoast_head":"<!-- This site is optimized with the Yoast SEO plugin v24.5 - https:\/\/yoast.com\/wordpress\/plugins\/seo\/ -->\n<title>\u00dcz\u00fcm Muhafazas\u0131 - IMAP Crystal<\/title>\n<meta name=\"robots\" content=\"index, follow, max-snippet:-1, max-image-preview:large, max-video-preview:-1\" \/>\n<link rel=\"canonical\" href=\"https:\/\/www.imapcrystal.com\/en\/conservacion-de-la-uva\/\" \/>\n<meta property=\"og:locale\" content=\"en_US\" \/>\n<meta property=\"og:type\" content=\"article\" \/>\n<meta property=\"og:title\" content=\"\u00dcz\u00fcm Muhafazas\u0131 - IMAP Crystal\" \/>\n<meta property=\"og:description\" content=\"Anasayfa &#8211; Imap Crystal \u00dcz\u00fcm Muhafazas\u0131 IMAP Crystal\u00ae\u00dcz\u00fcm Paketleri IMAP Crystal\u00aem\u00fc\u015fteri ihtiya\u00e7lar\u0131na odakl\u0131 \u00e7\u00f6z\u00fcm geli\u015ftirme sistemi ile \u00fcz\u00fcm muhafazas\u0131nda kar\u015f\u0131la\u015f\u0131lan sorunlar\u0131n \u00e7\u00f6z\u00fcm\u00fc i\u00e7in modifiye atmosfer paket geli\u015ftirilmi\u015ftir. IMAP Crystal\u00ae IMAP Crystal\u00ae\u00a0hasat edilen \u00fcz\u00fcmlerin pazara haz\u0131rl\u0131k ve nakliyesi s\u0131ras\u0131nda \u00fcr\u00fcn\u00fcn korunmas\u0131 amac\u0131 ile geli\u015ftirilmi\u015f bir pakettir. IMAP Crystal\u00ae\u00a0paketleri i\u00e7inde muhafaza edilen \u00fcz\u00fcmler so\u011fuk depolarda 3-4 haftal\u0131k [&hellip;]\" \/>\n<meta property=\"og:url\" content=\"https:\/\/www.imapcrystal.com\/en\/conservacion-de-la-uva\/\" \/>\n<meta property=\"og:site_name\" content=\"IMAP Crystal\" \/>\n<meta property=\"article:modified_time\" content=\"2023-07-27T14:58:03+00:00\" \/>\n<meta property=\"og:image\" content=\"http:\/\/www.imapcrystal.com\/wp-content\/uploads\/2023\/07\/apzrlluknqgo4k4gk-1-1024x1024-1.png\" \/>\n<meta name=\"twitter:card\" content=\"summary_large_image\" \/>\n<meta name=\"twitter:label1\" content=\"Est. reading time\" \/>\n\t<meta name=\"twitter:data1\" content=\"2 minutes\" \/>\n<script type=\"application\/ld+json\" class=\"yoast-schema-graph\">{\"@context\":\"https:\/\/schema.org\",\"@graph\":[{\"@type\":\"WebPage\",\"@id\":\"https:\/\/www.imapcrystal.com\/es\/conservacion-de-la-uva\/\",\"url\":\"https:\/\/www.imapcrystal.com\/es\/conservacion-de-la-uva\/\",\"name\":\"\u00dcz\u00fcm Muhafazas\u0131 - IMAP Crystal\",\"isPartOf\":{\"@id\":\"https:\/\/www.imapcrystal.com\/en\/#website\"},\"primaryImageOfPage\":{\"@id\":\"https:\/\/www.imapcrystal.com\/es\/conservacion-de-la-uva\/#primaryimage\"},\"image\":{\"@id\":\"https:\/\/www.imapcrystal.com\/es\/conservacion-de-la-uva\/#primaryimage\"},\"thumbnailUrl\":\"http:\/\/www.imapcrystal.com\/wp-content\/uploads\/2023\/07\/apzrlluknqgo4k4gk-1-1024x1024-1.png\",\"datePublished\":\"2023-07-26T11:15:48+00:00\",\"dateModified\":\"2023-07-27T14:58:03+00:00\",\"breadcrumb\":{\"@id\":\"https:\/\/www.imapcrystal.com\/es\/conservacion-de-la-uva\/#breadcrumb\"},\"inLanguage\":\"en-US\",\"potentialAction\":[{\"@type\":\"ReadAction\",\"target\":[\"https:\/\/www.imapcrystal.com\/es\/conservacion-de-la-uva\/\"]}]},{\"@type\":\"ImageObject\",\"inLanguage\":\"en-US\",\"@id\":\"https:\/\/www.imapcrystal.com\/es\/conservacion-de-la-uva\/#primaryimage\",\"url\":\"http:\/\/www.imapcrystal.com\/wp-content\/uploads\/2023\/07\/apzrlluknqgo4k4gk-1-1024x1024-1.png\",\"contentUrl\":\"http:\/\/www.imapcrystal.com\/wp-content\/uploads\/2023\/07\/apzrlluknqgo4k4gk-1-1024x1024-1.png\"},{\"@type\":\"BreadcrumbList\",\"@id\":\"https:\/\/www.imapcrystal.com\/es\/conservacion-de-la-uva\/#breadcrumb\",\"itemListElement\":[{\"@type\":\"ListItem\",\"position\":1,\"name\":\"Anasayfa\",\"item\":\"https:\/\/www.imapcrystal.com\/en\/\"},{\"@type\":\"ListItem\",\"position\":2,\"name\":\"\u00dcz\u00fcm Muhafazas\u0131\"}]},{\"@type\":\"WebSite\",\"@id\":\"https:\/\/www.imapcrystal.com\/en\/#website\",\"url\":\"https:\/\/www.imapcrystal.com\/en\/\",\"name\":\"IMAP Crystal\",\"description\":\"D\u00fcnyan\u0131n En \u015eeffaf ve Parlak Modifiye Atmosfer Paketi (MAP)\",\"publisher\":{\"@id\":\"https:\/\/www.imapcrystal.com\/en\/#organization\"},\"alternateName\":\"Modifiye Atmosfer Torba\",\"potentialAction\":[{\"@type\":\"SearchAction\",\"target\":{\"@type\":\"EntryPoint\",\"urlTemplate\":\"https:\/\/www.imapcrystal.com\/en\/?s={search_term_string}\"},\"query-input\":{\"@type\":\"PropertyValueSpecification\",\"valueRequired\":true,\"valueName\":\"search_term_string\"}}],\"inLanguage\":\"en-US\"},{\"@type\":\"Organization\",\"@id\":\"https:\/\/www.imapcrystal.com\/en\/#organization\",\"name\":\"IMAP Crystal\",\"url\":\"https:\/\/www.imapcrystal.com\/en\/\",\"logo\":{\"@type\":\"ImageObject\",\"inLanguage\":\"en-US\",\"@id\":\"https:\/\/www.imapcrystal.com\/en\/#\/schema\/logo\/image\/\",\"url\":\"https:\/\/www.imapcrystal.com\/wp-content\/uploads\/2023\/08\/logo.svg\",\"contentUrl\":\"https:\/\/www.imapcrystal.com\/wp-content\/uploads\/2023\/08\/logo.svg\",\"width\":235,\"height\":68,\"caption\":\"IMAP Crystal\"},\"image\":{\"@id\":\"https:\/\/www.imapcrystal.com\/en\/#\/schema\/logo\/image\/\"},\"sameAs\":[\"https:\/\/www.instagram.com\/imapcrystal\"]}]}<\/script>\n<!-- \/ Yoast SEO plugin. -->","yoast_head_json":{"title":"\u00dcz\u00fcm Muhafazas\u0131 - IMAP Crystal","robots":{"index":"index","follow":"follow","max-snippet":"max-snippet:-1","max-image-preview":"max-image-preview:large","max-video-preview":"max-video-preview:-1"},"canonical":"https:\/\/www.imapcrystal.com\/en\/conservacion-de-la-uva\/","og_locale":"en_US","og_type":"article","og_title":"\u00dcz\u00fcm Muhafazas\u0131 - IMAP Crystal","og_description":"Anasayfa &#8211; Imap Crystal \u00dcz\u00fcm Muhafazas\u0131 IMAP Crystal\u00ae\u00dcz\u00fcm Paketleri IMAP Crystal\u00aem\u00fc\u015fteri ihtiya\u00e7lar\u0131na odakl\u0131 \u00e7\u00f6z\u00fcm geli\u015ftirme sistemi ile \u00fcz\u00fcm muhafazas\u0131nda kar\u015f\u0131la\u015f\u0131lan sorunlar\u0131n \u00e7\u00f6z\u00fcm\u00fc i\u00e7in modifiye atmosfer paket geli\u015ftirilmi\u015ftir. IMAP Crystal\u00ae IMAP Crystal\u00ae\u00a0hasat edilen \u00fcz\u00fcmlerin pazara haz\u0131rl\u0131k ve nakliyesi s\u0131ras\u0131nda \u00fcr\u00fcn\u00fcn korunmas\u0131 amac\u0131 ile geli\u015ftirilmi\u015f bir pakettir. IMAP Crystal\u00ae\u00a0paketleri i\u00e7inde muhafaza edilen \u00fcz\u00fcmler so\u011fuk depolarda 3-4 haftal\u0131k [&hellip;]","og_url":"https:\/\/www.imapcrystal.com\/en\/conservacion-de-la-uva\/","og_site_name":"IMAP Crystal","article_modified_time":"2023-07-27T14:58:03+00:00","og_image":[{"url":"http:\/\/www.imapcrystal.com\/wp-content\/uploads\/2023\/07\/apzrlluknqgo4k4gk-1-1024x1024-1.png","type":"","width":"","height":""}],"twitter_card":"summary_large_image","twitter_misc":{"Est. reading time":"2 minutes"},"schema":{"@context":"https:\/\/schema.org","@graph":[{"@type":"WebPage","@id":"https:\/\/www.imapcrystal.com\/es\/conservacion-de-la-uva\/","url":"https:\/\/www.imapcrystal.com\/es\/conservacion-de-la-uva\/","name":"\u00dcz\u00fcm Muhafazas\u0131 - IMAP Crystal","isPartOf":{"@id":"https:\/\/www.imapcrystal.com\/en\/#website"},"primaryImageOfPage":{"@id":"https:\/\/www.imapcrystal.com\/es\/conservacion-de-la-uva\/#primaryimage"},"image":{"@id":"https:\/\/www.imapcrystal.com\/es\/conservacion-de-la-uva\/#primaryimage"},"thumbnailUrl":"http:\/\/www.imapcrystal.com\/wp-content\/uploads\/2023\/07\/apzrlluknqgo4k4gk-1-1024x1024-1.png","datePublished":"2023-07-26T11:15:48+00:00","dateModified":"2023-07-27T14:58:03+00:00","breadcrumb":{"@id":"https:\/\/www.imapcrystal.com\/es\/conservacion-de-la-uva\/#breadcrumb"},"inLanguage":"en-US","potentialAction":[{"@type":"ReadAction","target":["https:\/\/www.imapcrystal.com\/es\/conservacion-de-la-uva\/"]}]},{"@type":"ImageObject","inLanguage":"en-US","@id":"https:\/\/www.imapcrystal.com\/es\/conservacion-de-la-uva\/#primaryimage","url":"http:\/\/www.imapcrystal.com\/wp-content\/uploads\/2023\/07\/apzrlluknqgo4k4gk-1-1024x1024-1.png","contentUrl":"http:\/\/www.imapcrystal.com\/wp-content\/uploads\/2023\/07\/apzrlluknqgo4k4gk-1-1024x1024-1.png"},{"@type":"BreadcrumbList","@id":"https:\/\/www.imapcrystal.com\/es\/conservacion-de-la-uva\/#breadcrumb","itemListElement":[{"@type":"ListItem","position":1,"name":"Anasayfa","item":"https:\/\/www.imapcrystal.com\/en\/"},{"@type":"ListItem","position":2,"name":"\u00dcz\u00fcm Muhafazas\u0131"}]},{"@type":"WebSite","@id":"https:\/\/www.imapcrystal.com\/en\/#website","url":"https:\/\/www.imapcrystal.com\/en\/","name":"IMAP Crystal","description":"D\u00fcnyan\u0131n En \u015eeffaf ve Parlak Modifiye Atmosfer Paketi (MAP)","publisher":{"@id":"https:\/\/www.imapcrystal.com\/en\/#organization"},"alternateName":"Modifiye Atmosfer Torba","potentialAction":[{"@type":"SearchAction","target":{"@type":"EntryPoint","urlTemplate":"https:\/\/www.imapcrystal.com\/en\/?s={search_term_string}"},"query-input":{"@type":"PropertyValueSpecification","valueRequired":true,"valueName":"search_term_string"}}],"inLanguage":"en-US"},{"@type":"Organization","@id":"https:\/\/www.imapcrystal.com\/en\/#organization","name":"IMAP Crystal","url":"https:\/\/www.imapcrystal.com\/en\/","logo":{"@type":"ImageObject","inLanguage":"en-US","@id":"https:\/\/www.imapcrystal.com\/en\/#\/schema\/logo\/image\/","url":"https:\/\/www.imapcrystal.com\/wp-content\/uploads\/2023\/08\/logo.svg","contentUrl":"https:\/\/www.imapcrystal.com\/wp-content\/uploads\/2023\/08\/logo.svg","width":235,"height":68,"caption":"IMAP Crystal"},"image":{"@id":"https:\/\/www.imapcrystal.com\/en\/#\/schema\/logo\/image\/"},"sameAs":["https:\/\/www.instagram.com\/imapcrystal"]}]}},"_links":{"self":[{"href":"http:\/\/www.imapcrystal.com\/en\/wp-json\/wp\/v2\/pages\/9039","targetHints":{"allow":["GET"]}}],"collection":[{"href":"http:\/\/www.imapcrystal.com\/en\/wp-json\/wp\/v2\/pages"}],"about":[{"href":"http:\/\/www.imapcrystal.com\/en\/wp-json\/wp\/v2\/types\/page"}],"author":[{"embeddable":true,"href":"http:\/\/www.imapcrystal.com\/en\/wp-json\/wp\/v2\/users\/1"}],"replies":[{"embeddable":true,"href":"http:\/\/www.imapcrystal.com\/en\/wp-json\/wp\/v2\/comments?post=9039"}],"version-history":[{"count":0,"href":"http:\/\/www.imapcrystal.com\/en\/wp-json\/wp\/v2\/pages\/9039\/revisions"}],"wp:attachment":[{"href":"http:\/\/www.imapcrystal.com\/en\/wp-json\/wp\/v2\/media?parent=9039"}],"curies":[{"name":"wp","href":"https:\/\/api.w.org\/{rel}","templated":true}]}}