{"id":8624,"date":"2023-07-21T13:07:25","date_gmt":"2023-07-21T13:07:25","guid":{"rendered":"https:\/\/www.imapcrystal.com\/?page_id=8624"},"modified":"2023-09-05T15:56:12","modified_gmt":"2023-09-05T12:56:12","slug":"salatalik-muhafazasi","status":"publish","type":"page","link":"http:\/\/www.imapcrystal.com\/en\/cucumber-case\/","title":{"rendered":"Cucumber Preservation"},"content":{"rendered":"<div data-elementor-type=\"wp-page\" data-elementor-id=\"8624\" class=\"elementor elementor-8624\">\n\t\t\t\t<div class=\"elementor-element elementor-element-262c074 e-flex e-con-boxed e-con e-parent\" data-id=\"262c074\" data-element_type=\"container\" data-settings=\"{&quot;background_background&quot;:&quot;classic&quot;}\">\n\t\t\t\t\t<div class=\"e-con-inner\">\n\t\t<div class=\"elementor-element elementor-element-74170eb e-con-full e-flex e-con e-child\" data-id=\"74170eb\" data-element_type=\"container\" data-settings=\"{&quot;background_background&quot;:&quot;classic&quot;}\">\n\t\t\t\t<div class=\"elementor-element elementor-element-59f5421 elementor-widget elementor-widget-hub_fancy_heading\" data-id=\"59f5421\" data-element_type=\"widget\" data-widget_type=\"hub_fancy_heading.default\">\n\t\t\t\t<div class=\"elementor-widget-container\">\n\t\t\t\t\t\n\t\t<div id=\"ld-fancy-heading-69e4f89897a4c\" class=\"ld-fancy-heading pos-rel\">\n\t\t\t\t\t<\/div>\n\n\t\t\t\t\t\t<\/div>\n\t\t\t\t<\/div>\n\t\t\t\t<div class=\"elementor-element elementor-element-b73fe53 elementor-widget elementor-widget-ld_breadcrumb\" data-id=\"b73fe53\" data-element_type=\"widget\" data-widget_type=\"ld_breadcrumb.default\">\n\t\t\t\t<div class=\"elementor-widget-container\">\n\t\t\t\t\t<div class=\"lqd-breadcrumb-wrapper\"><nav role=\"navigation\" aria-label=\"Breadcrumbs\" class=\"breadcrumbs\"><ol class=\"breadcrumb reset-ul inline-nav inline-ul comma-sep-li\"><li class=\"breadcrumb-item active\"><a href=\"http:\/\/www.imapcrystal.com\/en\" rel=\"home\"><span>Home<\/span><\/a><\/li><\/ol><\/nav><\/div>\t\t\t\t<\/div>\n\t\t\t\t<\/div>\n\t\t\t\t<\/div>\n\t\t\t\t\t<\/div>\n\t\t\t\t<\/div>\n\t\t<div data-custom-animations=\"true\" data-ca-options=\"{&quot;addChildTimelines&quot;:false,&quot;animationTarget&quot;:&quot;:scope .e-con-inner &gt; .elementor-element:not(.lqd-exclude-parent-ca) &gt; .elementor-widget-container, :scope .e-con-inner &gt; .elementor-widget-hub_fancy_heading .lqd-split-lines .lqd-lines .split-inner, :scope .e-con-inner &gt; .elementor-widget-hub_fancy_heading .lqd-split-words .lqd-words .split-inner, :scope .e-con-inner &gt; .elementor-widget-hub_fancy_heading .lqd-split-chars .lqd-chars .split-inner, :scope .e-con-inner &gt; .elementor-widget-hub_fancy_heading .lqd-adv-txt-fig, :scope .e-con-inner &gt; .elementor-widget-ld_custom_menu .lqd-fancy-menu &gt; ul &gt; li, :scope .e-con:not([data-parallax]) .e-con-inner &gt; .elementor-element &gt; .elementor-widget-container, :scope .e-con:not([data-parallax]) .e-con-inner &gt; .elementor-widget-hub_fancy_heading .lqd-split-lines .lqd-lines .split-inner, :scope .e-con:not([data-parallax]) .e-con-inner &gt; .elementor-widget-hub_fancy_heading .lqd-split-words .lqd-words .split-inner, :scope .e-con:not([data-parallax]) .e-con-inner &gt; .elementor-widget-hub_fancy_heading .lqd-split-chars .lqd-chars .split-inner, :scope .e-con:not([data-parallax]) .e-con-inner &gt; .elementor-widget-ld_custom_menu .lqd-fancy-menu &gt; ul &gt; li&quot;,&quot;ease&quot;:[&quot;power4.out&quot;],&quot;initValues&quot;:{&quot;y&quot;:&quot;45px&quot;,&quot;scaleX&quot;:1.2,&quot;scaleY&quot;:1.2,&quot;opacity&quot;:0},&quot;animations&quot;:{&quot;y&quot;:&quot;0px&quot;,&quot;scaleX&quot;:1,&quot;scaleY&quot;:1,&quot;opacity&quot;:1}}\" class=\"elementor-element elementor-element-c635fef e-flex e-con-boxed e-con e-parent\" data-id=\"c635fef\" data-element_type=\"container\" data-settings=\"{&quot;background_background&quot;:&quot;classic&quot;}\">\n\t\t\t\t\t<div class=\"e-con-inner\">\n\t\t<div class=\"elementor-element elementor-element-93faf93 e-con-full e-flex e-con e-child\" data-id=\"93faf93\" data-element_type=\"container\">\n\t\t<div class=\"elementor-element elementor-element-cc1c8f3 e-flex e-con-boxed e-con e-child\" data-id=\"cc1c8f3\" data-element_type=\"container\">\n\t\t\t\t\t<div class=\"e-con-inner\">\n\t\t<div class=\"elementor-element elementor-element-097f80a e-flex e-con-boxed e-con e-child\" data-id=\"097f80a\" data-element_type=\"container\">\n\t\t\t\t\t<div class=\"e-con-inner\">\n\t\t\t\t<div class=\"elementor-element elementor-element-5b65ad3 elementor-widget elementor-widget-hub_fancy_heading\" data-id=\"5b65ad3\" data-element_type=\"widget\" data-widget_type=\"hub_fancy_heading.default\">\n\t\t\t\t<div class=\"elementor-widget-container\">\n\t\t\t\t\t\n\t\t<div id=\"ld-fancy-heading-69e4f8989a830\" class=\"ld-fancy-heading pos-rel\">\n\t\t\t<p class=\"ld-fh-element d-inline-block pos-rel  lqd-highlight-classic lqd-highlight-grow-left p\"  > - Imap Crystal<\/p>\t\t<\/div>\n\n\t\t\t\t\t\t<\/div>\n\t\t\t\t<\/div>\n\t\t\t\t<div class=\"elementor-element elementor-element-2392cae elementor-widget elementor-widget-hub_fancy_heading\" data-id=\"2392cae\" data-element_type=\"widget\" data-widget_type=\"hub_fancy_heading.default\">\n\t\t\t\t<div class=\"elementor-widget-container\">\n\t\t\t\t\t\n\t\t<div id=\"ld-fancy-heading-69e4f8989b116\" class=\"ld-fancy-heading pos-rel\">\n\t\t\t<h3 class=\"ld-fh-element d-inline-block pos-rel  elementor-heading-title ld-gradient-heading lqd-highlight-classic lqd-highlight-grow-left h3\"  > Cucumber Preservation<\/h3>\t\t<\/div>\n\n\t\t\t\t\t\t<\/div>\n\t\t\t\t<\/div>\n\t\t\t\t<div class=\"elementor-element elementor-element-b601a79 elementor-widget elementor-widget-text-editor\" data-id=\"b601a79\" data-element_type=\"widget\" data-widget_type=\"text-editor.default\">\n\t\t\t\t<div class=\"elementor-widget-container\">\n\t\t\t\t\t\t\t\t\t<h5 class=\"wp-block-heading\">IMAP CRYSTAL CUCUMBER PACKS<\/h5><ul><li>With the IMAP Crystal solution development system focused on customer needs, IMAP Crystal series modified atmosphere packages have been developed to solve the problems encountered in cucumber exports.<\/li><li>Even without pre-cooling, cucumbers stored in IMAP Crystal packages can be kept in cold storage for 2 weeks in a very healthy way.<\/li><li>IMAP Crystal is a package developed to protect the harvested cucumbers during preparation and transportation to the market.<\/li><\/ul>\t\t\t\t\t\t\t\t<\/div>\n\t\t\t\t<\/div>\n\t\t\t\t\t<\/div>\n\t\t\t\t<\/div>\n\t\t<div class=\"lqd-css-sticky elementor-element elementor-element-50e4078 e-flex e-con-boxed e-con e-child\" style=\"top: auto; top: 120px;\" data-id=\"50e4078\" data-element_type=\"container\">\n\t\t\t\t\t<div class=\"e-con-inner\">\n\t\t\t\t<div class=\"elementor-element elementor-element-0c1e13d elementor-widget__width-initial elementor-widget elementor-widget-ld_fancy_image\" data-id=\"0c1e13d\" data-element_type=\"widget\" data-widget_type=\"ld_fancy_image.default\">\n\t\t\t\t<div class=\"elementor-widget-container\">\n\t\t\t\t\t\n\t\t<div class=\"lqd-imggrp-single d-block pos-rel perspective\" data-hover3d=\"true\">\n\t\t\t<div class=\"lqd-imggrp-img-container d-inline-flex pos-rel align-items-center justify-content-center transform-style-3d\">\n\t\t\t\t\t\t\t\t<figure class=\"w-100 pos-rel\" data-stacking-factor=\"1\">\n\t\t\t\t\t<img fetchpriority=\"high\" decoding=\"async\" width=\"1024\" height=\"1024\" src=\"http:\/\/www.imapcrystal.com\/wp-content\/uploads\/2023\/07\/snvmbu5cnk0w88gwo0-1-1024x1024-2.png\" class=\"attachment-full size-full wp-image-9183\" alt=\"\" srcset=\"http:\/\/www.imapcrystal.com\/wp-content\/uploads\/2023\/07\/snvmbu5cnk0w88gwo0-1-1024x1024-2.png 1024w, http:\/\/www.imapcrystal.com\/wp-content\/uploads\/2023\/07\/snvmbu5cnk0w88gwo0-1-1024x1024-2-300x300.png 300w, http:\/\/www.imapcrystal.com\/wp-content\/uploads\/2023\/07\/snvmbu5cnk0w88gwo0-1-1024x1024-2-150x150.png 150w, http:\/\/www.imapcrystal.com\/wp-content\/uploads\/2023\/07\/snvmbu5cnk0w88gwo0-1-1024x1024-2-320x320.png 320w, http:\/\/www.imapcrystal.com\/wp-content\/uploads\/2023\/07\/snvmbu5cnk0w88gwo0-1-1024x1024-2-760x760.png 760w, http:\/\/www.imapcrystal.com\/wp-content\/uploads\/2023\/07\/snvmbu5cnk0w88gwo0-1-1024x1024-2-12x12.png 12w\" sizes=\"(max-width: 1024px) 100vw, 1024px\" itemprop=\"image\" \/>\t\t\t\t\t\t\t\t\t\t\t\t\t\t\t\t\t\t\t\t\t\t\t\t\t\t\t\t\t<\/figure>\n\t\t\t<\/div>\n\t\t<\/div>\n\n\t\t\t\t\t<\/div>\n\t\t\t\t<\/div>\n\t\t\t\t\t<\/div>\n\t\t\t\t<\/div>\n\t\t\t\t\t<\/div>\n\t\t\t\t<\/div>\n\t\t<div class=\"elementor-element elementor-element-0b5cd0a e-flex e-con-boxed e-con e-child\" data-id=\"0b5cd0a\" data-element_type=\"container\">\n\t\t\t\t\t<div class=\"e-con-inner\">\n\t\t<div class=\"elementor-element elementor-element-55a406a e-flex e-con-boxed e-con e-child\" data-id=\"55a406a\" data-element_type=\"container\">\n\t\t\t\t\t<div class=\"e-con-inner\">\n\t\t\t\t<div class=\"elementor-element elementor-element-8e94cda elementor-widget elementor-widget-text-editor\" data-id=\"8e94cda\" data-element_type=\"widget\" data-widget_type=\"text-editor.default\">\n\t\t\t\t<div class=\"elementor-widget-container\">\n\t\t\t\t\t\t\t\t\t<h5 class=\"wp-block-heading\">WHY DO YOU NEED IMAP CRYSTAL?<\/h5><p>Cucumber exporters are often unable to pre-cool cucumbers due to market conditions. Cucumbers packaged without pre-cooling deteriorate until they reach the destination country. IMAP Crystal series has been developed to eliminate these problems.<\/p><h5 class=\"wp-block-heading\">WHAT DOES IMAP CRYSTAL BRING?<\/h5><ul><li>IMAP Crystal provides effective moisture control in packages even when you cannot pre-cool. Packages are visibly sweat-free after 48 hours.<\/li><li>Cucumbers stored in IMAP Crystal packages do not show any rotting problems.<\/li><li>Cucumbers stored in IMAP Crystal packs show no yellowing or signs of aging.<\/li><li>Weight loss is minimal for cucumbers stored in IMAP Crystal packs.<\/li><\/ul><h5 class=\"wp-block-heading\">IMAP CRYSTAL MECHANISM OF ACTION<\/h5><p>IMAP Crystal protects cucumber using 3 different mechanisms of action simultaneously.<\/p><ol><li>It prevents yellowing and aging of the product by balancing the oxygen (O2) and carbon dioxide (CO2) concentration in the package at the appropriate value level.<\/li><li>Optimizes the humidity in the package and prevents the product from rotting.<\/li><li>With its antimicrobial properties, it protects the product by preventing microorganisms that cause decay.<\/li><\/ol>\t\t\t\t\t\t\t\t<\/div>\n\t\t\t\t<\/div>\n\t\t\t\t\t<\/div>\n\t\t\t\t<\/div>\n\t\t\t\t\t<\/div>\n\t\t\t\t<\/div>\n\t\t\t\t<\/div>\n\t\t\t\t\t<\/div>\n\t\t\t\t<\/div>\n\t\t\t\t<\/div>","protected":false},"excerpt":{"rendered":"<p>Anasayfa &#8211; Imap Crystal Salatal\u0131k Muhafazas\u0131 IMAP CRYSTAL SALATALIK PAKETLER\u0130 IMAP Crystal m\u00fc\u015fteri ihtiya\u00e7lar\u0131na odakl\u0131 \u00e7\u00f6z\u00fcm geli\u015ftirme sistemi ilesalatal\u0131k ihracat\u0131nda kar\u015f\u0131la\u015f\u0131lan sorunlar\u0131n \u00e7\u00f6z\u00fcm\u00fc i\u00e7in IMAP Crystal\u00a0serisi modifiye atmosfer paketleri geli\u015ftirilmi\u015ftir. IMAP Crystal paketleri i\u00e7inde muhafaza edilen salatal\u0131k, \u00f6n so\u011futma yap\u0131lmasa dahi so\u011fuk depolarda 2 haftal\u0131k s\u00fcre\u00e7te son derece sa\u011fl\u0131kl\u0131 bir \u015fekilde muhafaza edilebilmektedir. IMAP Crystal [&hellip;]<\/p>","protected":false},"author":1,"featured_media":0,"parent":0,"menu_order":0,"comment_status":"closed","ping_status":"closed","template":"","meta":{"footnotes":""},"class_list":["post-8624","page","type-page","status-publish","hentry"],"yoast_head":"<!-- This site is optimized with the Yoast SEO plugin v24.5 - https:\/\/yoast.com\/wordpress\/plugins\/seo\/ -->\n<title>Salatal\u0131k Muhafazas\u0131 - IMAP Crystal<\/title>\n<meta name=\"robots\" content=\"index, follow, max-snippet:-1, max-image-preview:large, max-video-preview:-1\" \/>\n<link rel=\"canonical\" href=\"https:\/\/www.imapcrystal.com\/en\/pepino-caso\/\" \/>\n<meta property=\"og:locale\" content=\"en_US\" \/>\n<meta property=\"og:type\" content=\"article\" \/>\n<meta property=\"og:title\" content=\"Salatal\u0131k Muhafazas\u0131 - IMAP Crystal\" \/>\n<meta property=\"og:description\" content=\"Anasayfa &#8211; Imap Crystal Salatal\u0131k Muhafazas\u0131 IMAP CRYSTAL SALATALIK PAKETLER\u0130 IMAP Crystal m\u00fc\u015fteri ihtiya\u00e7lar\u0131na odakl\u0131 \u00e7\u00f6z\u00fcm geli\u015ftirme sistemi ilesalatal\u0131k ihracat\u0131nda kar\u015f\u0131la\u015f\u0131lan sorunlar\u0131n \u00e7\u00f6z\u00fcm\u00fc i\u00e7in IMAP Crystal\u00a0serisi modifiye atmosfer paketleri geli\u015ftirilmi\u015ftir. IMAP Crystal paketleri i\u00e7inde muhafaza edilen salatal\u0131k, \u00f6n so\u011futma yap\u0131lmasa dahi so\u011fuk depolarda 2 haftal\u0131k s\u00fcre\u00e7te son derece sa\u011fl\u0131kl\u0131 bir \u015fekilde muhafaza edilebilmektedir. IMAP Crystal [&hellip;]\" \/>\n<meta property=\"og:url\" content=\"https:\/\/www.imapcrystal.com\/en\/pepino-caso\/\" \/>\n<meta property=\"og:site_name\" content=\"IMAP Crystal\" \/>\n<meta property=\"article:modified_time\" content=\"2023-09-05T12:56:12+00:00\" \/>\n<meta property=\"og:image\" content=\"http:\/\/www.imapcrystal.com\/wp-content\/uploads\/2023\/07\/snvmbu5cnk0w88gwo0-1-1024x1024-2.png\" \/>\n<meta name=\"twitter:card\" content=\"summary_large_image\" \/>\n<meta name=\"twitter:label1\" content=\"Est. reading time\" \/>\n\t<meta name=\"twitter:data1\" content=\"2 minutes\" \/>\n<script type=\"application\/ld+json\" class=\"yoast-schema-graph\">{\"@context\":\"https:\/\/schema.org\",\"@graph\":[{\"@type\":\"WebPage\",\"@id\":\"https:\/\/www.imapcrystal.com\/es\/pepino-caso\/\",\"url\":\"https:\/\/www.imapcrystal.com\/es\/pepino-caso\/\",\"name\":\"Salatal\u0131k Muhafazas\u0131 - IMAP Crystal\",\"isPartOf\":{\"@id\":\"https:\/\/www.imapcrystal.com\/#website\"},\"primaryImageOfPage\":{\"@id\":\"https:\/\/www.imapcrystal.com\/es\/pepino-caso\/#primaryimage\"},\"image\":{\"@id\":\"https:\/\/www.imapcrystal.com\/es\/pepino-caso\/#primaryimage\"},\"thumbnailUrl\":\"http:\/\/www.imapcrystal.com\/wp-content\/uploads\/2023\/07\/snvmbu5cnk0w88gwo0-1-1024x1024-2.png\",\"datePublished\":\"2023-07-21T13:07:25+00:00\",\"dateModified\":\"2023-09-05T12:56:12+00:00\",\"breadcrumb\":{\"@id\":\"https:\/\/www.imapcrystal.com\/es\/pepino-caso\/#breadcrumb\"},\"inLanguage\":\"en-US\",\"potentialAction\":[{\"@type\":\"ReadAction\",\"target\":[\"https:\/\/www.imapcrystal.com\/es\/pepino-caso\/\"]}]},{\"@type\":\"ImageObject\",\"inLanguage\":\"en-US\",\"@id\":\"https:\/\/www.imapcrystal.com\/es\/pepino-caso\/#primaryimage\",\"url\":\"http:\/\/www.imapcrystal.com\/wp-content\/uploads\/2023\/07\/snvmbu5cnk0w88gwo0-1-1024x1024-2.png\",\"contentUrl\":\"http:\/\/www.imapcrystal.com\/wp-content\/uploads\/2023\/07\/snvmbu5cnk0w88gwo0-1-1024x1024-2.png\"},{\"@type\":\"BreadcrumbList\",\"@id\":\"https:\/\/www.imapcrystal.com\/es\/pepino-caso\/#breadcrumb\",\"itemListElement\":[{\"@type\":\"ListItem\",\"position\":1,\"name\":\"Anasayfa\",\"item\":\"https:\/\/www.imapcrystal.com\/\"},{\"@type\":\"ListItem\",\"position\":2,\"name\":\"Salatal\u0131k Muhafazas\u0131\"}]},{\"@type\":\"WebSite\",\"@id\":\"https:\/\/www.imapcrystal.com\/#website\",\"url\":\"https:\/\/www.imapcrystal.com\/\",\"name\":\"IMAP Crystal\",\"description\":\"D\u00fcnyan\u0131n En \u015eeffaf ve Parlak Modifiye Atmosfer Paketi (MAP)\",\"publisher\":{\"@id\":\"https:\/\/www.imapcrystal.com\/#organization\"},\"alternateName\":\"Modifiye Atmosfer Torba\",\"potentialAction\":[{\"@type\":\"SearchAction\",\"target\":{\"@type\":\"EntryPoint\",\"urlTemplate\":\"https:\/\/www.imapcrystal.com\/?s={search_term_string}\"},\"query-input\":{\"@type\":\"PropertyValueSpecification\",\"valueRequired\":true,\"valueName\":\"search_term_string\"}}],\"inLanguage\":\"en-US\"},{\"@type\":\"Organization\",\"@id\":\"https:\/\/www.imapcrystal.com\/#organization\",\"name\":\"IMAP Crystal\",\"url\":\"https:\/\/www.imapcrystal.com\/\",\"logo\":{\"@type\":\"ImageObject\",\"inLanguage\":\"en-US\",\"@id\":\"https:\/\/www.imapcrystal.com\/#\/schema\/logo\/image\/\",\"url\":\"https:\/\/www.imapcrystal.com\/wp-content\/uploads\/2023\/08\/logo.svg\",\"contentUrl\":\"https:\/\/www.imapcrystal.com\/wp-content\/uploads\/2023\/08\/logo.svg\",\"width\":235,\"height\":68,\"caption\":\"IMAP Crystal\"},\"image\":{\"@id\":\"https:\/\/www.imapcrystal.com\/#\/schema\/logo\/image\/\"},\"sameAs\":[\"https:\/\/www.instagram.com\/imapcrystal\"]}]}<\/script>\n<!-- \/ Yoast SEO plugin. -->","yoast_head_json":{"title":"Salatal\u0131k Muhafazas\u0131 - IMAP Crystal","robots":{"index":"index","follow":"follow","max-snippet":"max-snippet:-1","max-image-preview":"max-image-preview:large","max-video-preview":"max-video-preview:-1"},"canonical":"https:\/\/www.imapcrystal.com\/en\/pepino-caso\/","og_locale":"en_US","og_type":"article","og_title":"Salatal\u0131k Muhafazas\u0131 - IMAP Crystal","og_description":"Anasayfa &#8211; Imap Crystal Salatal\u0131k Muhafazas\u0131 IMAP CRYSTAL SALATALIK PAKETLER\u0130 IMAP Crystal m\u00fc\u015fteri ihtiya\u00e7lar\u0131na odakl\u0131 \u00e7\u00f6z\u00fcm geli\u015ftirme sistemi ilesalatal\u0131k ihracat\u0131nda kar\u015f\u0131la\u015f\u0131lan sorunlar\u0131n \u00e7\u00f6z\u00fcm\u00fc i\u00e7in IMAP Crystal\u00a0serisi modifiye atmosfer paketleri geli\u015ftirilmi\u015ftir. IMAP Crystal paketleri i\u00e7inde muhafaza edilen salatal\u0131k, \u00f6n so\u011futma yap\u0131lmasa dahi so\u011fuk depolarda 2 haftal\u0131k s\u00fcre\u00e7te son derece sa\u011fl\u0131kl\u0131 bir \u015fekilde muhafaza edilebilmektedir. IMAP Crystal [&hellip;]","og_url":"https:\/\/www.imapcrystal.com\/en\/pepino-caso\/","og_site_name":"IMAP Crystal","article_modified_time":"2023-09-05T12:56:12+00:00","og_image":[{"url":"http:\/\/www.imapcrystal.com\/wp-content\/uploads\/2023\/07\/snvmbu5cnk0w88gwo0-1-1024x1024-2.png","type":"","width":"","height":""}],"twitter_card":"summary_large_image","twitter_misc":{"Est. reading time":"2 minutes"},"schema":{"@context":"https:\/\/schema.org","@graph":[{"@type":"WebPage","@id":"https:\/\/www.imapcrystal.com\/es\/pepino-caso\/","url":"https:\/\/www.imapcrystal.com\/es\/pepino-caso\/","name":"Salatal\u0131k Muhafazas\u0131 - IMAP Crystal","isPartOf":{"@id":"https:\/\/www.imapcrystal.com\/#website"},"primaryImageOfPage":{"@id":"https:\/\/www.imapcrystal.com\/es\/pepino-caso\/#primaryimage"},"image":{"@id":"https:\/\/www.imapcrystal.com\/es\/pepino-caso\/#primaryimage"},"thumbnailUrl":"http:\/\/www.imapcrystal.com\/wp-content\/uploads\/2023\/07\/snvmbu5cnk0w88gwo0-1-1024x1024-2.png","datePublished":"2023-07-21T13:07:25+00:00","dateModified":"2023-09-05T12:56:12+00:00","breadcrumb":{"@id":"https:\/\/www.imapcrystal.com\/es\/pepino-caso\/#breadcrumb"},"inLanguage":"en-US","potentialAction":[{"@type":"ReadAction","target":["https:\/\/www.imapcrystal.com\/es\/pepino-caso\/"]}]},{"@type":"ImageObject","inLanguage":"en-US","@id":"https:\/\/www.imapcrystal.com\/es\/pepino-caso\/#primaryimage","url":"http:\/\/www.imapcrystal.com\/wp-content\/uploads\/2023\/07\/snvmbu5cnk0w88gwo0-1-1024x1024-2.png","contentUrl":"http:\/\/www.imapcrystal.com\/wp-content\/uploads\/2023\/07\/snvmbu5cnk0w88gwo0-1-1024x1024-2.png"},{"@type":"BreadcrumbList","@id":"https:\/\/www.imapcrystal.com\/es\/pepino-caso\/#breadcrumb","itemListElement":[{"@type":"ListItem","position":1,"name":"Anasayfa","item":"https:\/\/www.imapcrystal.com\/"},{"@type":"ListItem","position":2,"name":"Salatal\u0131k Muhafazas\u0131"}]},{"@type":"WebSite","@id":"https:\/\/www.imapcrystal.com\/#website","url":"https:\/\/www.imapcrystal.com\/","name":"IMAP Crystal","description":"D\u00fcnyan\u0131n En \u015eeffaf ve Parlak Modifiye Atmosfer Paketi (MAP)","publisher":{"@id":"https:\/\/www.imapcrystal.com\/#organization"},"alternateName":"Modifiye Atmosfer Torba","potentialAction":[{"@type":"SearchAction","target":{"@type":"EntryPoint","urlTemplate":"https:\/\/www.imapcrystal.com\/?s={search_term_string}"},"query-input":{"@type":"PropertyValueSpecification","valueRequired":true,"valueName":"search_term_string"}}],"inLanguage":"en-US"},{"@type":"Organization","@id":"https:\/\/www.imapcrystal.com\/#organization","name":"IMAP Crystal","url":"https:\/\/www.imapcrystal.com\/","logo":{"@type":"ImageObject","inLanguage":"en-US","@id":"https:\/\/www.imapcrystal.com\/#\/schema\/logo\/image\/","url":"https:\/\/www.imapcrystal.com\/wp-content\/uploads\/2023\/08\/logo.svg","contentUrl":"https:\/\/www.imapcrystal.com\/wp-content\/uploads\/2023\/08\/logo.svg","width":235,"height":68,"caption":"IMAP Crystal"},"image":{"@id":"https:\/\/www.imapcrystal.com\/#\/schema\/logo\/image\/"},"sameAs":["https:\/\/www.instagram.com\/imapcrystal"]}]}},"_links":{"self":[{"href":"http:\/\/www.imapcrystal.com\/en\/wp-json\/wp\/v2\/pages\/8624","targetHints":{"allow":["GET"]}}],"collection":[{"href":"http:\/\/www.imapcrystal.com\/en\/wp-json\/wp\/v2\/pages"}],"about":[{"href":"http:\/\/www.imapcrystal.com\/en\/wp-json\/wp\/v2\/types\/page"}],"author":[{"embeddable":true,"href":"http:\/\/www.imapcrystal.com\/en\/wp-json\/wp\/v2\/users\/1"}],"replies":[{"embeddable":true,"href":"http:\/\/www.imapcrystal.com\/en\/wp-json\/wp\/v2\/comments?post=8624"}],"version-history":[{"count":6,"href":"http:\/\/www.imapcrystal.com\/en\/wp-json\/wp\/v2\/pages\/8624\/revisions"}],"predecessor-version":[{"id":9389,"href":"http:\/\/www.imapcrystal.com\/en\/wp-json\/wp\/v2\/pages\/8624\/revisions\/9389"}],"wp:attachment":[{"href":"http:\/\/www.imapcrystal.com\/en\/wp-json\/wp\/v2\/media?parent=8624"}],"curies":[{"name":"wp","href":"https:\/\/api.w.org\/{rel}","templated":true}]}}